{"id":3343,"date":"2024-06-21T13:24:28","date_gmt":"2024-06-21T20:24:28","guid":{"rendered":"https:\/\/iesuccess.org\/?page_id=3343"},"modified":"2024-06-27T14:31:16","modified_gmt":"2024-06-27T21:31:16","slug":"despues-completar-cadaa","status":"publish","type":"page","link":"https:\/\/iesuccess.org\/es\/recursos\/recursos-financieros\/cadaa\/despues-completar-cadaa\/","title":{"rendered":"Despu\u00e9s de completar el CADAA"},"content":{"rendered":"<style>.kb-row-layout-id3342_2381d9-1f > .kt-row-column-wrap{align-content:center;}:where(.kb-row-layout-id3342_2381d9-1f > .kt-row-column-wrap) > .wp-block-kadence-column{justify-content:center;}.kb-row-layout-id3342_2381d9-1f > .kt-row-column-wrap{column-gap:var(--global-kb-gap-md, 2rem);row-gap:var(--global-kb-gap-md, 2rem);max-width:var( --global-content-width, 1290px );padding-left:var(--global-content-edge-padding);padding-right:var(--global-content-edge-padding);padding-top:24px;padding-bottom:24px;grid-template-columns:minmax(0, calc(60% - ((var(--global-kb-gap-md, 2rem) * 1 )\/2)))minmax(0, calc(40% - ((var(--global-kb-gap-md, 2rem) * 1 )\/2)));}.kb-row-layout-id3342_2381d9-1f{background-image:url('https:\/\/iesuccess.org\/wp-content\/uploads\/2024\/06\/gia-iesuccess-after-completing-cadaa-scaled.jpg');background-size:cover;background-position:65% 28.000000000000004%;background-attachment:scroll;background-repeat:no-repeat;}.kb-row-layout-id3342_2381d9-1f > .kt-row-layout-overlay{opacity:0.30;}.kb-row-layout-id3342_2381d9-1f ,.kb-row-layout-id3342_2381d9-1f h1,.kb-row-layout-id3342_2381d9-1f h2,.kb-row-layout-id3342_2381d9-1f h3,.kb-row-layout-id3342_2381d9-1f h4,.kb-row-layout-id3342_2381d9-1f h5,.kb-row-layout-id3342_2381d9-1f h6{color:var(--global-palette9, #ffffff);}@media all and (max-width: 1024px){.kb-row-layout-id3342_2381d9-1f > .kt-row-column-wrap{grid-template-columns:repeat(2, minmax(0, 1fr));}}@media all and (max-width: 767px){.kb-row-layout-id3342_2381d9-1f > .kt-row-column-wrap{grid-template-columns:minmax(0, 1fr);}.kb-row-layout-wrap.wp-block-kadence-rowlayout.kb-row-layout-id3342_2381d9-1f{background-image:url('https:\/\/iesuccess.org\/wp-content\/uploads\/2024\/06\/gia-iesuccess-after-completing-cadaa-mobile.jpg');background-size:cover;background-position:48% 19%;background-attachment:scroll;background-repeat:no-repeat;}}<\/style><div class=\"kb-row-layout-wrap kb-row-layout-id3342_2381d9-1f alignnone kt-row-has-bg hero hero-angle wp-block-kadence-rowlayout\"><div class=\"kt-row-column-wrap kt-has-2-columns kt-row-layout-equal kt-tab-layout-inherit kt-mobile-layout-row kt-row-valign-middle kb-theme-content-width\">\n<style>.kadence-column3342_14482f-b4 > .kt-inside-inner-col,.kadence-column3342_14482f-b4 > .kt-inside-inner-col:before{border-top-left-radius:0px;border-top-right-radius:0px;border-bottom-right-radius:0px;border-bottom-left-radius:0px;}.kadence-column3342_14482f-b4 > .kt-inside-inner-col{column-gap:var(--global-kb-gap-sm, 1rem);}.kadence-column3342_14482f-b4 > .kt-inside-inner-col{flex-direction:column;}.kadence-column3342_14482f-b4 > .kt-inside-inner-col > .aligncenter{width:100%;}.kadence-column3342_14482f-b4 > .kt-inside-inner-col:before{opacity:0.3;}.kadence-column3342_14482f-b4{position:relative;}@media all and (max-width: 1024px){.kadence-column3342_14482f-b4 > .kt-inside-inner-col{flex-direction:column;justify-content:center;}}@media all and (max-width: 767px){.kadence-column3342_14482f-b4 > .kt-inside-inner-col{flex-direction:column;justify-content:center;}}<\/style>\n<div class=\"wp-block-kadence-column kadence-column3342_14482f-b4 hero-content\"><div class=\"kt-inside-inner-col\">\n<h1 class=\"wp-block-heading title-decoration heading-underline green\"><em>Despu\u00e9s de completar el CADAA<\/em><\/h1>\n\n\n\n<p style=\"width:250px;\"> <\/p>\n<\/div><\/div>\n\n\n<style>.kadence-column3342_c5c1ae-83 > .kt-inside-inner-col,.kadence-column3342_c5c1ae-83 > .kt-inside-inner-col:before{border-top-left-radius:0px;border-top-right-radius:0px;border-bottom-right-radius:0px;border-bottom-left-radius:0px;}.kadence-column3342_c5c1ae-83 > .kt-inside-inner-col{column-gap:var(--global-kb-gap-sm, 1rem);}.kadence-column3342_c5c1ae-83 > .kt-inside-inner-col{flex-direction:column;}.kadence-column3342_c5c1ae-83 > .kt-inside-inner-col > .aligncenter{width:100%;}.kadence-column3342_c5c1ae-83 > .kt-inside-inner-col:before{opacity:0.3;}.kadence-column3342_c5c1ae-83{position:relative;}@media all and (max-width: 1024px){.kadence-column3342_c5c1ae-83 > .kt-inside-inner-col{flex-direction:column;justify-content:center;}}@media all and (max-width: 767px){.kadence-column3342_c5c1ae-83 > .kt-inside-inner-col{flex-direction:column;justify-content:center;}}<\/style>\n<div class=\"wp-block-kadence-column kadence-column3342_c5c1ae-83\"><div class=\"kt-inside-inner-col\"><\/div><\/div>\n\n<\/div><\/div><style>.kb-row-layout-id3342_dd2f04-fe > .kt-row-column-wrap{align-content:start;}:where(.kb-row-layout-id3342_dd2f04-fe > .kt-row-column-wrap) > .wp-block-kadence-column{justify-content:start;}.kb-row-layout-id3342_dd2f04-fe > .kt-row-column-wrap{column-gap:var(--global-kb-gap-md, 2rem);row-gap:var(--global-kb-gap-md, 2rem);max-width:var( --global-content-width, 1290px );padding-left:var(--global-content-edge-padding);padding-right:var(--global-content-edge-padding);padding-top:110px;padding-bottom:150px;grid-template-columns:minmax(0, 1fr) minmax(0, 2fr);}.kb-row-layout-id3342_dd2f04-fe > .kt-row-layout-overlay{opacity:0.30;}@media all and (max-width: 1024px){.kb-row-layout-id3342_dd2f04-fe > .kt-row-column-wrap{grid-template-columns:minmax(0, 1fr) minmax(0, 2fr);}}@media all and (max-width: 767px){.kb-row-layout-id3342_dd2f04-fe > .kt-row-column-wrap{grid-template-columns:minmax(0, 1fr);}}<\/style><div class=\"kb-row-layout-wrap kb-row-layout-id3342_dd2f04-fe alignnone wp-block-kadence-rowlayout\"><div class=\"kt-row-column-wrap kt-has-2-columns kt-row-layout-right-golden kt-tab-layout-inherit kt-mobile-layout-row kt-row-valign-top kb-theme-content-width\">\n<style>.kadence-column3342_310ed5-03 > .kt-inside-inner-col{display:flex;}#wrapper.site{overflow:clip;}.kadence-column3342_310ed5-03 > .kt-inside-inner-col,.kadence-column3342_310ed5-03 > .kt-inside-inner-col:before{border-top-left-radius:0px;border-top-right-radius:0px;border-bottom-right-radius:0px;border-bottom-left-radius:0px;}.kadence-column3342_310ed5-03 > .kt-inside-inner-col{row-gap:var(--global-kb-gap-none, 0rem );column-gap:var(--global-kb-gap-sm, 1rem);}.kadence-column3342_310ed5-03 > .kt-inside-inner-col{flex-direction:column;}.kadence-column3342_310ed5-03 > .kt-inside-inner-col > .aligncenter{width:100%;}.kadence-column3342_310ed5-03 > .kt-inside-inner-col:before{opacity:0.3;}.kadence-column3342_310ed5-03{position:relative;}@media all and (max-width: 1024px){.kadence-column3342_310ed5-03 > .kt-inside-inner-col{flex-direction:column;justify-content:center;}}@media all and (max-width: 767px){.kadence-column3342_310ed5-03 > .kt-inside-inner-col{flex-direction:column;justify-content:center;}}<\/style>\n<div class=\"wp-block-kadence-column kadence-column3342_310ed5-03 kb-section-is-sticky sticky-sidebar-wrapper\"><div class=\"kt-inside-inner-col\">\n<p><strong>C\u00f3mo garantizar su elegibilidad para las becas Cal: Verificaci\u00f3n del GPA simplificada<\/strong><\/p>\n\n\n\n<p><a href=\"#section-1a\"><\/a><a href=\"#section-1a\">\u00bfQu\u00e9 es la verificaci\u00f3n de GPA de Cal Grant?<\/a><br\/><a href=\"#section-1b\"><\/a><a href=\"#section-1b\">Pasos para la verificaci\u00f3n del GPA<\/a><br\/><a href=\"#section-1c\"><\/a><a href=\"#section-1c\">Consejos importantes<\/a><br\/><a href=\"#section-1d\"><\/a><a href=\"#section-1d\">\u00bfNecesita soporte adicional?<\/a><\/p>\n\n\n\n<p><strong>Tu CADAA est\u00e1 archivada, \u00bfy ahora qu\u00e9?<\/strong><\/p>\n\n\n\n<p><a href=\"#section-2a\"><\/a><a href=\"#section-2a\">Confirmaci\u00f3n y procesamiento<\/a><br\/><a href=\"#section-2b\"><\/a><a href=\"#section-2b\">Posibles caminos para su CADAA<\/a><br\/><a href=\"#section-2c\"><\/a><a href=\"#section-2c\">Eval\u00fae sus ofertas de ayuda financiera<\/a><br\/><a href=\"#section-2d\"><\/a><a href=\"#section-2d\">\u00bfNo recibi\u00f3 suficiente ayuda financiera?<\/a><br\/><a href=\"#section-2e\"><\/a><a href=\"#section-2e\">Tomando tu decisi\u00f3n<\/a><br\/><\/p>\n\n\n\n<p><\/p>\n<\/div><\/div>\n\n\n<style>.kadence-column3342_0addcc-70 > .kt-inside-inner-col,.kadence-column3342_0addcc-70 > .kt-inside-inner-col:before{border-top-left-radius:0px;border-top-right-radius:0px;border-bottom-right-radius:0px;border-bottom-left-radius:0px;}.kadence-column3342_0addcc-70 > .kt-inside-inner-col{column-gap:var(--global-kb-gap-sm, 1rem);}.kadence-column3342_0addcc-70 > .kt-inside-inner-col{flex-direction:column;}.kadence-column3342_0addcc-70 > .kt-inside-inner-col > .aligncenter{width:100%;}.kadence-column3342_0addcc-70 > .kt-inside-inner-col:before{opacity:0.3;}.kadence-column3342_0addcc-70{position:relative;}@media all and (max-width: 1024px){.kadence-column3342_0addcc-70 > .kt-inside-inner-col{flex-direction:column;justify-content:center;}}@media all and (max-width: 767px){.kadence-column3342_0addcc-70 > .kt-inside-inner-col{flex-direction:column;justify-content:center;}}<\/style>\n<div class=\"wp-block-kadence-column kadence-column3342_0addcc-70\"><div class=\"kt-inside-inner-col\">\n<h2 class=\"wp-block-heading\" id=\"section-1\">C\u00f3mo garantizar su elegibilidad para las becas Cal: Verificaci\u00f3n del GPA simplificada<\/h2>\n\n\n\n<p>Ya sea que est\u00e9 completando la <a href=\"https:\/\/studentaid.gov\/h\/apply-for-aid\/fafsa\" target=\"_blank\" rel=\"noreferrer noopener\">Solicitud gratuita de ayuda federal para estudiantes (FAFSA)<\/a> o la <a href=\"https:\/\/dream.csac.ca.gov\/landing\" target=\"_blank\" rel=\"noreferrer noopener\">Solicitud de la Ley Dream de California<\/a> , obtener una beca <a href=\"https:\/\/www.csac.ca.gov\/cal-grants\" target=\"_blank\" rel=\"noreferrer noopener\">Cal Grant<\/a> puede ayudarlo significativamente en su viaje universitario. El primer paso crucial es verificar su GPA, que es esencial para acceder a ayuda financiera. Si bien este proceso puede parecer desalentador, estamos aqu\u00ed para guiarlo a trav\u00e9s de \u00e9l sin problemas. Aqu\u00ed encontrar\u00e1 todo lo que necesita saber sobre la verificaci\u00f3n del GPA de Cal Grant:  <\/p>\n\n\n\n<h3 class=\"wp-block-heading\" id=\"section-1a\"><strong>\u00bfQu\u00e9 es la verificaci\u00f3n de GPA de Cal Grant?<\/strong><\/h3>\n\n\n\n<p>Una <a href=\"https:\/\/www.csac.ca.gov\/post\/cal-grant-gpa-verification-form\" target=\"_blank\" rel=\"noreferrer noopener\">verificaci\u00f3n del GPA de Cal Grant<\/a> es una parte crucial de su solicitud de Cal Grant. Garantiza que su rendimiento acad\u00e9mico cumpla con los requisitos de elegibilidad para recibir ayuda financiera. La <a href=\"https:\/\/www.csac.ca.gov\/\" target=\"_blank\" rel=\"noreferrer noopener\">Comisi\u00f3n de Ayuda Estudiantil de California (CSAC)<\/a> requiere que su GPA se presente como parte de su solicitud de Cal Grant. <strong>Los beneficiarios de la renovaci\u00f3n de Cal Grant no necesitan enviar este formulario.<\/strong> <\/p>\n\n\n\n<h3 class=\"wp-block-heading\" id=\"section-1b\">Pasos para la verificaci\u00f3n del GPA<\/h3>\n\n\n\n<ol class=\"wp-block-list\">\n<li><strong>Recopile su informaci\u00f3n:<\/strong> aseg\u00farese de tener su GPA calculado y listo. <\/li>\n\n\n\n<li><strong>Complete el Formulario de Verificaci\u00f3n de GPA:<\/strong> Compl\u00e9telo de manera precisa con su informaci\u00f3n personal y acad\u00e9mica.<\/li>\n\n\n\n<li><strong>Env\u00ede el formulario:<\/strong> env\u00ede su formulario de verificaci\u00f3n de GPA completo a su escuela o distrito. Ellos certificar\u00e1n su GPA y lo enviar\u00e1n a CSAC. <\/li>\n<\/ol>\n\n\n\n<h3 class=\"wp-block-heading\" id=\"section-1c\"><strong>Consejos importantes<\/strong><\/h3>\n\n\n\n<ul class=\"wp-block-list\">\n<li><strong>Cumpla con los plazos:<\/strong> aseg\u00farese de enviar su formulario de verificaci\u00f3n de GPA antes de la fecha l\u00edmite del 2 de marzo para maximizar su elegibilidad para Cal Grant.<\/li>\n\n\n\n<li><strong>Consulte con su escuela:<\/strong> algunas escuelas env\u00edan autom\u00e1ticamente el GPA de los estudiantes, as\u00ed que confirme con la oficina de ayuda financiera de su escuela si necesita tomar medidas adicionales.<\/li>\n\n\n\n<li><strong>Seguimiento:<\/strong> despu\u00e9s del env\u00edo, haga un seguimiento con CSAC o su escuela para confirmar que su GPA haya sido recibido y procesado.<\/li>\n<\/ul>\n\n\n\n<h3 class=\"wp-block-heading\" id=\"section-1d\"><strong>\u00bfNecesita soporte adicional?<\/strong><\/h3>\n\n\n\n<p>Si tiene alg\u00fan problema o tiene preguntas sobre el proceso de verificaci\u00f3n del GPA, puede comunicarse con la Comisi\u00f3n de Ayuda Estudiantil de California llamando al 888-224-7268 o enviando un correo electr\u00f3nico <a href=\"mailto:studentsupport@csac.ca.gov\" target=\"_blank\" rel=\"noreferrer noopener\">a Studentsupport@csac.ca.gov<\/a> .<\/p>\n\n\n\n<p>Comprender los pasos despu\u00e9s de completar la FAFSA lo ayudar\u00e1 a obtener la ayuda financiera que necesita. Si tiene alguna pregunta, consulte con la oficina de ayuda financiera de su escuela. Comparar tus ofertas de ayuda financiera y planificar tus finanzas sabiamente te ayudar\u00e1 a tener \u00e9xito en la universidad. \u00a1Buena suerte y felicidades por dar este importante paso hacia tu educaci\u00f3n!    <\/p>\n\n\n\n<p><strong>\u00bfTiene preguntas sobre el proceso FAFSA o CADAA?<\/strong> <\/p>\n\n\n\n<p>\u00a1Estamos aqu\u00ed por t\u00ed! Visite nuestra secci\u00f3n de Recursos financieros para descubrir qu\u00e9 aplicaci\u00f3n es adecuada para usted. \u00bfTiene preguntas espec\u00edficas sobre la FAFSA o CADAA? Consulte nuestro horario de oficina o visite <a href=\"https:\/\/www.csac.ca.gov\/cadaa-resources\" target=\"_blank\" rel=\"noreferrer noopener\">csac.ca.gov<\/a> para obtener recursos adicionales para usted y sus padres.    <\/p>\n\n\n\n<p>Recuerde, verificar su GPA es un paso vital para obtener una Cal Grant y acceder a ayuda financiera para la universidad. Al comprender el proceso de verificaci\u00f3n del GPA y garantizar la presentaci\u00f3n oportuna, puede maximizar sus posibilidades de recibir ayuda. No dude en buscar ayuda si es necesario y mant\u00e9ngase al tanto de los plazos para lograr sus objetivos educativos. \u00a1Puedes hacerlo!    <\/p>\n\n\n\n<h2 class=\"wp-block-heading\" id=\"section-2\"><strong>Tu CADAA est\u00e1 archivada, \u00bfy ahora qu\u00e9?<\/strong><\/h2>\n\n\n\n<p>\u00a1Felicitaciones por presentar su CADAA! Ha dado un gran paso para obtener ayuda financiera para[Text Wrapping Break] colega.  Ahora que ha completado su solicitud, es hora de descubrir qu\u00e9 sucede a continuaci\u00f3n. Comprender el proceso que sigue lo ayudar\u00e1 a mantener el rumbo y garantizar que obtenga la ayuda financiera que necesita. Desde recibir correos electr\u00f3nicos de confirmaci\u00f3n hasta evaluar ofertas de ayuda financiera, estamos aqu\u00ed para guiarlo en cada paso del camino. Profundicemos en lo que puede esperar despu\u00e9s de enviar su <a href=\"https:\/\/www.csac.ca.gov\/\" target=\"_blank\" rel=\"noreferrer noopener\">Solicitud de la Ley Dream Act de California (CADAA)<\/a> y c\u00f3mo aprovechar al m\u00e1ximo sus oportunidades de ayuda financiera.    <\/p>\n\n\n\n<h3 class=\"wp-block-heading\" id=\"section-2a\">Confirmaci\u00f3n y procesamiento<\/h3>\n\n\n\n<p>Despu\u00e9s de enviar su CADAA, recibir\u00e1 un correo electr\u00f3nico de confirmaci\u00f3n. Este correo electr\u00f3nico significa que su solicitud est\u00e1 siendo revisada. Si tiene correcciones, no podr\u00e1n realizarse hasta que se complete el procesamiento de su solicitud. En aproximadamente 24 horas, se procesar\u00e1 su CADAA y recibir\u00e1 un resumen de env\u00edo de CADAA por correo electr\u00f3nico. Revise esta informaci\u00f3n detenidamente.     <\/p>\n\n\n\n<p>Despu\u00e9s de completar su solicitud, la p\u00e1gina de informe de ayuda estudiantil de Cal (CalSAR) incluir\u00e1 un resumen de la informaci\u00f3n enviada a CADAA. Tambi\u00e9n recibir\u00e1 una p\u00e1gina de confirmaci\u00f3n para informarle si se requieren pasos adicionales. Tambi\u00e9n mostrar\u00e1 su ID de Dream Act, que es el pseudo-SSN utilizado para administrar la ayuda financiera en colegios y universidades.  <\/p>\n\n\n\n<h3 class=\"wp-block-heading\" id=\"section-2b\"><strong>Posibles caminos para su CADAA<\/strong><\/h3>\n\n\n\n<p><strong>Procesado:<\/strong> Tu informaci\u00f3n se env\u00eda a las universidades. <br\/><strong>Acci\u00f3n requerida:<\/strong> solucione problemas como firmas faltantes o informaci\u00f3n incorrecta como se describe en su resumen. <br\/><strong>Verificaci\u00f3n:<\/strong> Proporcione documentaci\u00f3n adicional si es seleccionado. <\/p>\n\n\n\n<p>Si no hay errores, su <a href=\"https:\/\/studentaid.gov\/help-center\/answers\/article\/what-is-sai\" target=\"_blank\" rel=\"noreferrer noopener\">\u00cdndice de ayuda estudiantil (SAI)<\/a> aparecer\u00e1 en su Resumen de env\u00edo de CADAA. Las escuelas utilizan su SAI para determinar la elegibilidad para recibir ayuda financiera. Las escuelas que usted enumer\u00f3 acceder\u00e1n a su Resumen CADAA y revisar\u00e1n su SAI y su informaci\u00f3n financiera para determinar su paquete de ayuda.  <\/p>\n\n\n\n<h3 class=\"wp-block-heading\" id=\"section-2c\"><strong>Eval\u00fae sus ofertas de ayuda financiera<\/strong><\/h3>\n\n\n\n<p>Las cartas de oferta de ayuda financiera ser\u00e1n emitidas directamente por las escuelas que usted incluy\u00f3 en su CADAA. Compara estas ofertas y disc\u00fatelas con tus padres\/tutor o un adulto de confianza para tomar la mejor decisi\u00f3n para tu educaci\u00f3n.  <\/p>\n\n\n\n<p>Su carta de ayuda financiera incluir\u00e1: <\/p>\n\n\n\n<ul class=\"wp-block-list\">\n<li><strong>Costo total de asistencia (COA):<\/strong> Gastos universitarios anuales estimados. <\/li>\n\n\n\n<li><strong>\u00cdndice de ayuda estudiantil (SAI):<\/strong> calculado a partir de su CADAA para determinar la elegibilidad para recibir ayuda. <\/li>\n\n\n\n<li><strong>Becas y subvenciones:<\/strong> dinero gratis que no es necesario reembolsar. <\/li>\n\n\n\n<li><strong>Precio Neto:<\/strong> Costo de asistencia menos becas y subvenciones. <\/li>\n<\/ul>\n\n\n\n<p>Obtenga m\u00e1s informaci\u00f3n sobre los diferentes tipos de ayuda disponibles leyendo nuestra gu\u00eda sobre Exploraci\u00f3n de opciones de ayuda financiera.<\/p>\n\n\n\n<h3 class=\"wp-block-heading\" id=\"section-2d\"><strong>\u00bfNo recibi\u00f3 suficiente ayuda financiera? Esto es lo que debe hacer <\/strong><\/h3>\n\n\n\n<p>Solicite un cambio de circunstancias en la oficina de ayuda financiera de su universidad. As\u00ed es c\u00f3mo:  <\/p>\n\n\n\n<ul class=\"wp-block-list\">\n<li><strong>Conozca el t\u00e9rmino:<\/strong> cuando hable con su oficina de ayuda financiera, solicite un &#8220;cambio de circunstancias&#8221;. <\/li>\n<\/ul>\n\n\n\n<ul class=\"wp-block-list\">\n<li><strong>Re\u00fana documentaci\u00f3n:<\/strong> proporcione pruebas de cualquier cambio en su situaci\u00f3n financiera durante los \u00faltimos dos a\u00f1os. <\/li>\n<\/ul>\n\n\n\n<ul class=\"wp-block-list\">\n<li><strong>Inicie la conversaci\u00f3n:<\/strong> comun\u00edquese con su oficina de ayuda financiera para analizar su situaci\u00f3n y solicitar un ajuste. <\/li>\n<\/ul>\n\n\n\n<p>Finalmente, \u00a1no te preocupes! Consulte recursos gratuitos como <a href=\"https:\/\/formswift.com\/swift-student\" target=\"_blank\" rel=\"noreferrer noopener\">SwiftStudent<\/a> para ayudarle a redactar una carta de apelaci\u00f3n de ayuda financiera y comprender mejor el proceso de apelaci\u00f3n de ayuda financiera.  <\/p>\n\n\n\n<h3 class=\"wp-block-heading\" id=\"section-2e\"><strong>Tomando tu decisi\u00f3n<\/strong><\/h3>\n\n\n\n<ul class=\"wp-block-list\">\n<li><strong>Ajuste financiero:<\/strong> elija una escuela que ofrezca un buen ajuste financiero, lo que significa que no tendr\u00e1 importantes necesidades insatisfechas ni tendr\u00e1 que solicitar grandes pr\u00e9stamos. <\/li>\n\n\n\n<li><strong>Cree un presupuesto:<\/strong> utilice su carta de concesi\u00f3n de ayuda financiera para crear un presupuesto, considerando todos sus gastos y la ayuda ofrecida. <\/li>\n\n\n\n<li><strong>Busque consejo:<\/strong> hable con padres\/tutores, educadores de confianza y familiares que asistieron a la universidad para conocer sus perspectivas. <\/li>\n<\/ul>\n\n\n\n<p>Comprender los pasos despu\u00e9s de completar el CADAA lo ayudar\u00e1 a obtener la ayuda financiera que necesita. Si tiene alguna pregunta, consulte con la oficina de ayuda financiera de su escuela. Comparar tus ofertas de ayuda financiera y planificar tus finanzas sabiamente te ayudar\u00e1 a tener \u00e9xito en la universidad. \u00a1Buena suerte y felicidades por dar este importante paso hacia tu educaci\u00f3n!    <\/p>\n<\/div><\/div>\n\n<\/div><\/div>","protected":false},"excerpt":{"rendered":"<p>Despu\u00e9s de completar el CADAA C\u00f3mo garantizar su elegibilidad para las becas Cal: Verificaci\u00f3n del GPA simplificada \u00bfQu\u00e9 es la verificaci\u00f3n de GPA de Cal Grant?Pasos para la verificaci\u00f3n del GPAConsejos importantes\u00bfNecesita soporte adicional? Tu CADAA est\u00e1 archivada, \u00bfy ahora qu\u00e9? Confirmaci\u00f3n y procesamientoPosibles caminos para su CADAAEval\u00fae sus ofertas de ayuda financiera\u00bfNo recibi\u00f3 suficiente&#8230;<\/p>\n","protected":false},"author":4,"featured_media":3201,"parent":2739,"menu_order":0,"comment_status":"closed","ping_status":"closed","template":"","meta":{"_acf_changed":false,"_kad_blocks_custom_css":"","_kad_blocks_head_custom_js":"","_kad_blocks_body_custom_js":"","_kad_blocks_footer_custom_js":"","_kad_post_transparent":"","_kad_post_title":"","_kad_post_layout":"","_kad_post_sidebar_id":"","_kad_post_content_style":"","_kad_post_vertical_padding":"","_kad_post_feature":"","_kad_post_feature_position":"","_kad_post_header":false,"_kad_post_footer":false,"_kad_post_classname":"","footnotes":""},"class_list":["post-3343","page","type-page","status-publish","has-post-thumbnail","hentry"],"acf":[],"taxonomy_info":[],"featured_image_src_large":["https:\/\/iesuccess.org\/wp-content\/uploads\/2024\/06\/gia-iesuccess-after-completing-cadaa-1024x462.jpg",1024,462,true],"author_info":{"display_name":"IE Success","author_link":"https:\/\/iesuccess.org\/es\/author\/brian\/"},"comment_info":0,"_links":{"self":[{"href":"https:\/\/iesuccess.org\/es\/wp-json\/wp\/v2\/pages\/3343","targetHints":{"allow":["GET"]}}],"collection":[{"href":"https:\/\/iesuccess.org\/es\/wp-json\/wp\/v2\/pages"}],"about":[{"href":"https:\/\/iesuccess.org\/es\/wp-json\/wp\/v2\/types\/page"}],"author":[{"embeddable":true,"href":"https:\/\/iesuccess.org\/es\/wp-json\/wp\/v2\/users\/4"}],"replies":[{"embeddable":true,"href":"https:\/\/iesuccess.org\/es\/wp-json\/wp\/v2\/comments?post=3343"}],"version-history":[{"count":3,"href":"https:\/\/iesuccess.org\/es\/wp-json\/wp\/v2\/pages\/3343\/revisions"}],"predecessor-version":[{"id":3663,"href":"https:\/\/iesuccess.org\/es\/wp-json\/wp\/v2\/pages\/3343\/revisions\/3663"}],"up":[{"embeddable":true,"href":"https:\/\/iesuccess.org\/es\/wp-json\/wp\/v2\/pages\/2739"}],"wp:featuredmedia":[{"embeddable":true,"href":"https:\/\/iesuccess.org\/es\/wp-json\/wp\/v2\/media\/3201"}],"wp:attachment":[{"href":"https:\/\/iesuccess.org\/es\/wp-json\/wp\/v2\/media?parent=3343"}],"curies":[{"name":"wp","href":"https:\/\/api.w.org\/{rel}","templated":true}]}}