{"id":3227,"date":"2024-06-20T15:43:37","date_gmt":"2024-06-20T22:43:37","guid":{"rendered":"https:\/\/iesuccess.org\/?page_id=3227"},"modified":"2024-06-27T16:50:28","modified_gmt":"2024-06-27T23:50:28","slug":"completar-cadaa","status":"publish","type":"page","link":"https:\/\/iesuccess.org\/es\/recursos\/recursos-financieros\/cadaa\/completar-cadaa\/","title":{"rendered":"Completar el CADAA"},"content":{"rendered":"<style>.kb-row-layout-id3227_a59035-dd > .kt-row-column-wrap{align-content:center;}:where(.kb-row-layout-id3227_a59035-dd > .kt-row-column-wrap) > .wp-block-kadence-column{justify-content:center;}.kb-row-layout-id3227_a59035-dd > .kt-row-column-wrap{column-gap:var(--global-kb-gap-md, 2rem);row-gap:var(--global-kb-gap-md, 2rem);max-width:var( --global-content-width, 1290px );padding-left:var(--global-content-edge-padding);padding-right:var(--global-content-edge-padding);padding-top:24px;padding-bottom:24px;grid-template-columns:minmax(0, calc(60% - ((var(--global-kb-gap-md, 2rem) * 1 )\/2)))minmax(0, calc(40% - ((var(--global-kb-gap-md, 2rem) * 1 )\/2)));}.kb-row-layout-id3227_a59035-dd{background-image:url('https:\/\/iesuccess.org\/wp-content\/uploads\/2024\/06\/gia-iesuccess-completing-cadaa-scaled.jpg');background-size:cover;background-position:73% 43%;background-attachment:scroll;background-repeat:no-repeat;}.kb-row-layout-id3227_a59035-dd > .kt-row-layout-overlay{opacity:0.30;}.kb-row-layout-id3227_a59035-dd ,.kb-row-layout-id3227_a59035-dd h1,.kb-row-layout-id3227_a59035-dd h2,.kb-row-layout-id3227_a59035-dd h3,.kb-row-layout-id3227_a59035-dd h4,.kb-row-layout-id3227_a59035-dd h5,.kb-row-layout-id3227_a59035-dd h6{color:var(--global-palette9, #ffffff);}@media all and (max-width: 1024px){.kb-row-layout-id3227_a59035-dd > .kt-row-column-wrap{grid-template-columns:repeat(2, minmax(0, 1fr));}}@media all and (max-width: 767px){.kb-row-layout-id3227_a59035-dd > .kt-row-column-wrap{grid-template-columns:minmax(0, 1fr);}.kb-row-layout-wrap.wp-block-kadence-rowlayout.kb-row-layout-id3227_a59035-dd{background-image:url('https:\/\/iesuccess.org\/wp-content\/uploads\/2024\/06\/gia-iesuccess-completing-cadaa-mobile.jpg');background-size:cover;background-position:54% 48%;background-attachment:scroll;background-repeat:no-repeat;}}<\/style><div class=\"kb-row-layout-wrap kb-row-layout-id3227_a59035-dd alignnone kt-row-has-bg hero hero-angle wp-block-kadence-rowlayout\"><div class=\"kt-row-column-wrap kt-has-2-columns kt-row-layout-equal kt-tab-layout-inherit kt-mobile-layout-row kt-row-valign-middle kb-theme-content-width\">\n<style>.kadence-column3227_e2fcdf-81 > .kt-inside-inner-col,.kadence-column3227_e2fcdf-81 > .kt-inside-inner-col:before{border-top-left-radius:0px;border-top-right-radius:0px;border-bottom-right-radius:0px;border-bottom-left-radius:0px;}.kadence-column3227_e2fcdf-81 > .kt-inside-inner-col{column-gap:var(--global-kb-gap-sm, 1rem);}.kadence-column3227_e2fcdf-81 > .kt-inside-inner-col{flex-direction:column;}.kadence-column3227_e2fcdf-81 > .kt-inside-inner-col > .aligncenter{width:100%;}.kadence-column3227_e2fcdf-81 > .kt-inside-inner-col:before{opacity:0.3;}.kadence-column3227_e2fcdf-81{position:relative;}@media all and (max-width: 1024px){.kadence-column3227_e2fcdf-81 > .kt-inside-inner-col{flex-direction:column;justify-content:center;}}@media all and (max-width: 767px){.kadence-column3227_e2fcdf-81 > .kt-inside-inner-col{flex-direction:column;justify-content:center;}}<\/style>\n<div class=\"wp-block-kadence-column kadence-column3227_e2fcdf-81 hero-content\"><div class=\"kt-inside-inner-col\">\n<h1 class=\"wp-block-heading title-decoration heading-underline green\"><em>Completar el CADAA<\/em><\/h1>\n\n\n\n<p style=\"width:250px;\"> <\/p>\n<\/div><\/div>\n\n\n<style>.kadence-column3227_9b4fd1-c5 > .kt-inside-inner-col,.kadence-column3227_9b4fd1-c5 > .kt-inside-inner-col:before{border-top-left-radius:0px;border-top-right-radius:0px;border-bottom-right-radius:0px;border-bottom-left-radius:0px;}.kadence-column3227_9b4fd1-c5 > .kt-inside-inner-col{column-gap:var(--global-kb-gap-sm, 1rem);}.kadence-column3227_9b4fd1-c5 > .kt-inside-inner-col{flex-direction:column;}.kadence-column3227_9b4fd1-c5 > .kt-inside-inner-col > .aligncenter{width:100%;}.kadence-column3227_9b4fd1-c5 > .kt-inside-inner-col:before{opacity:0.3;}.kadence-column3227_9b4fd1-c5{position:relative;}@media all and (max-width: 1024px){.kadence-column3227_9b4fd1-c5 > .kt-inside-inner-col{flex-direction:column;justify-content:center;}}@media all and (max-width: 767px){.kadence-column3227_9b4fd1-c5 > .kt-inside-inner-col{flex-direction:column;justify-content:center;}}<\/style>\n<div class=\"wp-block-kadence-column kadence-column3227_9b4fd1-c5\"><div class=\"kt-inside-inner-col\"><\/div><\/div>\n\n<\/div><\/div>\n\n<style>.kb-row-layout-id3227_856c8f-a9 > .kt-row-column-wrap{align-content:start;}:where(.kb-row-layout-id3227_856c8f-a9 > .kt-row-column-wrap) > .wp-block-kadence-column{justify-content:start;}.kb-row-layout-id3227_856c8f-a9 > .kt-row-column-wrap{column-gap:var(--global-kb-gap-md, 2rem);row-gap:var(--global-kb-gap-md, 2rem);max-width:var( --global-content-width, 1290px );padding-left:var(--global-content-edge-padding);padding-right:var(--global-content-edge-padding);padding-top:110px;padding-bottom:150px;grid-template-columns:minmax(0, 1fr) minmax(0, 2fr);}.kb-row-layout-id3227_856c8f-a9 > .kt-row-layout-overlay{opacity:0.30;}@media all and (max-width: 1024px){.kb-row-layout-id3227_856c8f-a9 > .kt-row-column-wrap{grid-template-columns:minmax(0, 1fr) minmax(0, 2fr);}}@media all and (max-width: 767px){.kb-row-layout-id3227_856c8f-a9 > .kt-row-column-wrap{grid-template-columns:minmax(0, 1fr);}}<\/style><div class=\"kb-row-layout-wrap kb-row-layout-id3227_856c8f-a9 alignnone wp-block-kadence-rowlayout\"><div class=\"kt-row-column-wrap kt-has-2-columns kt-row-layout-right-golden kt-tab-layout-inherit kt-mobile-layout-row kt-row-valign-top kb-theme-content-width\">\n<style>.kadence-column3227_7f2bff-10 > .kt-inside-inner-col{display:flex;}#wrapper.site{overflow:clip;}.kadence-column3227_7f2bff-10 > .kt-inside-inner-col,.kadence-column3227_7f2bff-10 > .kt-inside-inner-col:before{border-top-left-radius:0px;border-top-right-radius:0px;border-bottom-right-radius:0px;border-bottom-left-radius:0px;}.kadence-column3227_7f2bff-10 > .kt-inside-inner-col{row-gap:var(--global-kb-gap-none, 0rem );column-gap:var(--global-kb-gap-sm, 1rem);}.kadence-column3227_7f2bff-10 > .kt-inside-inner-col{flex-direction:column;}.kadence-column3227_7f2bff-10 > .kt-inside-inner-col > .aligncenter{width:100%;}.kadence-column3227_7f2bff-10 > .kt-inside-inner-col:before{opacity:0.3;}.kadence-column3227_7f2bff-10{position:relative;}@media all and (max-width: 1024px){.kadence-column3227_7f2bff-10 > .kt-inside-inner-col{flex-direction:column;justify-content:center;}}@media all and (max-width: 767px){.kadence-column3227_7f2bff-10 > .kt-inside-inner-col{flex-direction:column;justify-content:center;}}<\/style>\n<div class=\"wp-block-kadence-column kadence-column3227_7f2bff-10 kb-section-is-sticky sticky-sidebar-wrapper\"><div class=\"kt-inside-inner-col\">\n<p><strong>Re\u00fana su informaci\u00f3n<\/strong><\/p>\n\n\n\n<p><a href=\"#section-1a\"><\/a><a href=\"#section-1a\">Documentos esenciales<\/a><br><a href=\"#section-1b\"><\/a><a href=\"#section-1b\">Manejo de informaci\u00f3n fiscal<\/a><br><a href=\"#section-1c\"><\/a><a href=\"#section-1c\">Por qu\u00e9 son importantes estos documentos<\/a><br><a href=\"#section-1d\"><\/a><a href=\"#section-1d\">Lista de universidades<\/a><br><a href=\"#section-1e\"><\/a><a href=\"#section-1e\">Consejos para empezar<\/a><\/p>\n\n\n\n<p><strong>Resolviendo problemas con su solicitud de la Ley Dream Act de California<\/strong><\/p>\n\n\n\n<p><a href=\"#section-2a\"><\/a><a href=\"#section-2a\">Variaci\u00f3n de nombre<\/a><br><a href=\"#section-2b\"><\/a><a href=\"#section-2b\">Fecha de nacimiento incorrecta<\/a><br><a href=\"#section-2c\"><\/a><a href=\"#section-2c\">Falta la firma de los padres<\/a><br><a href=\"#section-2d\"><\/a><a href=\"#section-2d\">Solicitud incorrecta enviada<\/a><br><a href=\"#section-2e\"><\/a><a href=\"#section-2e\">A\u00f1o acad\u00e9mico equivocado<\/a><br><a href=\"#section-2f\"><\/a><a href=\"#section-2f\">No coincide el GPA<\/a><br><a href=\"#section-2g\"><\/a><a href=\"#section-2g\">Sin contribuci\u00f3n familiar esperada (EFC)<\/a><br><a href=\"#section-2h\"><\/a><a href=\"#section-2h\">Fecha l\u00edmite incumplida<\/a><br><\/p>\n\n\n\n<p><\/p>\n<\/div><\/div>\n\n\n<style>.kadence-column3227_670cb5-7f > .kt-inside-inner-col,.kadence-column3227_670cb5-7f > .kt-inside-inner-col:before{border-top-left-radius:0px;border-top-right-radius:0px;border-bottom-right-radius:0px;border-bottom-left-radius:0px;}.kadence-column3227_670cb5-7f > .kt-inside-inner-col{column-gap:var(--global-kb-gap-sm, 1rem);}.kadence-column3227_670cb5-7f > .kt-inside-inner-col{flex-direction:column;}.kadence-column3227_670cb5-7f > .kt-inside-inner-col > .aligncenter{width:100%;}.kadence-column3227_670cb5-7f > .kt-inside-inner-col:before{opacity:0.3;}.kadence-column3227_670cb5-7f{position:relative;}@media all and (max-width: 1024px){.kadence-column3227_670cb5-7f > .kt-inside-inner-col{flex-direction:column;justify-content:center;}}@media all and (max-width: 767px){.kadence-column3227_670cb5-7f > .kt-inside-inner-col{flex-direction:column;justify-content:center;}}<\/style>\n<div class=\"wp-block-kadence-column kadence-column3227_670cb5-7f\"><div class=\"kt-inside-inner-col\">\n<h2 class=\"wp-block-heading\">Recopile su informaci\u00f3n: lo que necesita para presentar la CADAA<\/h2>\n\n\n\n<p>Completar la <a href=\"https:\/\/dream.csac.ca.gov\/landing\" target=\"_blank\" rel=\"noreferrer noopener\">Solicitud de la Ley Dream Act de California (CADAA)<\/a> puede ser muy sencillo si tiene todos los documentos necesarios listos. Estamos aqu\u00ed para ayudarlo a reunir todo lo que necesita para completar el formulario de una sola vez. Esto es lo que necesitar\u00e1s: <\/p>\n\n\n\n<p><strong>Direcci\u00f3n de correo electr\u00f3nico<\/strong> : <br>Una direcci\u00f3n de correo electr\u00f3nico personal a la que tendr\u00e1s acceso durante tu trayectoria universitaria.<\/p>\n\n\n\n<h3 class=\"wp-block-heading\" id=\"section-1a\">Documentos esenciales<\/h3>\n\n\n\n<p><strong>Declaraciones de impuestos:<\/strong> recopile las declaraciones de impuestos federales m\u00e1s recientes de sus padres. Los declarantes que no declaran impuestos deber\u00e1n indicar &#8220;No declarar\u00e1&#8221; y enumerar todos los ingresos no sujetos a impuestos del hogar.<\/p>\n\n\n\n<p><strong>N\u00famero de Identificaci\u00f3n Individual del Contribuyente (ITIN):<\/strong> <em>Opcional.<\/em> Esto solo se aplica si gan\u00f3 suficiente dinero como para tener que pagar impuestos.<\/p>\n\n\n\n<p><strong>Saldos actuales:<\/strong> tenga los saldos actuales de las cuentas corrientes y de ahorro de sus padres. <\/p>\n\n\n\n<p><strong>Valor neto de las inversiones:<\/strong> tenga en cuenta el valor neto de cualquier inversi\u00f3n, como acciones, negocios o una segunda vivienda. <\/p>\n\n\n\n<p>Adem\u00e1s, CADAA requerir\u00e1 detalles como el tama\u00f1o del hogar de su familia y la cantidad de miembros del hogar que asisten a la universidad. <\/p>\n\n\n\n<h3 class=\"wp-block-heading\" id=\"section-1b\"><strong>Manejo de informaci\u00f3n fiscal<\/strong><\/h3>\n\n\n\n<p>Si los impuestos de sus padres de los \u00faltimos dos a\u00f1os no se completan antes del 2 de mayo, seleccione &#8220;Presentar\u00e1&#8221; en su CADAA y utilice los ingresos estimados. Actualice su solicitud una vez que haya presentado sus impuestos. La CADAA utiliza informaci\u00f3n fiscal de dos a\u00f1os anteriores.   <\/p>\n\n\n\n<h3 class=\"wp-block-heading\" id=\"section-1c\"><strong>Por qu\u00e9 son importantes estos documentos<\/strong><\/h3>\n\n\n\n<p>Estos documentos ayudan a determinar su elegibilidad para recibir ayuda financiera estatal. La informaci\u00f3n precisa y actualizada garantiza que obtenga la cantidad correcta de ayuda. <\/p>\n\n\n\n<h3 class=\"wp-block-heading\" id=\"section-1d\">Lista de universidades<\/h3>\n\n\n\n<p>Deber\u00e1 incluir todos los colegios y universidades a los que postula en el CADAA. Aseg\u00farese de incluir al menos una instituci\u00f3n de California. <\/p>\n\n\n\n<h3 class=\"wp-block-heading\" id=\"section-1e\">Consejos para empezar<\/h3>\n\n\n\n<p><strong>Verifique su GPA:<\/strong> aseg\u00farese de enviar su GPA a la <a href=\"https:\/\/mygrantinfo.csac.ca.gov\/\" target=\"_blank\" rel=\"noreferrer noopener\">Comisi\u00f3n de Ayuda Estudiantil de California<\/a> antes del 2 de mayo o el 2 de septiembre para estudiantes de colegios comunitarios. Si es necesario, complete su formulario de verificaci\u00f3n de GPA de Cal Grant y env\u00edelo por correo con un comprobante de env\u00edo por correo desde la oficina de correos.<\/p>\n\n\n\n<p><strong>Organ\u00edcese con anticipaci\u00f3n:<\/strong> intente completar su solicitud antes de la fecha l\u00edmite prioritaria del 2 de mayo para maximizar sus opciones de ayuda financiera. Los estudiantes de colegios comunitarios tienen hasta el 2 de septiembre. <\/p>\n\n\n\n<p><strong>Cumplir con los requisitos AB 540:<\/strong> Para calificar para ayuda financiera, aseg\u00farese de cumplir con los <a href=\"https:\/\/immigrantsrising.org\/resource\/championing-equity-systemwide-ab-540-faq\/\" target=\"_blank\" rel=\"noreferrer noopener\">requisitos AB 540<\/a> . Esto incluye asistir a una escuela secundaria de California durante al menos tres a\u00f1os y graduarse u obtener un t\u00edtulo equivalente. Los titulares de visa U y los estudiantes con TPS tambi\u00e9n son elegibles. <\/p>\n\n\n\n<p><strong>Cree una cuenta segura:<\/strong> configure un <a href=\"https:\/\/dream.csac.ca.gov\/landing\" target=\"_blank\" rel=\"noreferrer noopener\">nombre de usuario y contrase\u00f1a<\/a> para CADAA. Mantenga esta informaci\u00f3n segura. <\/p>\n\n\n\n<p>Si necesita m\u00e1s ayuda con CADAA o tiene preguntas, \u00a1estamos aqu\u00ed para ayudarlo! Consulte nuestro horario de oficina o visite <a href=\"https:\/\/www.csac.ca.gov\/cadaa-resources\" target=\"_blank\" rel=\"noreferrer noopener\">csac.ca.gov<\/a> para obtener recursos adicionales para usted y sus padres.  <\/p>\n\n\n\n<p>Estar preparado con los documentos correctos har\u00e1 que completar el CADAA sea m\u00e1s sencillo y r\u00e1pido. Re\u00fana todo lo que necesita antes de comenzar y estar\u00e1 en camino de obtener ayuda financiera para la universidad. \u00a1Felicitaciones por dar otro paso importante hacia tu viaje universitario!   <\/p>\n\n\n\n<h2 class=\"wp-block-heading\">Resolviendo problemas con su solicitud de la Ley Dream Act de California<\/h2>\n\n\n\n<p>\u00a1Hola, futuros estudiantes universitarios! Completar la <a href=\"https:\/\/dream.csac.ca.gov\/landing\" target=\"_blank\" rel=\"noreferrer noopener\">Solicitud de la Ley Dream Act de California (CADAA)<\/a> a veces puede parecer desalentador, especialmente si encuentra problemas comunes en el camino.  Pero no se preocupe: estamos aqu\u00ed para guiarlo en cada paso del proceso y ayudarlo a resolver sin problemas cualquier desaf\u00edo que pueda enfrentar. Esta gu\u00eda destacar\u00e1 los problemas comunes que se deben evitar y brindar\u00e1 consejos para garantizar que su solicitud sea exitosa. Esto es lo que debe tener en cuenta:   <\/p>\n\n\n\n<h3 class=\"wp-block-heading\" id=\"section-2a\"><strong>Variaci\u00f3n de nombre<\/strong><\/h3>\n\n\n\n<ul class=\"wp-block-list\">\n<li>Problema: Su nombre en la solicitud no coincide con el nombre en la carga del GPA. <\/li>\n<\/ul>\n\n\n\n<ul class=\"wp-block-list\">\n<li>Soluci\u00f3n: Las universidades pueden editar el nombre usando la pantalla de correcci\u00f3n de Dream Act, o usted puede completar el <a href=\"https:\/\/www.csac.ca.gov\/post\/ca-dream-act-application-namedate-birth-change-request\" target=\"_blank\" rel=\"noreferrer noopener\">formulario de solicitud de cambio de nombre\/fecha de nacimiento de la solicitud de Dream Act (G-19)<\/a> . <\/li>\n<\/ul>\n\n\n\n<h3 class=\"wp-block-heading\" id=\"section-2b\"><strong>Fecha de nacimiento incorrecta<\/strong><\/h3>\n\n\n\n<ul class=\"wp-block-list\">\n<li>Problema: Su fecha de nacimiento aparece incorrectamente. <\/li>\n<\/ul>\n\n\n\n<ul class=\"wp-block-list\">\n<li>Soluci\u00f3n: Las universidades pueden corregir esto en la pantalla de correcci\u00f3n de Dream Act, o usted puede completar el formulario de solicitud de cambio de nombre\/fecha de nacimiento de la solicitud de Dream Act (G-19). <\/li>\n<\/ul>\n\n\n\n<h3 class=\"wp-block-heading\" id=\"section-2c\"><strong>Falta la firma de los padres<\/strong><\/h3>\n\n\n\n<ul class=\"wp-block-list\">\n<li>Problema: A su solicitud le falta la firma de uno de los padres. <\/li>\n<\/ul>\n\n\n\n<ul class=\"wp-block-list\">\n<li>Soluci\u00f3n: Su padre debe iniciar sesi\u00f3n con un PIN de 4 d\u00edgitos para firmar la solicitud o imprimir, firmar y enviar por correo una p\u00e1gina de firma de padre. <\/li>\n<\/ul>\n\n\n\n<h3 class=\"wp-block-heading\" id=\"section-2d\"><strong>Solicitud incorrecta enviada<\/strong><\/h3>\n\n\n\n<ul class=\"wp-block-list\">\n<li>Problema: Envi\u00f3 la FAFSA en lugar de la CADAA. <\/li>\n<\/ul>\n\n\n\n<ul class=\"wp-block-list\">\n<li>Soluci\u00f3n: Complete y env\u00ede la solicitud correcta de inmediato. Es posible que su escuela deba enviar un <a href=\"https:\/\/www.csac.ca.gov\/post\/application-conversion-form\" target=\"_blank\" rel=\"noreferrer noopener\">Formulario de conversi\u00f3n de solicitud (G-55)<\/a> .  <\/li>\n<\/ul>\n\n\n\n<h3 class=\"wp-block-heading\" id=\"section-2e\"><strong>A\u00f1o acad\u00e9mico equivocado<\/strong><\/h3>\n\n\n\n<ul class=\"wp-block-list\">\n<li>Problema: Enviaste una solicitud para el a\u00f1o acad\u00e9mico equivocado. <\/li>\n<\/ul>\n\n\n\n<ul class=\"wp-block-list\">\n<li>Soluci\u00f3n: Complete y env\u00ede la solicitud para el a\u00f1o correcto inmediatamente. Es posible que su escuela deba enviar un formulario de conversi\u00f3n de solicitud (G-55).  <\/li>\n<\/ul>\n\n\n\n<h3 class=\"wp-block-heading\" id=\"section-2f\"><strong>No coincide el GPA<\/strong><\/h3>\n\n\n\n<ul class=\"wp-block-list\">\n<li>Problema: La informaci\u00f3n de su GPA de la escuela secundaria no coincide con su solicitud Dream Act. <\/li>\n<\/ul>\n\n\n\n<ul class=\"wp-block-list\">\n<li>Soluci\u00f3n: Comun\u00edquese con la <a href=\"https:\/\/www.csac.ca.gov\/\" target=\"_blank\" rel=\"noreferrer noopener\">Comisi\u00f3n de Ayuda Estudiantil de California (CSAC)<\/a> para &#8220;forzar la coincidencia&#8221; de la solicitud con el GPA. Las escuelas secundarias tambi\u00e9n tienen la capacidad de comparar esta informaci\u00f3n. <\/li>\n<\/ul>\n\n\n\n<h3 class=\"wp-block-heading\" id=\"section-2g\"><strong>Sin contribuci\u00f3n familiar esperada (EFC)<\/strong><\/h3>\n\n\n\n<ul class=\"wp-block-list\">\n<li>Problema: Su aplicaci\u00f3n no gener\u00f3 un EFC. <\/li>\n<\/ul>\n\n\n\n<ul class=\"wp-block-list\">\n<li>Soluci\u00f3n: Esto indica que la solicitud est\u00e1 incompleta o tiene problemas t\u00e9cnicos. Las universidades deben verificar el Cal-ISIR y hacer las correcciones necesarias.  <\/li>\n<\/ul>\n\n\n\n<h3 class=\"wp-block-heading\" id=\"section-2h\"><strong>Fecha l\u00edmite incumplida<\/strong><\/h3>\n\n\n\n<ul class=\"wp-block-list\">\n<li>Problema: No envi\u00f3 su CADAA antes de la fecha l\u00edmite de solicitud. <\/li>\n<\/ul>\n\n\n\n<ul class=\"wp-block-list\">\n<li>Soluci\u00f3n: Una solicitud tard\u00eda no se considerar\u00e1 para una beca Cal Grant, pero a\u00fan as\u00ed podr\u00eda hacerlo elegible para otra ayuda. Si tiene circunstancias atenuantes, puede apelar. Si envi\u00f3 la solicitud incorrecta a tiempo, complete la correcta inmediatamente. Es posible que su escuela deba enviar un formulario de conversi\u00f3n de solicitud (G-55).    <\/li>\n<\/ul>\n\n\n\n<p>Si necesita m\u00e1s ayuda con CADAA o tiene preguntas, \u00a1estamos aqu\u00ed para ayudarlo! Consulte nuestro horario de oficina (enlace al horario de oficina) o visite <a href=\"https:\/\/www.csac.ca.gov\/cadaa-resources\" target=\"_blank\" rel=\"noreferrer noopener\">csac.ca.gov<\/a> para obtener recursos adicionales para usted y sus padres.  <\/p>\n\n\n\n<p>Comprender y resolver estos problemas comunes de CADAA lo ayudar\u00e1 a completar su solicitud de manera precisa y a tiempo. No dudes en buscar ayuda si la necesitas y recuerda, cada paso que das te acercar\u00e1 m\u00e1s a alcanzar tus objetivos educativos. \u00a1T\u00fa puedes!   <\/p>\n<\/div><\/div>\n\n<\/div><\/div>","protected":false},"excerpt":{"rendered":"<p>Completar el CADAA Re\u00fana su informaci\u00f3n Documentos esencialesManejo de informaci\u00f3n fiscalPor qu\u00e9 son importantes estos documentosLista de universidadesConsejos para empezar Resolviendo problemas con su solicitud de la Ley Dream Act de California Variaci\u00f3n de nombreFecha de nacimiento incorrectaFalta la firma de los padresSolicitud incorrecta enviadaA\u00f1o acad\u00e9mico equivocadoNo coincide el GPASin contribuci\u00f3n familiar esperada (EFC)Fecha l\u00edmite&#8230;<\/p>\n","protected":false},"author":4,"featured_media":3207,"parent":2739,"menu_order":0,"comment_status":"closed","ping_status":"closed","template":"","meta":{"_acf_changed":false,"_kad_blocks_custom_css":"","_kad_blocks_head_custom_js":"","_kad_blocks_body_custom_js":"","_kad_blocks_footer_custom_js":"","_kad_post_transparent":"","_kad_post_title":"","_kad_post_layout":"","_kad_post_sidebar_id":"","_kad_post_content_style":"","_kad_post_vertical_padding":"","_kad_post_feature":"","_kad_post_feature_position":"","_kad_post_header":false,"_kad_post_footer":false,"_kad_post_classname":"","footnotes":""},"class_list":["post-3227","page","type-page","status-publish","has-post-thumbnail","hentry"],"acf":[],"taxonomy_info":[],"featured_image_src_large":["https:\/\/iesuccess.org\/wp-content\/uploads\/2024\/06\/gia-iesuccess-completing-cadaa-1024x462.jpg",1024,462,true],"author_info":{"display_name":"IE Success","author_link":"https:\/\/iesuccess.org\/es\/author\/brian\/"},"comment_info":0,"_links":{"self":[{"href":"https:\/\/iesuccess.org\/es\/wp-json\/wp\/v2\/pages\/3227","targetHints":{"allow":["GET"]}}],"collection":[{"href":"https:\/\/iesuccess.org\/es\/wp-json\/wp\/v2\/pages"}],"about":[{"href":"https:\/\/iesuccess.org\/es\/wp-json\/wp\/v2\/types\/page"}],"author":[{"embeddable":true,"href":"https:\/\/iesuccess.org\/es\/wp-json\/wp\/v2\/users\/4"}],"replies":[{"embeddable":true,"href":"https:\/\/iesuccess.org\/es\/wp-json\/wp\/v2\/comments?post=3227"}],"version-history":[{"count":5,"href":"https:\/\/iesuccess.org\/es\/wp-json\/wp\/v2\/pages\/3227\/revisions"}],"predecessor-version":[{"id":3819,"href":"https:\/\/iesuccess.org\/es\/wp-json\/wp\/v2\/pages\/3227\/revisions\/3819"}],"up":[{"embeddable":true,"href":"https:\/\/iesuccess.org\/es\/wp-json\/wp\/v2\/pages\/2739"}],"wp:featuredmedia":[{"embeddable":true,"href":"https:\/\/iesuccess.org\/es\/wp-json\/wp\/v2\/media\/3207"}],"wp:attachment":[{"href":"https:\/\/iesuccess.org\/es\/wp-json\/wp\/v2\/media?parent=3227"}],"curies":[{"name":"wp","href":"https:\/\/api.w.org\/{rel}","templated":true}]}}