{"id":3110,"date":"2024-06-20T02:14:34","date_gmt":"2024-06-20T09:14:34","guid":{"rendered":"https:\/\/iesuccess.org\/?page_id=3110"},"modified":"2024-06-21T14:06:40","modified_gmt":"2024-06-21T21:06:40","slug":"recursos","status":"publish","type":"page","link":"https:\/\/iesuccess.org\/es\/recursos\/","title":{"rendered":"Recusos"},"content":{"rendered":"<style>.kb-row-layout-id428_f0c475-aa > .kt-row-column-wrap{align-content:center;}:where(.kb-row-layout-id428_f0c475-aa > .kt-row-column-wrap) > .wp-block-kadence-column{justify-content:center;}.kb-row-layout-id428_f0c475-aa > .kt-row-column-wrap{column-gap:var(--global-kb-gap-md, 2rem);row-gap:var(--global-kb-gap-md, 2rem);max-width:var( --global-content-width, 1290px );padding-left:var(--global-content-edge-padding);padding-right:var(--global-content-edge-padding);padding-top:24px;padding-bottom:24px;grid-template-columns:minmax(0, calc(60% - ((var(--global-kb-gap-md, 2rem) * 1 )\/2)))minmax(0, calc(40% - ((var(--global-kb-gap-md, 2rem) * 1 )\/2)));}.kb-row-layout-id428_f0c475-aa{background-image:url('https:\/\/iesuccess.org\/wp-content\/uploads\/2024\/04\/about-hero-full-scaled.jpg');background-size:cover;background-position:56.99999999999999% 24%;background-attachment:scroll;background-repeat:no-repeat;}.kb-row-layout-id428_f0c475-aa > .kt-row-layout-overlay{opacity:0.30;}.kb-row-layout-id428_f0c475-aa ,.kb-row-layout-id428_f0c475-aa h1,.kb-row-layout-id428_f0c475-aa h2,.kb-row-layout-id428_f0c475-aa h3,.kb-row-layout-id428_f0c475-aa h4,.kb-row-layout-id428_f0c475-aa h5,.kb-row-layout-id428_f0c475-aa h6{color:var(--global-palette9, #ffffff);}@media all and (max-width: 1024px){.kb-row-layout-id428_f0c475-aa > .kt-row-column-wrap{grid-template-columns:repeat(2, minmax(0, 1fr));}}@media all and (max-width: 767px){.kb-row-layout-id428_f0c475-aa > .kt-row-column-wrap{grid-template-columns:minmax(0, 1fr);}.kb-row-layout-wrap.wp-block-kadence-rowlayout.kb-row-layout-id428_f0c475-aa{background-image:url('https:\/\/iesuccess.org\/wp-content\/uploads\/2024\/05\/learn-about-us-hero-mobile.jpeg');background-size:cover;background-position:center center;background-attachment:scroll;background-repeat:no-repeat;}}<\/style><div class=\"kb-row-layout-wrap kb-row-layout-id428_f0c475-aa alignnone kt-row-has-bg hero hero-angle wp-block-kadence-rowlayout\"><div class=\"kt-row-column-wrap kt-has-2-columns kt-row-layout-equal kt-tab-layout-inherit kt-mobile-layout-row kt-row-valign-middle kb-theme-content-width\">\n<style>.kadence-column428_13c170-5b > .kt-inside-inner-col,.kadence-column428_13c170-5b > .kt-inside-inner-col:before{border-top-left-radius:0px;border-top-right-radius:0px;border-bottom-right-radius:0px;border-bottom-left-radius:0px;}.kadence-column428_13c170-5b > .kt-inside-inner-col{column-gap:var(--global-kb-gap-sm, 1rem);}.kadence-column428_13c170-5b > .kt-inside-inner-col{flex-direction:column;}.kadence-column428_13c170-5b > .kt-inside-inner-col > .aligncenter{width:100%;}.kadence-column428_13c170-5b > .kt-inside-inner-col:before{opacity:0.3;}.kadence-column428_13c170-5b{position:relative;}@media all and (max-width: 1024px){.kadence-column428_13c170-5b > .kt-inside-inner-col{flex-direction:column;justify-content:center;}}@media all and (max-width: 767px){.kadence-column428_13c170-5b > .kt-inside-inner-col{flex-direction:column;justify-content:center;}}<\/style>\n<div class=\"wp-block-kadence-column kadence-column428_13c170-5b hero-content\"><div class=\"kt-inside-inner-col\">\n<h1 class=\"wp-block-heading title-decoration heading-underline green\">Sobre <em>Nosotros<\/em><\/h1>\n\n\n\n<p style=\"width:250px;\"> <\/p>\n<\/div><\/div>\n\n\n<style>.kadence-column428_14f9ce-44 > .kt-inside-inner-col,.kadence-column428_14f9ce-44 > .kt-inside-inner-col:before{border-top-left-radius:0px;border-top-right-radius:0px;border-bottom-right-radius:0px;border-bottom-left-radius:0px;}.kadence-column428_14f9ce-44 > .kt-inside-inner-col{column-gap:var(--global-kb-gap-sm, 1rem);}.kadence-column428_14f9ce-44 > .kt-inside-inner-col{flex-direction:column;}.kadence-column428_14f9ce-44 > .kt-inside-inner-col > .aligncenter{width:100%;}.kadence-column428_14f9ce-44 > .kt-inside-inner-col:before{opacity:0.3;}.kadence-column428_14f9ce-44{position:relative;}@media all and (max-width: 1024px){.kadence-column428_14f9ce-44 > .kt-inside-inner-col{flex-direction:column;justify-content:center;}}@media all and (max-width: 767px){.kadence-column428_14f9ce-44 > .kt-inside-inner-col{flex-direction:column;justify-content:center;}}<\/style>\n<div class=\"wp-block-kadence-column kadence-column428_14f9ce-44\"><div class=\"kt-inside-inner-col\"><\/div><\/div>\n\n<\/div><\/div><style>.kb-row-layout-id428_050c42-a3 > .kt-row-column-wrap{align-content:start;}:where(.kb-row-layout-id428_050c42-a3 > .kt-row-column-wrap) > .wp-block-kadence-column{justify-content:start;}.kb-row-layout-id428_050c42-a3 > .kt-row-column-wrap{column-gap:var(--global-kb-gap-md, 2rem);row-gap:var(--global-kb-gap-md, 2rem);padding-top:110px;padding-bottom:150px;grid-template-columns:minmax(0, calc(20% - ((var(--global-kb-gap-md, 2rem) * 2 )\/3)))minmax(0, calc(60% - ((var(--global-kb-gap-md, 2rem) * 2 )\/3)))minmax(0, calc(20% - ((var(--global-kb-gap-md, 2rem) * 2 )\/3)));}.kb-row-layout-id428_050c42-a3 > .kt-row-layout-overlay{opacity:0.30;}@media all and (max-width: 1024px){.kb-row-layout-id428_050c42-a3 > .kt-row-column-wrap > div:not(.added-for-specificity){grid-column:initial;}}@media all and (max-width: 1024px){.kb-row-layout-id428_050c42-a3 > .kt-row-column-wrap{grid-template-columns:minmax(0, 1fr) minmax(0, 3fr) minmax(0, 1fr);}}@media all and (max-width: 767px){.kb-row-layout-id428_050c42-a3 > .kt-row-column-wrap > div:not(.added-for-specificity){grid-column:initial;}.kb-row-layout-id428_050c42-a3 > .kt-row-column-wrap{grid-template-columns:minmax(0, 1fr);}}<\/style><div class=\"kb-row-layout-wrap kb-row-layout-id428_050c42-a3 alignnone wp-block-kadence-rowlayout\"><div class=\"kt-row-column-wrap kt-has-3-columns kt-row-layout-center-wide kt-tab-layout-inherit kt-mobile-layout-row kt-row-valign-top\">\n<style>.kadence-column428_df1279-59 > .kt-inside-inner-col,.kadence-column428_df1279-59 > .kt-inside-inner-col:before{border-top-left-radius:0px;border-top-right-radius:0px;border-bottom-right-radius:0px;border-bottom-left-radius:0px;}.kadence-column428_df1279-59 > .kt-inside-inner-col{column-gap:var(--global-kb-gap-sm, 1rem);}.kadence-column428_df1279-59 > .kt-inside-inner-col{flex-direction:column;}.kadence-column428_df1279-59 > .kt-inside-inner-col > .aligncenter{width:100%;}.kadence-column428_df1279-59 > .kt-inside-inner-col:before{opacity:0.3;}.kadence-column428_df1279-59{position:relative;}@media all and (max-width: 1024px){.kadence-column428_df1279-59 > .kt-inside-inner-col{flex-direction:column;justify-content:center;}}@media all and (max-width: 767px){.kadence-column428_df1279-59 > .kt-inside-inner-col{flex-direction:column;justify-content:center;}}<\/style>\n<div class=\"wp-block-kadence-column kadence-column428_df1279-59\"><div class=\"kt-inside-inner-col\"><\/div><\/div>\n\n\n<style>.kadence-column428_39504d-6d > .kt-inside-inner-col,.kadence-column428_39504d-6d > .kt-inside-inner-col:before{border-top-left-radius:0px;border-top-right-radius:0px;border-bottom-right-radius:0px;border-bottom-left-radius:0px;}.kadence-column428_39504d-6d > .kt-inside-inner-col{column-gap:var(--global-kb-gap-sm, 1rem);}.kadence-column428_39504d-6d > .kt-inside-inner-col{flex-direction:column;}.kadence-column428_39504d-6d > .kt-inside-inner-col > .aligncenter{width:100%;}.kadence-column428_39504d-6d > .kt-inside-inner-col:before{opacity:0.3;}.kadence-column428_39504d-6d{position:relative;}@media all and (max-width: 1024px){.kadence-column428_39504d-6d > .kt-inside-inner-col{flex-direction:column;justify-content:center;}}@media all and (max-width: 767px){.kadence-column428_39504d-6d > .kt-inside-inner-col{flex-direction:column;justify-content:center;}}<\/style>\n<div class=\"wp-block-kadence-column kadence-column428_39504d-6d\"><div class=\"kt-inside-inner-col\">\n<p class=\"has-text-align-center\" style=\"font-size:24px;line-height:1.6\">IE Success, creado por Growing Inland Achievement (GIA), trata de la colaboraci\u00f3n en todo Inland Empire para impulsar la educaci\u00f3n, conseguir que m\u00e1s gente trabaje en buenos empleos y reforzar nuestra econom\u00eda local. GIA enlaza una amplia red de socios en nuestra regi\u00f3n y sus alrededores, todos ellos centrados en garantizar el \u00e9xito de los estudiantes. Es un impulso colectivo para garantizar que nuestra comunidad prospere apoyando a los estudiantes para que alcancen sus objetivos educativos y profesionales.<\/p>\n\n\n\n<div style=\"height:18px\" aria-hidden=\"true\" class=\"wp-block-spacer\"><\/div>\n\n\n\n<div class=\"wp-block-buttons is-content-justification-center is-layout-flex wp-container-core-buttons-is-layout-16018d1d wp-block-buttons-is-layout-flex\">\n<div class=\"wp-block-button button-color03\"><a class=\"wp-block-button__link wp-element-button\" href=\"https:\/\/inlandempiregia.org\/\" target=\"_blank\" rel=\"noreferrer noopener\">M\u00e1s informaci\u00f3n sobre GIA<\/a><\/div>\n<\/div>\n<\/div><\/div>\n\n\n<style>.kadence-column428_404413-14 > .kt-inside-inner-col,.kadence-column428_404413-14 > .kt-inside-inner-col:before{border-top-left-radius:0px;border-top-right-radius:0px;border-bottom-right-radius:0px;border-bottom-left-radius:0px;}.kadence-column428_404413-14 > .kt-inside-inner-col{column-gap:var(--global-kb-gap-sm, 1rem);}.kadence-column428_404413-14 > .kt-inside-inner-col{flex-direction:column;}.kadence-column428_404413-14 > .kt-inside-inner-col > .aligncenter{width:100%;}.kadence-column428_404413-14 > .kt-inside-inner-col:before{opacity:0.3;}.kadence-column428_404413-14{position:relative;}@media all and (max-width: 1024px){.kadence-column428_404413-14 > .kt-inside-inner-col{flex-direction:column;justify-content:center;}}@media all and (max-width: 767px){.kadence-column428_404413-14 > .kt-inside-inner-col{flex-direction:column;justify-content:center;}}<\/style>\n<div class=\"wp-block-kadence-column kadence-column428_404413-14\"><div class=\"kt-inside-inner-col\"><\/div><\/div>\n\n<\/div><\/div>","protected":false},"excerpt":{"rendered":"<p>Sobre Nosotros IE Success, creado por Growing Inland Achievement (GIA), trata de la colaboraci\u00f3n en todo Inland Empire para impulsar la educaci\u00f3n, conseguir que m\u00e1s gente trabaje en buenos empleos y reforzar nuestra econom\u00eda local. GIA enlaza una amplia red de socios en nuestra regi\u00f3n y sus alrededores, todos ellos centrados en garantizar el \u00e9xito&#8230;<\/p>\n","protected":false},"author":4,"featured_media":1160,"parent":0,"menu_order":0,"comment_status":"closed","ping_status":"closed","template":"","meta":{"_acf_changed":false,"_kad_blocks_custom_css":"","_kad_blocks_head_custom_js":"","_kad_blocks_body_custom_js":"","_kad_blocks_footer_custom_js":"","_kad_post_transparent":"","_kad_post_title":"","_kad_post_layout":"","_kad_post_sidebar_id":"","_kad_post_content_style":"","_kad_post_vertical_padding":"","_kad_post_feature":"","_kad_post_feature_position":"","_kad_post_header":false,"_kad_post_footer":false,"_kad_post_classname":"","footnotes":""},"class_list":["post-3110","page","type-page","status-publish","has-post-thumbnail","hentry"],"acf":[],"taxonomy_info":[],"featured_image_src_large":["https:\/\/iesuccess.org\/wp-content\/uploads\/2024\/03\/OG-image-about-1024x538.jpg",1024,538,true],"author_info":{"display_name":"IE Success","author_link":"https:\/\/iesuccess.org\/es\/author\/brian\/"},"comment_info":0,"_links":{"self":[{"href":"https:\/\/iesuccess.org\/es\/wp-json\/wp\/v2\/pages\/3110","targetHints":{"allow":["GET"]}}],"collection":[{"href":"https:\/\/iesuccess.org\/es\/wp-json\/wp\/v2\/pages"}],"about":[{"href":"https:\/\/iesuccess.org\/es\/wp-json\/wp\/v2\/types\/page"}],"author":[{"embeddable":true,"href":"https:\/\/iesuccess.org\/es\/wp-json\/wp\/v2\/users\/4"}],"replies":[{"embeddable":true,"href":"https:\/\/iesuccess.org\/es\/wp-json\/wp\/v2\/comments?post=3110"}],"version-history":[{"count":2,"href":"https:\/\/iesuccess.org\/es\/wp-json\/wp\/v2\/pages\/3110\/revisions"}],"predecessor-version":[{"id":3407,"href":"https:\/\/iesuccess.org\/es\/wp-json\/wp\/v2\/pages\/3110\/revisions\/3407"}],"wp:featuredmedia":[{"embeddable":true,"href":"https:\/\/iesuccess.org\/es\/wp-json\/wp\/v2\/media\/1160"}],"wp:attachment":[{"href":"https:\/\/iesuccess.org\/es\/wp-json\/wp\/v2\/media?parent=3110"}],"curies":[{"name":"wp","href":"https:\/\/api.w.org\/{rel}","templated":true}]}}