{"id":2898,"date":"2024-06-17T10:13:48","date_gmt":"2024-06-17T17:13:48","guid":{"rendered":"https:\/\/iesuccess.org\/?page_id=2898"},"modified":"2024-06-28T00:06:59","modified_gmt":"2024-06-28T07:06:59","slug":"despues-completar-fafsa","status":"publish","type":"page","link":"https:\/\/iesuccess.org\/es\/recursos\/recursos-financieros\/fafsa\/despues-completar-fafsa\/","title":{"rendered":"Despu\u00e9s de completar la FAFSA"},"content":{"rendered":"<style>.kb-row-layout-id2897_8ce9be-85 > .kt-row-column-wrap{align-content:center;}:where(.kb-row-layout-id2897_8ce9be-85 > .kt-row-column-wrap) > .wp-block-kadence-column{justify-content:center;}.kb-row-layout-id2897_8ce9be-85 > .kt-row-column-wrap{column-gap:var(--global-kb-gap-md, 2rem);row-gap:var(--global-kb-gap-md, 2rem);max-width:var( --global-content-width, 1290px );padding-left:var(--global-content-edge-padding);padding-right:var(--global-content-edge-padding);padding-top:24px;padding-bottom:24px;grid-template-columns:minmax(0, calc(60% - ((var(--global-kb-gap-md, 2rem) * 1 )\/2)))minmax(0, calc(40% - ((var(--global-kb-gap-md, 2rem) * 1 )\/2)));}.kb-row-layout-id2897_8ce9be-85{background-image:url('https:\/\/iesuccess.org\/wp-content\/uploads\/2024\/06\/gia-iesuccess-after-completing-fafsa-scaled.jpg');background-size:cover;background-position:65% 28.000000000000004%;background-attachment:scroll;background-repeat:no-repeat;}.kb-row-layout-id2897_8ce9be-85 > .kt-row-layout-overlay{opacity:0.30;}.kb-row-layout-id2897_8ce9be-85 ,.kb-row-layout-id2897_8ce9be-85 h1,.kb-row-layout-id2897_8ce9be-85 h2,.kb-row-layout-id2897_8ce9be-85 h3,.kb-row-layout-id2897_8ce9be-85 h4,.kb-row-layout-id2897_8ce9be-85 h5,.kb-row-layout-id2897_8ce9be-85 h6{color:var(--global-palette9, #ffffff);}@media all and (max-width: 1024px){.kb-row-layout-id2897_8ce9be-85 > .kt-row-column-wrap{grid-template-columns:repeat(2, minmax(0, 1fr));}}@media all and (max-width: 767px){.kb-row-layout-id2897_8ce9be-85 > .kt-row-column-wrap{grid-template-columns:minmax(0, 1fr);}.kb-row-layout-wrap.wp-block-kadence-rowlayout.kb-row-layout-id2897_8ce9be-85{background-image:url('https:\/\/iesuccess.org\/wp-content\/uploads\/2024\/06\/gia-iesuccess-after-completing-fafsa-mobile.jpg');background-size:cover;background-position:48% 19%;background-attachment:scroll;background-repeat:no-repeat;}}<\/style><div class=\"kb-row-layout-wrap kb-row-layout-id2897_8ce9be-85 alignnone kt-row-has-bg hero hero-angle wp-block-kadence-rowlayout\"><div class=\"kt-row-column-wrap kt-has-2-columns kt-row-layout-equal kt-tab-layout-inherit kt-mobile-layout-row kt-row-valign-middle kb-theme-content-width\">\n<style>.kadence-column2897_63647e-b6 > .kt-inside-inner-col,.kadence-column2897_63647e-b6 > .kt-inside-inner-col:before{border-top-left-radius:0px;border-top-right-radius:0px;border-bottom-right-radius:0px;border-bottom-left-radius:0px;}.kadence-column2897_63647e-b6 > .kt-inside-inner-col{column-gap:var(--global-kb-gap-sm, 1rem);}.kadence-column2897_63647e-b6 > .kt-inside-inner-col{flex-direction:column;}.kadence-column2897_63647e-b6 > .kt-inside-inner-col > .aligncenter{width:100%;}.kadence-column2897_63647e-b6 > .kt-inside-inner-col:before{opacity:0.3;}.kadence-column2897_63647e-b6{position:relative;}@media all and (max-width: 1024px){.kadence-column2897_63647e-b6 > .kt-inside-inner-col{flex-direction:column;justify-content:center;}}@media all and (max-width: 767px){.kadence-column2897_63647e-b6 > .kt-inside-inner-col{flex-direction:column;justify-content:center;}}<\/style>\n<div class=\"wp-block-kadence-column kadence-column2897_63647e-b6 hero-content\"><div class=\"kt-inside-inner-col\">\n<h1 class=\"wp-block-heading title-decoration heading-underline green\">Despu\u00e9s de completar la <em>FAFSA<\/em><\/h1>\n\n\n\n<p style=\"width:250px;\"> <\/p>\n<\/div><\/div>\n\n\n<style>.kadence-column2897_635fa1-52 > .kt-inside-inner-col,.kadence-column2897_635fa1-52 > .kt-inside-inner-col:before{border-top-left-radius:0px;border-top-right-radius:0px;border-bottom-right-radius:0px;border-bottom-left-radius:0px;}.kadence-column2897_635fa1-52 > .kt-inside-inner-col{column-gap:var(--global-kb-gap-sm, 1rem);}.kadence-column2897_635fa1-52 > .kt-inside-inner-col{flex-direction:column;}.kadence-column2897_635fa1-52 > .kt-inside-inner-col > .aligncenter{width:100%;}.kadence-column2897_635fa1-52 > .kt-inside-inner-col:before{opacity:0.3;}.kadence-column2897_635fa1-52{position:relative;}@media all and (max-width: 1024px){.kadence-column2897_635fa1-52 > .kt-inside-inner-col{flex-direction:column;justify-content:center;}}@media all and (max-width: 767px){.kadence-column2897_635fa1-52 > .kt-inside-inner-col{flex-direction:column;justify-content:center;}}<\/style>\n<div class=\"wp-block-kadence-column kadence-column2897_635fa1-52\"><div class=\"kt-inside-inner-col\"><\/div><\/div>\n\n<\/div><\/div><style>.kb-row-layout-id2897_02c373-3c > .kt-row-column-wrap{align-content:start;}:where(.kb-row-layout-id2897_02c373-3c > .kt-row-column-wrap) > .wp-block-kadence-column{justify-content:start;}.kb-row-layout-id2897_02c373-3c > .kt-row-column-wrap{column-gap:var(--global-kb-gap-md, 2rem);row-gap:var(--global-kb-gap-md, 2rem);max-width:var( --global-content-width, 1290px );padding-left:var(--global-content-edge-padding);padding-right:var(--global-content-edge-padding);padding-top:110px;padding-bottom:150px;grid-template-columns:minmax(0, 1fr) minmax(0, 2fr);}.kb-row-layout-id2897_02c373-3c > .kt-row-layout-overlay{opacity:0.30;}@media all and (max-width: 1024px){.kb-row-layout-id2897_02c373-3c > .kt-row-column-wrap{grid-template-columns:minmax(0, 1fr) minmax(0, 2fr);}}@media all and (max-width: 767px){.kb-row-layout-id2897_02c373-3c > .kt-row-column-wrap{grid-template-columns:minmax(0, 1fr);}}<\/style><div class=\"kb-row-layout-wrap kb-row-layout-id2897_02c373-3c alignnone wp-block-kadence-rowlayout\"><div class=\"kt-row-column-wrap kt-has-2-columns kt-row-layout-right-golden kt-tab-layout-inherit kt-mobile-layout-row kt-row-valign-top kb-theme-content-width\">\n<style>.kadence-column2897_5f58a4-76 > .kt-inside-inner-col{display:flex;}#wrapper.site{overflow:clip;}.kadence-column2897_5f58a4-76 > .kt-inside-inner-col,.kadence-column2897_5f58a4-76 > .kt-inside-inner-col:before{border-top-left-radius:0px;border-top-right-radius:0px;border-bottom-right-radius:0px;border-bottom-left-radius:0px;}.kadence-column2897_5f58a4-76 > .kt-inside-inner-col{row-gap:var(--global-kb-gap-none, 0rem );column-gap:var(--global-kb-gap-sm, 1rem);}.kadence-column2897_5f58a4-76 > .kt-inside-inner-col{flex-direction:column;}.kadence-column2897_5f58a4-76 > .kt-inside-inner-col > .aligncenter{width:100%;}.kadence-column2897_5f58a4-76 > .kt-inside-inner-col:before{opacity:0.3;}.kadence-column2897_5f58a4-76{position:relative;}@media all and (max-width: 1024px){.kadence-column2897_5f58a4-76 > .kt-inside-inner-col{flex-direction:column;justify-content:center;}}@media all and (max-width: 767px){.kadence-column2897_5f58a4-76 > .kt-inside-inner-col{flex-direction:column;justify-content:center;}}<\/style>\n<div class=\"wp-block-kadence-column kadence-column2897_5f58a4-76 kb-section-is-sticky sticky-sidebar-wrapper\"><div class=\"kt-inside-inner-col\">\n<p><strong>Su FAFSA est\u00e1 presentada, \u00bfy ahora qu\u00e9?<\/strong><\/p>\n\n\n\n<p><a href=\"#section-1a\">Confirmaci\u00f3n y procesamiento<\/a><br\/><a href=\"#section-1b\">Eval\u00fae sus ofertas de ayuda financiera<\/a><br\/><a href=\"#section-1c\">\u00bfNo recibi\u00f3 suficiente ayuda financiera?<\/a><br\/><a href=\"#section-1d\">Tomando tu decisi\u00f3n<\/a><\/p>\n\n\n\n<p><strong>Explorando Opciones de Ayuda Financiera: Tu Camino para Costear la Universidad<\/strong><\/p>\n\n\n\n<p><a href=\"#section-2a\">Completa la solicitud FAFSA<\/a><br\/><a href=\"#section-2b\">Becas<\/a><br\/><a href=\"#section-2c\">Subvenciones<\/a><br\/><a href=\"#section-2d\">Programas de Estudio y Trabajo<\/a><br\/><a href=\"#section-2e\">Pr\u00e9stamos<\/a><br\/><a href=\"#section-2f\">Consejos para Maximizar la Ayuda Financiera<\/a><br\/><\/p>\n\n\n\n<p><\/p>\n<\/div><\/div>\n\n\n<style>.kadence-column2897_b3a89e-f2 > .kt-inside-inner-col,.kadence-column2897_b3a89e-f2 > .kt-inside-inner-col:before{border-top-left-radius:0px;border-top-right-radius:0px;border-bottom-right-radius:0px;border-bottom-left-radius:0px;}.kadence-column2897_b3a89e-f2 > .kt-inside-inner-col{column-gap:var(--global-kb-gap-sm, 1rem);}.kadence-column2897_b3a89e-f2 > .kt-inside-inner-col{flex-direction:column;}.kadence-column2897_b3a89e-f2 > .kt-inside-inner-col > .aligncenter{width:100%;}.kadence-column2897_b3a89e-f2 > .kt-inside-inner-col:before{opacity:0.3;}.kadence-column2897_b3a89e-f2{position:relative;}@media all and (max-width: 1024px){.kadence-column2897_b3a89e-f2 > .kt-inside-inner-col{flex-direction:column;justify-content:center;}}@media all and (max-width: 767px){.kadence-column2897_b3a89e-f2 > .kt-inside-inner-col{flex-direction:column;justify-content:center;}}<\/style>\n<div class=\"wp-block-kadence-column kadence-column2897_b3a89e-f2\"><div class=\"kt-inside-inner-col\">\n<h2 class=\"wp-block-heading\" id=\"section-1\">Su FAFSA est\u00e1 presentada, \u00bfy ahora qu\u00e9?<\/h2>\n\n\n\n<p>\u00a1Felicitaciones por completar tu aplicaci\u00f3n FAFSA! Has dado un gran paso hacia asegurar ayuda financiera para la universidad. Ahora que has completado tu solicitud, es momento de averiguar qu\u00e9 sigue. Entender el proceso de la solicitud te ayudar\u00e1 a mantenerte informado y asegurar que obtengas la ayuda financiera que necesitas. Desde recibir correos electr\u00f3nicos con confirmaciones hasta evaluar ofertas de ayuda financiera, estamos aqu\u00ed para guiarte en cada paso. Veamos lo que puedes esperar despu\u00e9s de enviar tu <a href=\"\" target=\"\" rel=\"noopener\">Solicitud Gratuita de Ayuda Federal para Estudiantes<\/a> y c\u00f3mo aprovechar al m\u00e1ximo tus oportunidades de ayuda financiera.      <\/p>\n\n\n\n<h3 class=\"wp-block-heading\" id=\"section-1a\"><strong>Confirmaci\u00f3n y Procesamiento:<\/strong><\/h3>\n\n\n\n<p>Despu\u00e9s de enviar tu FAFSA, recibir\u00e1s un correo electr\u00f3nico con la confirmaci\u00f3n. Este correo significa que tu solicitud est\u00e1 siendo revisada. Si tienes correcciones, no pueden hacerse hasta que el procesamiento de tu solicitud est\u00e9 completa. En aproximadamente 3-5 d\u00edas, tu FAFSA ser\u00e1 procesada y recibir\u00e1s un Resumen de Presentaci\u00f3n de FAFSA por correo electr\u00f3nico. Revisa esta informaci\u00f3n cuidadosamente.     <\/p>\n\n\n\n<p><strong>Posibles pasos para tu FAFSA:<\/strong> <\/p>\n\n\n\n<p><strong>Procesada<\/strong>: Tu informaci\u00f3n se env\u00eda a las universidades. <\/p>\n\n\n\n<p><strong>Acci\u00f3n Requerida<\/strong>: Soluciona problemas como firmas faltantes o informaci\u00f3n incorrecta seg\u00fan lo indicado en tu resumen. <\/p>\n\n\n\n<p><strong>Verificaci\u00f3n<\/strong>: Proporciona documentaci\u00f3n adicional si se te solicita. <\/p>\n\n\n\n<p>Si no hay errores, tu <a href=\"https:\/\/studentaid.gov\/help-center\/answers\/article\/what-is-sai\" target=\"_blank\" rel=\"noreferrer noopener\">\u00cdndice de Ayuda Estudiantil (SAI)<\/a> aparecer\u00e1 en tu Resumen de Presentaci\u00f3n de FAFSA. Las escuelas usan tu SAI para determinar la elegibilidad de ayuda financiera. La lista de escuelas que enviaste acceder\u00e1n a tu Resumen de FAFSA y revisar\u00e1n tu SAI y la informaci\u00f3n financiera para determinar tu paquete de ayuda.  <\/p>\n\n\n\n<h3 class=\"wp-block-heading\" id=\"section-1b\"><strong>Evaluar tus Ofertas de Ayuda Financiera<\/strong> <\/h3>\n\n\n\n<p>Las cartas de oferta de ayuda financiera ser\u00e1n emitidas directamente por las escuelas que enviaste en tu solicitud FAFSA. Compara estas ofertas y disc\u00fatelas con tu padre\/madre\/guardi\u00e1n o un adulto de confianza para tomar la mejor decisi\u00f3n para tu educaci\u00f3n.   <\/p>\n\n\n\n<p>Tu carta de ayuda financiera incluir\u00e1: <\/p>\n\n\n\n<ul class=\"wp-block-list\">\n<li><strong>Costo Total de Asistencia (COA)<\/strong>: Gastos universitarios estimados anualmente. <\/li>\n<\/ul>\n\n\n\n<ul class=\"wp-block-list\">\n<li><strong>\u00cdndice de Ayuda Estudiantil (SAI)<\/strong>: Calculado a partir de tu FAFSA para determinar la elegibilidad de ayuda. <\/li>\n<\/ul>\n\n\n\n<ul class=\"wp-block-list\">\n<li><strong>Becas y Subvenciones<\/strong>: Dinero que no necesita ser reembolsado. <\/li>\n<\/ul>\n\n\n\n<ul class=\"wp-block-list\">\n<li><strong>Precio Neto<\/strong>: Costo de asistencia menos becas y subvenciones. <\/li>\n<\/ul>\n\n\n\n<ul class=\"wp-block-list\">\n<li><strong>Pr\u00e9stamos y Trabajo-Estudio<\/strong>: Pr\u00e9stamos federales disponibles y opciones de trabajo-estudio. <\/li>\n<\/ul>\n\n\n\n<p>Aprende m\u00e1s sobre los diferentes tipos de ayuda disponibles leyendo nuestra gu\u00eda sobre Explorando Opciones de Ayuda Financiera <\/p>\n\n\n\n<h3 class=\"wp-block-heading\" id=\"section-1c\"><strong>\u00bfNo Obtuviste Suficiente Ayuda Financiera? Esto es lo que debes hacer: <\/strong><\/h3>\n\n\n\n<p>Solicita un cambio de circunstancias en la oficina de ayuda financiera de tu universidad. As\u00ed es c\u00f3mo:  <\/p>\n\n\n\n<ul class=\"wp-block-list\">\n<li><strong>Conoce el T\u00e9rmino<\/strong>: Cuando hables con tu oficina de ayuda financiera, pide un &#8220;cambio de circunstancias&#8221; (change of circumstance en ingl\u00e9s) <\/li>\n<\/ul>\n\n\n\n<ul class=\"wp-block-list\">\n<li><strong>Re\u00fane Documentaci\u00f3n<\/strong>: Proporciona pruebas de cualquier cambio en tu situaci\u00f3n financiera en los \u00faltimos dos a\u00f1os. <\/li>\n<\/ul>\n\n\n\n<ul class=\"wp-block-list\">\n<li><strong>Inicia la Conversaci\u00f3n<\/strong>: Contacta a tu oficina de ayuda financiera para discutir tu situaci\u00f3n y solicitar un ajuste. <\/li>\n<\/ul>\n\n\n\n<p>Finalmente, \u00a1no te preocupes! Consulta recursos gratuitos como <a href=\"\" target=\"\" rel=\"noopener\">SwiftStudent<\/a> para ayudarte a escribir una carta de apelaci\u00f3n de ayuda financiera y entender mejor el proceso de apelaci\u00f3n de ayuda financiera.  <\/p>\n\n\n\n<h3 class=\"wp-block-heading\" id=\"section-1d\"><strong>Tomando tu Decisi\u00f3n<\/strong><\/h3>\n\n\n\n<ul class=\"wp-block-list\">\n<li><strong>Ajuste Financiero<\/strong>: Elige una escuela que ofrezca un buen ajuste financiero, lo que significa que no te quedar\u00e1s con necesidades significativas no cubiertas ni tendr\u00e1s que tomar grandes pr\u00e9stamos. <\/li>\n<\/ul>\n\n\n\n<ul class=\"wp-block-list\">\n<li><strong>Crea un Presupuesto<\/strong>: Usa tu carta de premio de ayuda financiera para crear un presupuesto, considerando todos tus gastos y la ayuda ofrecida. <\/li>\n<\/ul>\n\n\n\n<ul class=\"wp-block-list\">\n<li><strong>Busca Consejos<\/strong>: Habla con padres\/guadianes\/tutores, educadores de confianza y miembros de la familia que asistieron a la universidad para obtener sus perspectivas. <\/li>\n<\/ul>\n\n\n\n<p>Entender los pasos despu\u00e9s de llenar la FAFSA te ayudar\u00e1 a obtener la ayuda financiera que necesitas. Si tienes alguna pregunta, consulta con la oficina de ayuda financiera de tu escuela. Comparar tus ofertas de ayuda financiera y planificar tus finanzas sabiamente te ayudar\u00e1 a tener \u00e9xito en la universidad. \u00a1Buena suerte y felicidades por dar este importante paso hacia tu educaci\u00f3n!    <\/p>\n\n\n\n<h2 class=\"wp-block-heading\" id=\"section-2\"><strong>Explorando Opciones de Ayuda Financiera: Tu Camino para Costear la Universidad<\/strong><\/h2>\n\n\n\n<p>En IE Success, sabemos que averiguar tus opciones de ayuda financiera puede sentirse inmenso, pero es un paso crucial para hacer la universidad m\u00e1s asequible. \u00a1No te preocupes, estamos aqu\u00ed para ayudarte! Esta gu\u00eda te llevar\u00e1 a trav\u00e9s de varios recursos de ayuda financiera, mostr\u00e1ndote c\u00f3mo acceder a ellos y aprovecharlos de manera efectiva.   <\/p>\n\n\n\n<h3 class=\"wp-block-heading\" id=\"section-2a\"><strong>Completa la solicitud FAFSA<\/strong> <\/h3>\n\n\n\n<p>La <a href=\"https:\/\/studentaid.gov\/h\/apply-for-aid\/fafsa\" target=\"_blank\" rel=\"noreferrer noopener\">Solicitud Gratuita de Ayuda Federal para Estudiantes (FAFSA)<\/a> es tu puerta de entrada a subvenciones federales, programas de estudio y trabajo, y pr\u00e9stamos. Env\u00eda tu FAFSA lo antes posible para maximizar tu potencial de ayuda. Aquellos que la env\u00edan temprano a menudo califican para m\u00e1s subvenciones y becas.  <\/p>\n\n\n\n<p><strong>Tipos de Ayuda Financiera Disponibles incluyen:<\/strong> <\/p>\n\n\n\n<h3 class=\"wp-block-heading\" id=\"section-2b\"><strong>Becas<\/strong><\/h3>\n\n\n\n<p>Las becas son dinero gratuito otorgado en base a necesidad financiera, m\u00e9rito acad\u00e9mico, talento u otros criterios. \u00bfLa mejor parte? No las pagas de tu bolsillo. Busca becas regularmente y aplica a las que le tengas elegibilidad. Las becas pueden reducir significativamente tus costos de bolsillo. Comienza consultando con tu escuela para ver qu\u00e9 becas pueden estar disponibles.      <\/p>\n\n\n\n<p>Los consejeros de secundaria tienen informaci\u00f3n sobre becas locales y pueden guiarte en el proceso de solicitud. Adem\u00e1s, las universidades frecuentemente ofrecen sus propias becas, y sus oficinas de ayuda financiera pueden proporcionar detalles sobre c\u00f3mo aplicar.  <\/p>\n\n\n\n<p><strong>Recursos Nacionales de Becas:<\/strong><\/p>\n\n\n\n<ul class=\"wp-block-list\">\n<li><strong>Fastweb<\/strong>: Una de las plataformas de b\u00fasqueda de becas m\u00e1s completas, que ofrece informaci\u00f3n personalizada basadas en tu perfil de estudiante. <\/li>\n<\/ul>\n\n\n\n<ul class=\"wp-block-list\">\n<li><strong>Scholarships.com<\/strong>: Ofrece una amplia gama de oportunidades de becas y una herramienta de b\u00fasqueda f\u00e1cil de usar. <\/li>\n<\/ul>\n\n\n\n<ul class=\"wp-block-list\">\n<li><strong>Immigrants Rising<\/strong>: Presenta una lista <a href=\"https:\/\/immigrantsrising.org\/resource\/list-of-scholarships-and-fellowships\/\" target=\"_blank\" rel=\"noreferrer noopener\">seleccionada de becas y programas de becas<\/a>. <\/li>\n<\/ul>\n\n\n\n<ul class=\"wp-block-list\">\n<li><strong>Get Schooled Scholarship Finder<\/strong>: Una gran herramienta para encontrar becas y seguir los plazos. <\/li>\n<\/ul>\n\n\n\n<h3 class=\"wp-block-heading\" id=\"section-2c\"><strong>Subvenciones<\/strong><\/h3>\n\n\n\n<p>Las subvenciones suelen basarse en la necesidad y tampoco requieren reembolso. Las subvenciones comunes incluyen la <a href=\"\" target=\"\" rel=\"noopener\">subvenci\u00f3n federal Pell<\/a> y la <a href=\"\" target=\"\" rel=\"noopener\">beca Cal Grant<\/a>, ambas para las cuales puedes calificar.  <\/p>\n\n\n\n<ul class=\"wp-block-list\">\n<li>El <a href=\"https:\/\/admission.universityofcalifornia.edu\/tuition-financial-aid\/types-of-aid\/blue-and-gold-opportunity-plan.html\" target=\"_blank\" rel=\"noreferrer noopener\">Blue and Gold Opportunity Plan<\/a> ofrece un apoyo financiero significativo a los estudiantes elegibles de California. No necesitas completar una solicitud separada para calificar; los estudiantes elegibles reciben autom\u00e1ticamente los beneficios. <\/li>\n<\/ul>\n\n\n\n<h3 class=\"wp-block-heading\" id=\"section-2d\"><strong>Programas de Estudio y Trabajo<\/strong><\/h3>\n\n\n\n<p>Los programas federales de estudio y trabajo proporcionan empleo de medio tiempo para ayudar a los estudiantes a ganar dinero para pagar los gastos educativos. Estos trabajos suelen ser en el campus y pueden ofrecer horarios flexibles. Adem\u00e1s, programas como el <a href=\"\" target=\"\" rel=\"noopener\">California Volunteers College Corps<\/a> ofrecen oportunidades para ganar dinero mientras sirves a tu comunidad.   <\/p>\n\n\n\n<h3 class=\"wp-block-heading\" id=\"section-2e\"><strong>Pr\u00e9stamos<\/strong><\/h3>\n\n\n\n<p>Los pr\u00e9stamos son dinero prestado que debe ser reembolsado con inter\u00e9s. <\/p>\n\n\n\n<ul class=\"wp-block-list\">\n<li>Pr\u00e9stamos Federales para Estudiantes: Financiados por el gobierno federal, estos pr\u00e9stamos generalmente ofrecen tasas de inter\u00e9s bajas y opciones de pago flexibles. <\/li>\n<\/ul>\n\n\n\n<ul class=\"wp-block-list\">\n<li>Pr\u00e9stamos Privados: Ofrecidos por organizaciones privadas como bancos e instituciones financieras, estos pr\u00e9stamos son generalmente m\u00e1s caros y requieren una verificaci\u00f3n de cr\u00e9dito. <\/li>\n<\/ul>\n\n\n\n<p>Recuerda, independientemente del tipo de pr\u00e9stamo, pide prestado s\u00f3lo lo que sea necesario. <\/p>\n\n\n\n<h3 class=\"wp-block-heading\" id=\"section-2f\"><strong>Consejos para Maximizar la Ayuda Financiera<\/strong><\/h3>\n\n\n\n<p><strong>Comienza Temprano<\/strong>: Inicia tu b\u00fasqueda y proceso de solicitud temprano para asegurarte de cumplir con todos los plazos. Presta mucha atenci\u00f3n a los plazos de solicitud para FAFSA, becas y subvenciones. Perder los plazos puede limitar tus oportunidades de ayuda financiera.   <\/p>\n\n\n\n<p><strong>Mantente Organizado<\/strong>: Lleva un registro de todas las solicitudes y documentos requeridos. Utiliza herramientas como el <a href=\"\" target=\"\" rel=\"noopener\">Get Schooled Scholarship Tracker<\/a> y su <a href=\"\" target=\"\" rel=\"noopener\">Scholarship Finder<\/a> para mantener un seguimiento de las fechas y requisitos importantes.  <\/p>\n\n\n\n<p><strong>Busca Orientaci\u00f3n<\/strong>: Utiliza los consejeros escolares y recursos en l\u00ednea como las <a href=\"https:\/\/iecashforcollege.org\/2024\/01\/office-hours\/\" target=\"_blank\" rel=\"noreferrer noopener\">horas de oficina <\/a> de Cash for College para navegar el proceso de ayuda financiera. <\/p>\n\n\n\n<h3 class=\"wp-block-heading\"><strong>\u00a1T\u00fa Puedes!<\/strong><\/h3>\n\n\n\n<p>Elegir las opciones adecuadas de ayuda financiera es un gran paso, \u00a1t\u00fa puedes hacerlo! Usa los recursos disponibles, lleva un seguimiento de las fechas l\u00edmites y mantente organizado. Recuerda, se trata de encontrar la mejor opci\u00f3n para ti. Felicitaciones por dar estos importantes pasos hacia su futuro. Est\u00e1s en camino a una experiencia universitaria incre\u00edble.     <\/p>\n\n\n\n<p>Inland Empire Success es tu recurso principal para admisiones universitarias y ayuda financiera en el IE. Explora nuestro sitio para obtener m\u00e1s informaci\u00f3n \u00fatil, inscr\u00edbete en un taller, mira un video o lee m\u00e1s art\u00edculos. \u00a1Estamos aqu\u00ed para ayudarte a tener \u00e9xito!   <\/p>\n<\/div><\/div>\n\n<\/div><\/div>","protected":false},"excerpt":{"rendered":"<p>Despu\u00e9s de completar la FAFSA Su FAFSA est\u00e1 presentada, \u00bfy ahora qu\u00e9? Confirmaci\u00f3n y procesamientoEval\u00fae sus ofertas de ayuda financiera\u00bfNo recibi\u00f3 suficiente ayuda financiera?Tomando tu decisi\u00f3n Explorando Opciones de Ayuda Financiera: Tu Camino para Costear la Universidad Completa la solicitud FAFSABecasSubvencionesProgramas de Estudio y TrabajoPr\u00e9stamosConsejos para Maximizar la Ayuda Financiera Su FAFSA est\u00e1 presentada, \u00bfy&#8230;<\/p>\n","protected":false},"author":4,"featured_media":2877,"parent":2735,"menu_order":0,"comment_status":"closed","ping_status":"closed","template":"","meta":{"_acf_changed":false,"_kad_blocks_custom_css":"","_kad_blocks_head_custom_js":"","_kad_blocks_body_custom_js":"","_kad_blocks_footer_custom_js":"","_kad_post_transparent":"","_kad_post_title":"","_kad_post_layout":"","_kad_post_sidebar_id":"","_kad_post_content_style":"","_kad_post_vertical_padding":"","_kad_post_feature":"","_kad_post_feature_position":"","_kad_post_header":false,"_kad_post_footer":false,"_kad_post_classname":"","footnotes":""},"class_list":["post-2898","page","type-page","status-publish","has-post-thumbnail","hentry"],"acf":[],"taxonomy_info":[],"featured_image_src_large":["https:\/\/iesuccess.org\/wp-content\/uploads\/2024\/06\/gia-fafsa-blog-image-1024x649.jpg",1024,649,true],"author_info":{"display_name":"IE Success","author_link":"https:\/\/iesuccess.org\/es\/author\/brian\/"},"comment_info":0,"_links":{"self":[{"href":"https:\/\/iesuccess.org\/es\/wp-json\/wp\/v2\/pages\/2898","targetHints":{"allow":["GET"]}}],"collection":[{"href":"https:\/\/iesuccess.org\/es\/wp-json\/wp\/v2\/pages"}],"about":[{"href":"https:\/\/iesuccess.org\/es\/wp-json\/wp\/v2\/types\/page"}],"author":[{"embeddable":true,"href":"https:\/\/iesuccess.org\/es\/wp-json\/wp\/v2\/users\/4"}],"replies":[{"embeddable":true,"href":"https:\/\/iesuccess.org\/es\/wp-json\/wp\/v2\/comments?post=2898"}],"version-history":[{"count":4,"href":"https:\/\/iesuccess.org\/es\/wp-json\/wp\/v2\/pages\/2898\/revisions"}],"predecessor-version":[{"id":3859,"href":"https:\/\/iesuccess.org\/es\/wp-json\/wp\/v2\/pages\/2898\/revisions\/3859"}],"up":[{"embeddable":true,"href":"https:\/\/iesuccess.org\/es\/wp-json\/wp\/v2\/pages\/2735"}],"wp:featuredmedia":[{"embeddable":true,"href":"https:\/\/iesuccess.org\/es\/wp-json\/wp\/v2\/media\/2877"}],"wp:attachment":[{"href":"https:\/\/iesuccess.org\/es\/wp-json\/wp\/v2\/media?parent=2898"}],"curies":[{"name":"wp","href":"https:\/\/api.w.org\/{rel}","templated":true}]}}