{"id":2893,"date":"2024-06-14T15:14:44","date_gmt":"2024-06-14T22:14:44","guid":{"rendered":"https:\/\/iesuccess.org\/?page_id=2893"},"modified":"2024-06-27T14:32:01","modified_gmt":"2024-06-27T21:32:01","slug":"completar-fafsa","status":"publish","type":"page","link":"https:\/\/iesuccess.org\/es\/recursos\/recursos-financieros\/fafsa\/completar-fafsa\/","title":{"rendered":"Completar la FAFSA"},"content":{"rendered":"<style>.kb-row-layout-id2892_7100ff-26 > .kt-row-column-wrap{align-content:center;}:where(.kb-row-layout-id2892_7100ff-26 > .kt-row-column-wrap) > .wp-block-kadence-column{justify-content:center;}.kb-row-layout-id2892_7100ff-26 > .kt-row-column-wrap{column-gap:var(--global-kb-gap-md, 2rem);row-gap:var(--global-kb-gap-md, 2rem);max-width:var( --global-content-width, 1290px );padding-left:var(--global-content-edge-padding);padding-right:var(--global-content-edge-padding);padding-top:24px;padding-bottom:24px;grid-template-columns:minmax(0, calc(60% - ((var(--global-kb-gap-md, 2rem) * 1 )\/2)))minmax(0, calc(40% - ((var(--global-kb-gap-md, 2rem) * 1 )\/2)));}.kb-row-layout-id2892_7100ff-26{background-image:url('https:\/\/iesuccess.org\/wp-content\/uploads\/2024\/06\/gia-iesuccess-completing-fafsa-scaled.jpg');background-size:cover;background-position:79% 27%;background-attachment:scroll;background-repeat:no-repeat;}.kb-row-layout-id2892_7100ff-26 > .kt-row-layout-overlay{opacity:0.30;}.kb-row-layout-id2892_7100ff-26 ,.kb-row-layout-id2892_7100ff-26 h1,.kb-row-layout-id2892_7100ff-26 h2,.kb-row-layout-id2892_7100ff-26 h3,.kb-row-layout-id2892_7100ff-26 h4,.kb-row-layout-id2892_7100ff-26 h5,.kb-row-layout-id2892_7100ff-26 h6{color:var(--global-palette9, #ffffff);}@media all and (max-width: 1024px){.kb-row-layout-id2892_7100ff-26 > .kt-row-column-wrap{grid-template-columns:repeat(2, minmax(0, 1fr));}}@media all and (max-width: 767px){.kb-row-layout-id2892_7100ff-26 > .kt-row-column-wrap{grid-template-columns:minmax(0, 1fr);}.kb-row-layout-wrap.wp-block-kadence-rowlayout.kb-row-layout-id2892_7100ff-26{background-image:url('https:\/\/iesuccess.org\/wp-content\/uploads\/2024\/06\/gia-iesuccess-completing-fafsa-mobile.jpg');background-size:cover;background-position:63% 18%;background-attachment:scroll;background-repeat:no-repeat;}}<\/style><div class=\"kb-row-layout-wrap kb-row-layout-id2892_7100ff-26 alignnone kt-row-has-bg hero hero-angle wp-block-kadence-rowlayout\"><div class=\"kt-row-column-wrap kt-has-2-columns kt-row-layout-equal kt-tab-layout-inherit kt-mobile-layout-row kt-row-valign-middle kb-theme-content-width\">\n<style>.kadence-column2892_0d05b9-09 > .kt-inside-inner-col,.kadence-column2892_0d05b9-09 > .kt-inside-inner-col:before{border-top-left-radius:0px;border-top-right-radius:0px;border-bottom-right-radius:0px;border-bottom-left-radius:0px;}.kadence-column2892_0d05b9-09 > .kt-inside-inner-col{column-gap:var(--global-kb-gap-sm, 1rem);}.kadence-column2892_0d05b9-09 > .kt-inside-inner-col{flex-direction:column;}.kadence-column2892_0d05b9-09 > .kt-inside-inner-col > .aligncenter{width:100%;}.kadence-column2892_0d05b9-09 > .kt-inside-inner-col:before{opacity:0.3;}.kadence-column2892_0d05b9-09{position:relative;}@media all and (max-width: 1024px){.kadence-column2892_0d05b9-09 > .kt-inside-inner-col{flex-direction:column;justify-content:center;}}@media all and (max-width: 767px){.kadence-column2892_0d05b9-09 > .kt-inside-inner-col{flex-direction:column;justify-content:center;}}<\/style>\n<div class=\"wp-block-kadence-column kadence-column2892_0d05b9-09 hero-content\"><div class=\"kt-inside-inner-col\">\n<h1 class=\"wp-block-heading title-decoration heading-underline green\"><em>Completar la FAFSA <\/em><\/h1>\n\n\n\n<p style=\"width:250px;\"> <\/p>\n<\/div><\/div>\n\n\n<style>.kadence-column2892_2f6129-08 > .kt-inside-inner-col,.kadence-column2892_2f6129-08 > .kt-inside-inner-col:before{border-top-left-radius:0px;border-top-right-radius:0px;border-bottom-right-radius:0px;border-bottom-left-radius:0px;}.kadence-column2892_2f6129-08 > .kt-inside-inner-col{column-gap:var(--global-kb-gap-sm, 1rem);}.kadence-column2892_2f6129-08 > .kt-inside-inner-col{flex-direction:column;}.kadence-column2892_2f6129-08 > .kt-inside-inner-col > .aligncenter{width:100%;}.kadence-column2892_2f6129-08 > .kt-inside-inner-col:before{opacity:0.3;}.kadence-column2892_2f6129-08{position:relative;}@media all and (max-width: 1024px){.kadence-column2892_2f6129-08 > .kt-inside-inner-col{flex-direction:column;justify-content:center;}}@media all and (max-width: 767px){.kadence-column2892_2f6129-08 > .kt-inside-inner-col{flex-direction:column;justify-content:center;}}<\/style>\n<div class=\"wp-block-kadence-column kadence-column2892_2f6129-08\"><div class=\"kt-inside-inner-col\"><\/div><\/div>\n\n<\/div><\/div><style>.kb-row-layout-id2892_342967-db > .kt-row-column-wrap{align-content:start;}:where(.kb-row-layout-id2892_342967-db > .kt-row-column-wrap) > .wp-block-kadence-column{justify-content:start;}.kb-row-layout-id2892_342967-db > .kt-row-column-wrap{column-gap:var(--global-kb-gap-md, 2rem);row-gap:var(--global-kb-gap-md, 2rem);max-width:var( --global-content-width, 1290px );padding-left:var(--global-content-edge-padding);padding-right:var(--global-content-edge-padding);padding-top:110px;padding-bottom:150px;grid-template-columns:minmax(0, 1fr) minmax(0, 2fr);}.kb-row-layout-id2892_342967-db > .kt-row-layout-overlay{opacity:0.30;}@media all and (max-width: 1024px){.kb-row-layout-id2892_342967-db > .kt-row-column-wrap{grid-template-columns:minmax(0, 1fr) minmax(0, 2fr);}}@media all and (max-width: 767px){.kb-row-layout-id2892_342967-db > .kt-row-column-wrap{grid-template-columns:minmax(0, 1fr);}}<\/style><div class=\"kb-row-layout-wrap kb-row-layout-id2892_342967-db alignnone wp-block-kadence-rowlayout\"><div class=\"kt-row-column-wrap kt-has-2-columns kt-row-layout-right-golden kt-tab-layout-inherit kt-mobile-layout-row kt-row-valign-top kb-theme-content-width\">\n<style>.kadence-column2892_36fce0-b8 > .kt-inside-inner-col{display:flex;}#wrapper.site{overflow:clip;}.kadence-column2892_36fce0-b8 > .kt-inside-inner-col,.kadence-column2892_36fce0-b8 > .kt-inside-inner-col:before{border-top-left-radius:0px;border-top-right-radius:0px;border-bottom-right-radius:0px;border-bottom-left-radius:0px;}.kadence-column2892_36fce0-b8 > .kt-inside-inner-col{row-gap:var(--global-kb-gap-none, 0rem );column-gap:var(--global-kb-gap-sm, 1rem);}.kadence-column2892_36fce0-b8 > .kt-inside-inner-col{flex-direction:column;}.kadence-column2892_36fce0-b8 > .kt-inside-inner-col > .aligncenter{width:100%;}.kadence-column2892_36fce0-b8 > .kt-inside-inner-col:before{opacity:0.3;}.kadence-column2892_36fce0-b8{position:relative;}@media all and (max-width: 1024px){.kadence-column2892_36fce0-b8 > .kt-inside-inner-col{flex-direction:column;justify-content:center;}}@media all and (max-width: 767px){.kadence-column2892_36fce0-b8 > .kt-inside-inner-col{flex-direction:column;justify-content:center;}}<\/style>\n<div class=\"wp-block-kadence-column kadence-column2892_36fce0-b8 kb-section-is-sticky sticky-sidebar-wrapper\"><div class=\"kt-inside-inner-col\">\n<p><strong>Re\u00fana su informaci\u00f3n<\/strong><\/p>\n\n\n\n<p><a href=\"#section-1a\"><\/a><a href=\"#section-1a\">Documentos esenciales<\/a><br\/><a href=\"#section-1b\"><\/a><a href=\"#section-1b\">Por qu\u00e9 son importantes estos documentos<\/a><br\/><a href=\"#section-1c\"><\/a><a href=\"#section-1c\">Padres\/tutores sin n\u00famero de seguro social<\/a><br\/><a href=\"#section-1d\"><\/a><a href=\"#section-1d\">Consejos para empezar<\/a><\/p>\n\n\n\n<p><strong>Declaraci\u00f3n de ingresos de padres y tutores<\/strong><\/p>\n\n\n\n<p><a href=\"#section-2a\"><\/a><a href=\"#section-2a\">\u00bfQu\u00e9 ingresos de padres\/tutores debo declarar en mi FAFSA?<\/a><br\/><a href=\"#section-2b\"><\/a><a href=\"#section-2b\">Consejos adicionales<\/a> <br\/><a href=\"#section-2c\"><\/a><a href=\"#section-2c\">\u00bfNecesitas m\u00e1s ayuda?<\/a><br\/><\/p>\n\n\n\n<p><\/p>\n<\/div><\/div>\n\n\n<style>.kadence-column2892_80e9d6-b5 > .kt-inside-inner-col,.kadence-column2892_80e9d6-b5 > .kt-inside-inner-col:before{border-top-left-radius:0px;border-top-right-radius:0px;border-bottom-right-radius:0px;border-bottom-left-radius:0px;}.kadence-column2892_80e9d6-b5 > .kt-inside-inner-col{column-gap:var(--global-kb-gap-sm, 1rem);}.kadence-column2892_80e9d6-b5 > .kt-inside-inner-col{flex-direction:column;}.kadence-column2892_80e9d6-b5 > .kt-inside-inner-col > .aligncenter{width:100%;}.kadence-column2892_80e9d6-b5 > .kt-inside-inner-col:before{opacity:0.3;}.kadence-column2892_80e9d6-b5{position:relative;}@media all and (max-width: 1024px){.kadence-column2892_80e9d6-b5 > .kt-inside-inner-col{flex-direction:column;justify-content:center;}}@media all and (max-width: 767px){.kadence-column2892_80e9d6-b5 > .kt-inside-inner-col{flex-direction:column;justify-content:center;}}<\/style>\n<div class=\"wp-block-kadence-column kadence-column2892_80e9d6-b5\"><div class=\"kt-inside-inner-col\">\n<h2 class=\"wp-block-heading\">Re\u00fana su informaci\u00f3n: lo que necesita para presentar la FAFSA<\/h2>\n\n\n\n<p>Completar la <a href=\"https:\/\/studentaid.gov\/h\/apply-for-aid\/fafsa\" target=\"_blank\" rel=\"noreferrer noopener\">Solicitud gratuita de ayuda federal para estudiantes (FAFSA)<\/a> puede ser muy sencillo si tiene todos los documentos necesarios listos. Estamos aqu\u00ed para ayudarlo a reunir todo lo que necesita para completar el formulario de una sola vez. Esto es lo que necesitar\u00e1s:  <\/p>\n\n\n\n<h3 class=\"wp-block-heading\" id=\"section-1a\"><strong>Documentos esenciales:<\/strong> <\/h3>\n\n\n\n<ul class=\"wp-block-list\">\n<li><strong>Declaraciones de impuestos:<\/strong> recopile sus declaraciones de impuestos federales m\u00e1s recientes.  <\/li>\n<\/ul>\n\n\n\n<ul class=\"wp-block-list\">\n<li><strong>Registros de manutenci\u00f3n infantil recibida:<\/strong> incluya cualquier manutenci\u00f3n infantil que haya recibido.  <\/li>\n<\/ul>\n\n\n\n<ul class=\"wp-block-list\">\n<li><strong>Saldos Actuales:<\/strong> Tenga los saldos actuales de sus cuentas de efectivo, ahorros y corrientes.  <\/li>\n<\/ul>\n\n\n\n<ul class=\"wp-block-list\">\n<li><strong>Valor neto de las inversiones:<\/strong> tenga en cuenta el valor neto de las inversiones, negocios y granjas.  <\/li>\n<\/ul>\n\n\n\n<p>Si es un estudiante dependiente, su padre\/tutor deber\u00e1 registrarse para obtener una FSA ID (enlace para Crear una FSA ID) para proporcionar la informaci\u00f3n financiera necesaria y acceder a los detalles sobre su ayuda financiera.  <\/p>\n\n\n\n<h3 class=\"wp-block-heading\" id=\"section-1b\"><strong>Por qu\u00e9 son importantes estos documentos<\/strong> <\/h3>\n\n\n\n<p>Estos documentos ayudan a determinar su elegibilidad para recibir ayuda financiera federal. La informaci\u00f3n precisa y actualizada garantiza que obtenga la cantidad correcta de ayuda.  <\/p>\n\n\n\n<h3 class=\"wp-block-heading\" id=\"section-1c\"><strong>Padres\/tutores sin n\u00famero de seguro social<\/strong> <\/h3>\n\n\n\n<p>Si tu padre\/tutor no tiene un N\u00famero de Seguro Social (SSN), \u00a1no te preocupes! Esto es lo que debe hacer:  <\/p>\n\n\n\n<ol class=\"wp-block-list\" start=\"1\">\n<li><strong>Cree cuentas de StudentAid.gov:<\/strong> Tanto usted como su padre\/tutor deben crear cuentas en StudentAid.gov.  <\/li>\n<\/ol>\n\n\n\n<ol class=\"wp-block-list\" start=\"2\">\n<li><strong>Invite a sus padres\/tutores:<\/strong> una vez que comience su FAFSA, invite a sus padres\/tutores a contribuir con su informaci\u00f3n. Si ya has comenzado, a\u00fan puedes invitarlos.  <\/li>\n<\/ol>\n\n\n\n<ol class=\"wp-block-list\" start=\"3\">\n<li>3. <strong>Proceso de identificaci\u00f3n:<\/strong> Su padre\/tutor pasar\u00e1 por un proceso de identificaci\u00f3n en StudentAid.gov.  <\/li>\n<\/ol>\n\n\n\n<p id=\"section-1d\"><strong>Consejos para comenzar:<\/strong> <\/p>\n\n\n\n<ul class=\"wp-block-list\">\n<li><strong>Cree una FSA ID:<\/strong> configure su FSA ID y recu\u00e9rdele a sus padres\/tutores que creen la suya.  <\/li>\n<\/ul>\n\n\n\n<ul class=\"wp-block-list\">\n<li><strong>Organ\u00edcese con anticipaci\u00f3n:<\/strong> recopile sus documentos mucho antes de planear completar la FAFSA.  <\/li>\n<\/ul>\n\n\n\n<ul class=\"wp-block-list\">\n<li><strong>Pida ayuda:<\/strong> si no est\u00e1 seguro de lo que necesita, pida orientaci\u00f3n a un padre\/tutor o a un consejero escolar.  <\/li>\n<\/ul>\n\n\n\n<p>Si necesita m\u00e1s ayuda con la FAFSA o tiene preguntas, \u00a1estamos aqu\u00ed para ayudarlo! Consulte nuestro horario de oficina (enlace al horario de oficina) o visite StudentAid.gov para consultar las preguntas frecuentes.  <\/p>\n\n\n\n<p>Estar preparado con los documentos correctos har\u00e1 que completar la FAFSA sea m\u00e1s sencillo y r\u00e1pido. Re\u00fana todo lo que necesita antes de comenzar y estar\u00e1 en camino de obtener ayuda financiera para la universidad. \u00a1Felicitaciones por dar otro paso importante hacia tu viaje universitario!   <\/p>\n\n\n\n<h2 class=\"wp-block-heading\">Declaraci\u00f3n de ingresos de padres y tutores<\/h2>\n\n\n\n<p>Averiguar qu\u00e9 ingresos declarar en su FAFSA <a href=\"https:\/\/studentaid.gov\/h\/apply-for-aid\/fafsa\" target=\"_blank\" rel=\"noreferrer noopener\">(Solicitud Gratuita de Ayuda Federal para Estudiantes)<\/a> puede ser complicado, \u00a1pero lo tenemos cubierto! Es importante enviar correctamente la informaci\u00f3n de la FAFSA porque la FAFSA es el paso clave para obtener ayuda financiera para la universidad. Aqu\u00ed tienes una gu\u00eda amigable para ayudarte:  <\/p>\n\n\n\n<h3 class=\"wp-block-heading\" id=\"section-2a\"><strong>\u00bfQu\u00e9 ingresos de padres\/tutores debo declarar en mi FAFSA?<\/strong> <\/h3>\n\n\n\n<p><strong>1. \u00bfEst\u00e1n casados \u200b\u200btus padres?<\/strong> <\/p>\n\n\n\n<p><strong>S\u00ed:<\/strong> Informe los ingresos de ambos padres. Si sus padres declararon impuestos conjuntamente, solo uno de los padres debe presentar informaci\u00f3n de ambos padres. Si sus padres presentaron la solicitud por separado, ambos padres deben enviar su informaci\u00f3n para su formulario FAFSA.   <\/p>\n\n\n\n<p><strong>No:<\/strong> pase a la siguiente pregunta.  <\/p>\n\n\n\n<p><strong>2. \u00bfTus padres viven juntos pero no est\u00e1n casados?<\/strong> <\/p>\n\n\n\n<p>S\u00ed: Informe los ingresos de ambos padres.  <\/p>\n\n\n\n<p>No: pase a la siguiente pregunta.  <\/p>\n\n\n\n<p><strong>3. \u00bfTus padres no viven juntos?<\/strong> <\/p>\n\n\n\n<p>\u00bfQu\u00e9 padre te apoy\u00f3 m\u00e1s el a\u00f1o pasado?  <\/p>\n\n\n\n<p>Informe los ingresos de ese padre.  <\/p>\n\n\n\n<p>\u00bfEse padre se volvi\u00f3 a casar?  <\/p>\n\n\n\n<p>Incluya tambi\u00e9n los ingresos del padrastro o madrastra.  <\/p>\n\n\n\n<p><strong>4. \u00bfPadres separados y ambos apoyan por igual?<\/strong> <\/p>\n\n\n\n<p>Reporte al padre que gana m\u00e1s.  <\/p>\n\n\n\n<h3 class=\"wp-block-heading\" id=\"section-2b\"><strong>Consejos adicionales<\/strong> <\/h3>\n\n\n\n<p><strong>Comun\u00edquese<\/strong> <strong>:<\/strong> hable con sus tutores, padres y padrastros para obtener la informaci\u00f3n que necesita.  <\/p>\n\n\n\n<p><strong>\u00bfSin n\u00famero de seguro social? Ning\u00fan problema:  <\/strong>Si su padre\/tutor no tiene un N\u00famero de Seguro Social (SSN), puede usar un N\u00famero de Identificaci\u00f3n Personal del Contribuyente (ITIN). Consulte nuestra gu\u00eda sobre C\u00f3mo recopilar su informaci\u00f3n (enlace al art\u00edculo C\u00f3mo recopilar su informaci\u00f3n) para presentar la FAFSA.  <\/p>\n\n\n\n<h3 class=\"wp-block-heading\" id=\"section-2b\"><strong>\u00bfNecesitas m\u00e1s<\/strong> <strong>ayuda?<\/strong> <\/h3>\n\n\n\n<p>Si necesita m\u00e1s ayuda con la FAFSA o tiene preguntas, \u00a1estamos aqu\u00ed para ayudarlo! Consulte nuestro horario de oficina (enlace al horario de oficina) o visite StudentAid.gov para obtener m\u00e1s informaci\u00f3n sobre <a href=\"https:\/\/studentaid.gov\/apply-for-aid\/fafsa\/filling-out\/parent-info\" target=\"_blank\" rel=\"noreferrer noopener\">c\u00f3mo informar informaci\u00f3n para los padres<\/a> .  <\/p>\n\n\n\n<p>Si sigue estos pasos y se comunica con su familia, podr\u00e1 declarar los ingresos correctos en su FAFSA y obtener la ayuda financiera que necesita. \u00a1Buena suerte!  <\/p>\n<\/div><\/div>\n\n<\/div><\/div>","protected":false},"excerpt":{"rendered":"<p>Completar la FAFSA Re\u00fana su informaci\u00f3n Documentos esencialesPor qu\u00e9 son importantes estos documentosPadres\/tutores sin n\u00famero de seguro socialConsejos para empezar Declaraci\u00f3n de ingresos de padres y tutores \u00bfQu\u00e9 ingresos de padres\/tutores debo declarar en mi FAFSA?Consejos adicionales \u00bfNecesitas m\u00e1s ayuda? Re\u00fana su informaci\u00f3n: lo que necesita para presentar la FAFSA Completar la Solicitud gratuita de&#8230;<\/p>\n","protected":false},"author":4,"featured_media":3169,"parent":2735,"menu_order":0,"comment_status":"closed","ping_status":"closed","template":"","meta":{"_acf_changed":false,"_kad_blocks_custom_css":"","_kad_blocks_head_custom_js":"","_kad_blocks_body_custom_js":"","_kad_blocks_footer_custom_js":"","_kad_post_transparent":"","_kad_post_title":"","_kad_post_layout":"","_kad_post_sidebar_id":"","_kad_post_content_style":"","_kad_post_vertical_padding":"","_kad_post_feature":"","_kad_post_feature_position":"","_kad_post_header":false,"_kad_post_footer":false,"_kad_post_classname":"","footnotes":""},"class_list":["post-2893","page","type-page","status-publish","has-post-thumbnail","hentry"],"acf":[],"taxonomy_info":[],"featured_image_src_large":["https:\/\/iesuccess.org\/wp-content\/uploads\/2024\/06\/gia-iesuccess-completing-fafsa-1024x462.jpg",1024,462,true],"author_info":{"display_name":"IE Success","author_link":"https:\/\/iesuccess.org\/es\/author\/brian\/"},"comment_info":0,"_links":{"self":[{"href":"https:\/\/iesuccess.org\/es\/wp-json\/wp\/v2\/pages\/2893","targetHints":{"allow":["GET"]}}],"collection":[{"href":"https:\/\/iesuccess.org\/es\/wp-json\/wp\/v2\/pages"}],"about":[{"href":"https:\/\/iesuccess.org\/es\/wp-json\/wp\/v2\/types\/page"}],"author":[{"embeddable":true,"href":"https:\/\/iesuccess.org\/es\/wp-json\/wp\/v2\/users\/4"}],"replies":[{"embeddable":true,"href":"https:\/\/iesuccess.org\/es\/wp-json\/wp\/v2\/comments?post=2893"}],"version-history":[{"count":5,"href":"https:\/\/iesuccess.org\/es\/wp-json\/wp\/v2\/pages\/2893\/revisions"}],"predecessor-version":[{"id":3655,"href":"https:\/\/iesuccess.org\/es\/wp-json\/wp\/v2\/pages\/2893\/revisions\/3655"}],"up":[{"embeddable":true,"href":"https:\/\/iesuccess.org\/es\/wp-json\/wp\/v2\/pages\/2735"}],"wp:featuredmedia":[{"embeddable":true,"href":"https:\/\/iesuccess.org\/es\/wp-json\/wp\/v2\/media\/3169"}],"wp:attachment":[{"href":"https:\/\/iesuccess.org\/es\/wp-json\/wp\/v2\/media?parent=2893"}],"curies":[{"name":"wp","href":"https:\/\/api.w.org\/{rel}","templated":true}]}}