{"id":2707,"date":"2024-06-07T12:31:54","date_gmt":"2024-06-07T19:31:54","guid":{"rendered":"https:\/\/iesuccess.org\/?page_id=2707"},"modified":"2024-06-26T16:26:29","modified_gmt":"2024-06-26T23:26:29","slug":"adultos-que-trabajan","status":"publish","type":"page","link":"https:\/\/iesuccess.org\/es\/a-quien-ayudamos\/adultos-que-trabajan\/","title":{"rendered":"Adultos que Trabajan"},"content":{"rendered":"<style>.kb-row-layout-id2707_43e108-07 > .kt-row-column-wrap{align-content:center;}:where(.kb-row-layout-id2707_43e108-07 > .kt-row-column-wrap) > .wp-block-kadence-column{justify-content:center;}.kb-row-layout-id2707_43e108-07 > .kt-row-column-wrap{column-gap:var(--global-kb-gap-md, 2rem);row-gap:var(--global-kb-gap-md, 2rem);max-width:var( --global-content-width, 1290px );padding-left:var(--global-content-edge-padding);padding-right:var(--global-content-edge-padding);padding-top:24px;padding-bottom:24px;grid-template-columns:minmax(0, calc(60% - ((var(--global-kb-gap-md, 2rem) * 1 )\/2)))minmax(0, calc(40% - ((var(--global-kb-gap-md, 2rem) * 1 )\/2)));}.kb-row-layout-id2707_43e108-07{background-image:url('https:\/\/iesuccess.org\/wp-content\/uploads\/2024\/06\/hero-who-we-help-working-adults-scaled.jpg');background-size:cover;background-position:55.00000000000001% 49%;background-attachment:scroll;background-repeat:no-repeat;}.kb-row-layout-id2707_43e108-07 > .kt-row-layout-overlay{opacity:0.30;}.kb-row-layout-id2707_43e108-07 ,.kb-row-layout-id2707_43e108-07 h1,.kb-row-layout-id2707_43e108-07 h2,.kb-row-layout-id2707_43e108-07 h3,.kb-row-layout-id2707_43e108-07 h4,.kb-row-layout-id2707_43e108-07 h5,.kb-row-layout-id2707_43e108-07 h6{color:var(--global-palette9, #ffffff);}@media all and (max-width: 1024px){.kb-row-layout-id2707_43e108-07 > .kt-row-column-wrap{grid-template-columns:repeat(2, minmax(0, 1fr));}}@media all and (max-width: 767px){.kb-row-layout-id2707_43e108-07 > .kt-row-column-wrap{grid-template-columns:minmax(0, 1fr);}.kb-row-layout-wrap.wp-block-kadence-rowlayout.kb-row-layout-id2707_43e108-07{background-image:url('https:\/\/iesuccess.org\/wp-content\/uploads\/2024\/06\/hero-who-we-help-working-adults-mobile.jpg');background-size:cover;background-position:54% 27%;background-attachment:scroll;background-repeat:no-repeat;}}<\/style><div class=\"kb-row-layout-wrap kb-row-layout-id2707_43e108-07 alignnone kt-row-has-bg hero hero-angle wp-block-kadence-rowlayout\"><div class=\"kt-row-column-wrap kt-has-2-columns kt-row-layout-equal kt-tab-layout-inherit kt-mobile-layout-row kt-row-valign-middle kb-theme-content-width\">\n<style>.kadence-column2707_c9cd4d-4f > .kt-inside-inner-col,.kadence-column2707_c9cd4d-4f > .kt-inside-inner-col:before{border-top-left-radius:0px;border-top-right-radius:0px;border-bottom-right-radius:0px;border-bottom-left-radius:0px;}.kadence-column2707_c9cd4d-4f > .kt-inside-inner-col{column-gap:var(--global-kb-gap-sm, 1rem);}.kadence-column2707_c9cd4d-4f > .kt-inside-inner-col{flex-direction:column;}.kadence-column2707_c9cd4d-4f > .kt-inside-inner-col > .aligncenter{width:100%;}.kadence-column2707_c9cd4d-4f > .kt-inside-inner-col:before{opacity:0.3;}.kadence-column2707_c9cd4d-4f{position:relative;}@media all and (max-width: 1024px){.kadence-column2707_c9cd4d-4f > .kt-inside-inner-col{flex-direction:column;justify-content:center;}}@media all and (max-width: 767px){.kadence-column2707_c9cd4d-4f > .kt-inside-inner-col{flex-direction:column;justify-content:center;}}<\/style>\n<div class=\"wp-block-kadence-column kadence-column2707_c9cd4d-4f hero-content\"><div class=\"kt-inside-inner-col\">\n<p class=\"eyebrow yellow before-hero-title-decoration\">A Qui\u00e9n Ayudamos<\/p>\n\n\n\n<h1 class=\"wp-block-heading title-decoration heading-underline blue\"><em>Adultos<\/em> que Trabajan<\/h1>\n\n\n\n<p class=\"hero-paragraph\">Entendemos la experiencia \u00fanica de los adultos que trabajan, que est\u00e1n considerando continuar su educaci\u00f3n, y estamos aqu\u00ed para apoyarte en cada paso del camino.<\/p>\n<\/div><\/div>\n\n\n<style>.kadence-column2707_e39920-f5 > .kt-inside-inner-col,.kadence-column2707_e39920-f5 > .kt-inside-inner-col:before{border-top-left-radius:0px;border-top-right-radius:0px;border-bottom-right-radius:0px;border-bottom-left-radius:0px;}.kadence-column2707_e39920-f5 > .kt-inside-inner-col{column-gap:var(--global-kb-gap-sm, 1rem);}.kadence-column2707_e39920-f5 > .kt-inside-inner-col{flex-direction:column;}.kadence-column2707_e39920-f5 > .kt-inside-inner-col > .aligncenter{width:100%;}.kadence-column2707_e39920-f5 > .kt-inside-inner-col:before{opacity:0.3;}.kadence-column2707_e39920-f5{position:relative;}@media all and (max-width: 1024px){.kadence-column2707_e39920-f5 > .kt-inside-inner-col{flex-direction:column;justify-content:center;}}@media all and (max-width: 767px){.kadence-column2707_e39920-f5 > .kt-inside-inner-col{flex-direction:column;justify-content:center;}}<\/style>\n<div class=\"wp-block-kadence-column kadence-column2707_e39920-f5\"><div class=\"kt-inside-inner-col\"><\/div><\/div>\n\n<\/div><\/div>\n\n<style>.kb-row-layout-id2707_0e2149-bf > .kt-row-column-wrap{align-content:start;}:where(.kb-row-layout-id2707_0e2149-bf > .kt-row-column-wrap) > .wp-block-kadence-column{justify-content:start;}.kb-row-layout-id2707_0e2149-bf > .kt-row-column-wrap{column-gap:var(--global-kb-gap-md, 2rem);row-gap:var(--global-kb-gap-md, 2rem);padding-top:110px;padding-bottom:150px;grid-template-columns:minmax(0, calc(20% - ((var(--global-kb-gap-md, 2rem) * 2 )\/3)))minmax(0, calc(60% - ((var(--global-kb-gap-md, 2rem) * 2 )\/3)))minmax(0, calc(20% - ((var(--global-kb-gap-md, 2rem) * 2 )\/3)));}.kb-row-layout-id2707_0e2149-bf > .kt-row-layout-overlay{opacity:0.30;}@media all and (max-width: 1024px){.kb-row-layout-id2707_0e2149-bf > .kt-row-column-wrap > div:not(.added-for-specificity){grid-column:initial;}}@media all and (max-width: 1024px){.kb-row-layout-id2707_0e2149-bf > .kt-row-column-wrap{grid-template-columns:minmax(0, 1fr) minmax(0, 3fr) minmax(0, 1fr);}}@media all and (max-width: 767px){.kb-row-layout-id2707_0e2149-bf > .kt-row-column-wrap > div:not(.added-for-specificity){grid-column:initial;}.kb-row-layout-id2707_0e2149-bf > .kt-row-column-wrap{grid-template-columns:minmax(0, 1fr);}}<\/style><div class=\"kb-row-layout-wrap kb-row-layout-id2707_0e2149-bf alignnone wp-block-kadence-rowlayout\"><div class=\"kt-row-column-wrap kt-has-3-columns kt-row-layout-center-wide kt-tab-layout-inherit kt-mobile-layout-row kt-row-valign-top\">\n<style>.kadence-column2707_39e6ac-44 > .kt-inside-inner-col,.kadence-column2707_39e6ac-44 > .kt-inside-inner-col:before{border-top-left-radius:0px;border-top-right-radius:0px;border-bottom-right-radius:0px;border-bottom-left-radius:0px;}.kadence-column2707_39e6ac-44 > .kt-inside-inner-col{column-gap:var(--global-kb-gap-sm, 1rem);}.kadence-column2707_39e6ac-44 > .kt-inside-inner-col{flex-direction:column;}.kadence-column2707_39e6ac-44 > .kt-inside-inner-col > .aligncenter{width:100%;}.kadence-column2707_39e6ac-44 > .kt-inside-inner-col:before{opacity:0.3;}.kadence-column2707_39e6ac-44{position:relative;}@media all and (max-width: 1024px){.kadence-column2707_39e6ac-44 > .kt-inside-inner-col{flex-direction:column;justify-content:center;}}@media all and (max-width: 767px){.kadence-column2707_39e6ac-44 > .kt-inside-inner-col{flex-direction:column;justify-content:center;}}<\/style>\n<div class=\"wp-block-kadence-column kadence-column2707_39e6ac-44\"><div class=\"kt-inside-inner-col\"><\/div><\/div>\n\n\n<style>.kadence-column2707_f3bd6d-b7 > .kt-inside-inner-col,.kadence-column2707_f3bd6d-b7 > .kt-inside-inner-col:before{border-top-left-radius:0px;border-top-right-radius:0px;border-bottom-right-radius:0px;border-bottom-left-radius:0px;}.kadence-column2707_f3bd6d-b7 > .kt-inside-inner-col{column-gap:var(--global-kb-gap-sm, 1rem);}.kadence-column2707_f3bd6d-b7 > .kt-inside-inner-col{flex-direction:column;}.kadence-column2707_f3bd6d-b7 > .kt-inside-inner-col > .aligncenter{width:100%;}.kadence-column2707_f3bd6d-b7 > .kt-inside-inner-col:before{opacity:0.3;}.kadence-column2707_f3bd6d-b7{position:relative;}@media all and (max-width: 1024px){.kadence-column2707_f3bd6d-b7 > .kt-inside-inner-col{flex-direction:column;justify-content:center;}}@media all and (max-width: 767px){.kadence-column2707_f3bd6d-b7 > .kt-inside-inner-col{flex-direction:column;justify-content:center;}}<\/style>\n<div class=\"wp-block-kadence-column kadence-column2707_f3bd6d-b7 feature-text\"><div class=\"kt-inside-inner-col\">\n<p class=\"has-text-align-center\">Ya sea que busques avanzar en tu carrera, adquirir nuevas habilidades o buscar un t\u00edtulo por primera vez, IE Success es tu recurso dedicado. Descubre el valor de la educaci\u00f3n extendida y c\u00f3mo puede abrir nuevas puertas para tu carrera. Aprende a equilibrar eficazmente el trabajo y el estudio, y explora opciones educativas flexibles adaptadas a tu agenda ocupada. Estamos comprometidos a proporcionarte la informaci\u00f3n, herramientas y recursos que necesitas para tener \u00e9xito. Y recuerda, estamos actualizando constantemente nuestro sitio con nuevo contenido, as\u00ed que revisa regularmente para obtener las \u00faltimas ideas y apoyo. <\/p>\n\n\n\n<p class=\"has-text-align-center\">A continuaci\u00f3n, encontrar\u00e1s una selecci\u00f3n curada de art\u00edculos y recursos espec\u00edficamente dise\u00f1ados para adultos trabajadores. \u00a1Explora, aprende y da el siguiente paso en tu viaje educativo con confianza! <\/p>\n<\/div><\/div>\n\n\n<style>.kadence-column2707_4e8aae-be > .kt-inside-inner-col,.kadence-column2707_4e8aae-be > .kt-inside-inner-col:before{border-top-left-radius:0px;border-top-right-radius:0px;border-bottom-right-radius:0px;border-bottom-left-radius:0px;}.kadence-column2707_4e8aae-be > .kt-inside-inner-col{column-gap:var(--global-kb-gap-sm, 1rem);}.kadence-column2707_4e8aae-be > .kt-inside-inner-col{flex-direction:column;}.kadence-column2707_4e8aae-be > .kt-inside-inner-col > .aligncenter{width:100%;}.kadence-column2707_4e8aae-be > .kt-inside-inner-col:before{opacity:0.3;}.kadence-column2707_4e8aae-be{position:relative;}@media all and (max-width: 1024px){.kadence-column2707_4e8aae-be > .kt-inside-inner-col{flex-direction:column;justify-content:center;}}@media all and (max-width: 767px){.kadence-column2707_4e8aae-be > .kt-inside-inner-col{flex-direction:column;justify-content:center;}}<\/style>\n<div class=\"wp-block-kadence-column kadence-column2707_4e8aae-be\"><div class=\"kt-inside-inner-col\"><\/div><\/div>\n\n<\/div><\/div>\n\n<style>.kb-row-layout-id2707_738749-3d > .kt-row-column-wrap{align-content:start;}:where(.kb-row-layout-id2707_738749-3d > .kt-row-column-wrap) > .wp-block-kadence-column{justify-content:start;}.kb-row-layout-id2707_738749-3d > .kt-row-column-wrap{column-gap:var(--global-kb-gap-md, 2rem);row-gap:var(--global-kb-gap-md, 2rem);max-width:var( --global-content-width, 1290px );padding-left:var(--global-content-edge-padding);padding-right:var(--global-content-edge-padding);padding-top:80px;padding-bottom:20px;grid-template-columns:minmax(0, 1fr);}.kb-row-layout-id2707_738749-3d > .kt-row-layout-overlay{opacity:0.30;}@media all and (max-width: 1024px){.kb-row-layout-id2707_738749-3d > .kt-row-column-wrap{grid-template-columns:minmax(0, 1fr);}}@media all and (max-width: 767px){.kb-row-layout-id2707_738749-3d > .kt-row-column-wrap{grid-template-columns:minmax(0, 1fr);}}<\/style><div class=\"kb-row-layout-wrap kb-row-layout-id2707_738749-3d alignnone has-theme-palette9-background-color kt-row-has-bg last-section-footer-adjust wp-block-kadence-rowlayout\"><div class=\"kt-row-column-wrap kt-has-1-columns kt-row-layout-equal kt-tab-layout-inherit kt-mobile-layout-row kt-row-valign-top kb-theme-content-width\">\n<style>.kadence-column2707_367a94-6f > .kt-inside-inner-col,.kadence-column2707_367a94-6f > .kt-inside-inner-col:before{border-top-left-radius:0px;border-top-right-radius:0px;border-bottom-right-radius:0px;border-bottom-left-radius:0px;}.kadence-column2707_367a94-6f > .kt-inside-inner-col{column-gap:var(--global-kb-gap-sm, 1rem);}.kadence-column2707_367a94-6f > .kt-inside-inner-col{flex-direction:column;}.kadence-column2707_367a94-6f > .kt-inside-inner-col > .aligncenter{width:100%;}.kadence-column2707_367a94-6f > .kt-inside-inner-col:before{opacity:0.3;}.kadence-column2707_367a94-6f{position:relative;}@media all and (max-width: 1024px){.kadence-column2707_367a94-6f > .kt-inside-inner-col{flex-direction:column;justify-content:center;}}@media all and (max-width: 767px){.kadence-column2707_367a94-6f > .kt-inside-inner-col{flex-direction:column;justify-content:center;}}<\/style>\n<div class=\"wp-block-kadence-column kadence-column2707_367a94-6f\"><div class=\"kt-inside-inner-col\">\n<h2 class=\"wp-block-heading\">Art\u00edculos Recientes<\/h2>\n\n\n<style>.kt-post-loop2707_dd6638-89 .kadence-post-image{padding-top:0px;padding-right:0px;padding-bottom:0px;padding-left:0px;}.kt-post-loop2707_dd6638-89 .kt-post-grid-wrap{gap:50px 30px;}.kt-post-loop2707_dd6638-89 .kt-blocks-post-grid-item{border-top-left-radius:0px;border-top-right-radius:0px;border-bottom-right-radius:0px;border-bottom-left-radius:0px;border-top:0px solid currentColor;border-right:0px solid currentColor;border-bottom:0px solid currentColor;border-left:0px solid currentColor;overflow:hidden;}.kt-post-loop2707_dd6638-89 .kt-blocks-post-grid-item .kt-blocks-post-grid-item-inner{padding-top:15px;padding-right:0px;padding-bottom:25px;padding-left:0px;}.kt-post-loop2707_dd6638-89 .kt-blocks-post-grid-item header{padding-top:0px;padding-right:0px;padding-bottom:10px;padding-left:0px;margin-top:0px;margin-right:0px;margin-bottom:0px;margin-left:0px;}.kt-post-loop2707_dd6638-89 .kt-blocks-post-grid-item .entry-title{padding-top:10px;padding-right:0px;padding-bottom:5px;padding-left:0px;margin-top:0px;margin-right:0px;margin-bottom:0px;margin-left:0px;font-size:24px;line-height:30px;}.kt-post-loop2707_dd6638-89 .kt-blocks-post-grid-item .kt-blocks-post-top-meta{color:var(--global-palette2, #2B6CB0);}.kt-post-loop2707_dd6638-89 .kt-blocks-post-grid-item .kt-blocks-post-top-meta a{color:#777777;}.kt-post-loop2707_dd6638-89 .kt-blocks-post-grid-item .kt-blocks-post-top-meta a:hover{color:#444444;}.kt-post-loop2707_dd6638-89 .entry-content{padding-top:0px;padding-right:0px;padding-bottom:0px;padding-left:0px;margin-top:0px;margin-right:0px;margin-bottom:0px;margin-left:0px;}.kt-post-loop2707_dd6638-89 .kt-blocks-post-footer{color:#777777;border-top-width:0px;border-right-width:0px;border-bottom-width:0px;border-left-width:0px;padding-top:0px;padding-right:0px;padding-bottom:0px;padding-left:0px;margin-top:0px;margin-right:0px;margin-bottom:0px;margin-left:0px;font-size:12px;line-height:20px;}.kt-post-loop2707_dd6638-89 .entry-content:after{height:0px;}.kt-post-loop2707_dd6638-89 .kt-blocks-post-footer a{color:#777777;}.kt-post-loop2707_dd6638-89 .kt-blocks-post-footer a:hover{color:#444444;}.kt-post-loop2707_dd6638-89 .entry-content .kt-blocks-post-readmore{background-color:rgba(255,255,255,0);border-color:rgba(245,245,245,0);color:var(--global-palette1, #3182CE);padding-top:0px;padding-right:0px;padding-bottom:0px;padding-left:0px;margin-top:0px;margin-right:0px;margin-bottom:0px;margin-left:0px;}.kt-post-loop2707_dd6638-89 .entry-content .kt-blocks-post-readmore:hover{color:var(--global-palette1, #3182CE);border-color:#555555;background-color:#ffffff;}.kt-post-loop2707_dd6638-89 .kb-filter-item{border-top-width:0px;border-right-width:0px;border-bottom-width:2px;border-left-width:0px;padding-top:5px;padding-right:8px;padding-bottom:5px;padding-left:8px;margin-top:0px;margin-right:10px;margin-bottom:0px;margin-left:0px;}@media all and (max-width: 1024px){.kt-post-loop2707_dd6638-89 .kt-blocks-post-grid-item{border-top:0px solid currentColor;border-right:0px solid currentColor;border-bottom:0px solid currentColor;border-left:0px solid currentColor;}}@media all and (max-width: 767px){.kt-post-loop2707_dd6638-89 .kt-blocks-post-grid-item{border-top:0px solid currentColor;border-right:0px solid currentColor;border-bottom:0px solid currentColor;border-left:0px solid currentColor;}}<\/style><div class=\"wp-block-kadence-postgrid kt-blocks-post-loop-block alignnone kt-post-loop2707_dd6638-89 kt-post-grid-layout-grid  news-grid-original\"><div class=\"kt-post-grid-layout-grid-wrap kt-post-grid-wrap\" data-columns-xxl=\"3\" data-columns-xl=\"3\" data-columns-md=\"3\" data-columns-sm=\"2\" data-columns-xs=\"1\" data-columns-ss=\"1\"data-item-selector=\".kt-post-masonry-item\" aria-label=\"Post Carousel\"><article class=\"kt-blocks-post-grid-item post-3795 post type-post status-publish format-standard has-post-thumbnail hentry category-adultos-que-trabajan\"><div class=\"kt-blocks-post-grid-item-inner-wrap kt-feat-image-align-top kt-feat-image-mobile-align-top\"><div class=\"kadence-post-image\"><div class=\"kadence-post-image-intrisic kt-image-ratio-66-67\" style=\"padding-bottom:66.67%;\"><div class=\"kadence-post-image-inner-intrisic\"><a aria-hidden=\"true\" tabindex=\"-1\" role=\"presentation\" href=\"https:\/\/iesuccess.org\/es\/avanzando-en-su-carrera-el-valor-de-la-educacion-continua\/\" aria-label=\"Avanzando en su carrera: el valor de la educaci\u00f3n continua\" class=\"kadence-post-image-inner-wrap\"><img loading=\"lazy\" decoding=\"async\" width=\"1024\" height=\"649\" src=\"https:\/\/iesuccess.org\/wp-content\/uploads\/2024\/06\/gia-advancing-you-career-blog-image-1024x649.jpg\" class=\"attachment-large size-large wp-post-image\" alt=\"\" srcset=\"https:\/\/iesuccess.org\/wp-content\/uploads\/2024\/06\/gia-advancing-you-career-blog-image-1024x649.jpg 1024w, https:\/\/iesuccess.org\/wp-content\/uploads\/2024\/06\/gia-advancing-you-career-blog-image-300x190.jpg 300w, https:\/\/iesuccess.org\/wp-content\/uploads\/2024\/06\/gia-advancing-you-career-blog-image-768x486.jpg 768w, https:\/\/iesuccess.org\/wp-content\/uploads\/2024\/06\/gia-advancing-you-career-blog-image.jpg 1500w\" sizes=\"auto, (max-width: 1024px) 100vw, 1024px\" \/><\/a><\/div><\/div><\/div><div class=\"kt-blocks-post-grid-item-inner\"><header><h2 class=\"entry-title\">Avanzando en su carrera: el valor de la educaci\u00f3n continua<\/h2><div class=\"kt-blocks-post-top-meta\"><div class=\"kt-blocks-date\"><time datetime=\"2024-06-19T16:04:16-07:00\" class=\"kt-blocks-post-date\">19 junio, 2024<\/time><\/div><\/div><\/header><div class=\"entry-content\"><div class=\"kt-blocks-post-readmore-wrap\"><a class=\"kt-blocks-post-readmore\" href=\"https:\/\/iesuccess.org\/es\/avanzando-en-su-carrera-el-valor-de-la-educacion-continua\/\">Read More<span class=\"screen-reader-text\"> Avanzando en su carrera: el valor de la educaci\u00f3n continua<\/span><\/a><\/div><\/div><footer class=\"kt-blocks-post-footer\"><div class=\"kt-blocks-post-footer-left\"><\/div><div class=\"kt-blocks-post-footer-right\"><\/div><\/footer><\/div><\/div><\/article><article class=\"kt-blocks-post-grid-item post-4023 post type-post status-publish format-standard has-post-thumbnail hentry category-adultos-que-trabajan\"><div class=\"kt-blocks-post-grid-item-inner-wrap kt-feat-image-align-top kt-feat-image-mobile-align-top\"><div class=\"kadence-post-image\"><div class=\"kadence-post-image-intrisic kt-image-ratio-66-67\" style=\"padding-bottom:66.67%;\"><div class=\"kadence-post-image-inner-intrisic\"><a aria-hidden=\"true\" tabindex=\"-1\" role=\"presentation\" href=\"https:\/\/iesuccess.org\/es\/acto-de-equilibrio-seguir-estudiando-mientras-se-trabaja\/\" aria-label=\"Acto de equilibrio: seguir estudiando mientras se trabaja\" class=\"kadence-post-image-inner-wrap\"><img loading=\"lazy\" decoding=\"async\" width=\"1024\" height=\"649\" src=\"https:\/\/iesuccess.org\/wp-content\/uploads\/2024\/06\/gia-balancing-act-pursuing-further-education-while-working-blog-image-1024x649.jpg\" class=\"attachment-large size-large wp-post-image\" alt=\"\" srcset=\"https:\/\/iesuccess.org\/wp-content\/uploads\/2024\/06\/gia-balancing-act-pursuing-further-education-while-working-blog-image-1024x649.jpg 1024w, https:\/\/iesuccess.org\/wp-content\/uploads\/2024\/06\/gia-balancing-act-pursuing-further-education-while-working-blog-image-300x190.jpg 300w, https:\/\/iesuccess.org\/wp-content\/uploads\/2024\/06\/gia-balancing-act-pursuing-further-education-while-working-blog-image-768x486.jpg 768w, https:\/\/iesuccess.org\/wp-content\/uploads\/2024\/06\/gia-balancing-act-pursuing-further-education-while-working-blog-image.jpg 1500w\" sizes=\"auto, (max-width: 1024px) 100vw, 1024px\" \/><\/a><\/div><\/div><\/div><div class=\"kt-blocks-post-grid-item-inner\"><header><h2 class=\"entry-title\">Acto de equilibrio: seguir estudiando mientras se trabaja<\/h2><div class=\"kt-blocks-post-top-meta\"><div class=\"kt-blocks-date\"><time datetime=\"2024-06-18T11:15:07-07:00\" class=\"kt-blocks-post-date\">18 junio, 2024<\/time><\/div><\/div><\/header><div class=\"entry-content\"><div class=\"kt-blocks-post-readmore-wrap\"><a class=\"kt-blocks-post-readmore\" href=\"https:\/\/iesuccess.org\/es\/acto-de-equilibrio-seguir-estudiando-mientras-se-trabaja\/\">Read More<span class=\"screen-reader-text\"> Acto de equilibrio: seguir estudiando mientras se trabaja<\/span><\/a><\/div><\/div><footer class=\"kt-blocks-post-footer\"><div class=\"kt-blocks-post-footer-left\"><\/div><div class=\"kt-blocks-post-footer-right\"><\/div><\/footer><\/div><\/div><\/article><article class=\"kt-blocks-post-grid-item post-2571 post type-post status-publish format-standard has-post-thumbnail hentry category-adultos-que-trabajan category-aprendizaje-virtual category-el-proceso-universitario\"><div class=\"kt-blocks-post-grid-item-inner-wrap kt-feat-image-align-top kt-feat-image-mobile-align-top\"><div class=\"kadence-post-image\"><div class=\"kadence-post-image-intrisic kt-image-ratio-66-67\" style=\"padding-bottom:66.67%;\"><div class=\"kadence-post-image-inner-intrisic\"><a aria-hidden=\"true\" tabindex=\"-1\" role=\"presentation\" href=\"https:\/\/iesuccess.org\/es\/adultos-que-trabajan-opciones-educativas-flexibles-allanando-el-camino-para-tu-exito\/\" aria-label=\"Opciones educativas flexibles: allanando el camino para los adultos que trabajan\" class=\"kadence-post-image-inner-wrap\"><img loading=\"lazy\" decoding=\"async\" width=\"1024\" height=\"649\" src=\"https:\/\/iesuccess.org\/wp-content\/uploads\/2024\/05\/gia-working-adults-blog-image-1024x649.jpg\" class=\"attachment-large size-large wp-post-image\" alt=\"Working Adults: Flexible Education Options Blog\" srcset=\"https:\/\/iesuccess.org\/wp-content\/uploads\/2024\/05\/gia-working-adults-blog-image-1024x649.jpg 1024w, https:\/\/iesuccess.org\/wp-content\/uploads\/2024\/05\/gia-working-adults-blog-image-300x190.jpg 300w, https:\/\/iesuccess.org\/wp-content\/uploads\/2024\/05\/gia-working-adults-blog-image-768x486.jpg 768w, https:\/\/iesuccess.org\/wp-content\/uploads\/2024\/05\/gia-working-adults-blog-image.jpg 1500w\" sizes=\"auto, (max-width: 1024px) 100vw, 1024px\" \/><\/a><\/div><\/div><\/div><div class=\"kt-blocks-post-grid-item-inner\"><header><h2 class=\"entry-title\">Opciones educativas flexibles: allanando el camino para los adultos que trabajan<\/h2><div class=\"kt-blocks-post-top-meta\"><div class=\"kt-blocks-date\"><time datetime=\"2024-05-10T16:08:14-07:00\" class=\"kt-blocks-post-date\">10 mayo, 2024<\/time><\/div><\/div><\/header><div class=\"entry-content\"><div class=\"kt-blocks-post-readmore-wrap\"><a class=\"kt-blocks-post-readmore\" href=\"https:\/\/iesuccess.org\/es\/adultos-que-trabajan-opciones-educativas-flexibles-allanando-el-camino-para-tu-exito\/\">Read More<span class=\"screen-reader-text\"> Opciones educativas flexibles: allanando el camino para los adultos que trabajan<\/span><\/a><\/div><\/div><footer class=\"kt-blocks-post-footer\"><div class=\"kt-blocks-post-footer-left\"><\/div><div class=\"kt-blocks-post-footer-right\"><\/div><\/footer><\/div><\/div><\/article><\/div><\/div><!-- .wp-block-kadence-postgrid --><\/div><\/div>\n\n<\/div><\/div>","protected":false},"excerpt":{"rendered":"<p>A Qui\u00e9n Ayudamos Adultos que Trabajan Entendemos la experiencia \u00fanica de los adultos que trabajan, que est\u00e1n considerando continuar su educaci\u00f3n, y estamos aqu\u00ed para apoyarte en cada paso del camino. Ya sea que busques avanzar en tu carrera, adquirir nuevas habilidades o buscar un t\u00edtulo por primera vez, IE Success es tu recurso dedicado&#8230;.<\/p>\n","protected":false},"author":4,"featured_media":2810,"parent":2631,"menu_order":0,"comment_status":"closed","ping_status":"closed","template":"","meta":{"_acf_changed":false,"_kad_blocks_custom_css":"","_kad_blocks_head_custom_js":"","_kad_blocks_body_custom_js":"","_kad_blocks_footer_custom_js":"","_kad_post_transparent":"","_kad_post_title":"","_kad_post_layout":"","_kad_post_sidebar_id":"","_kad_post_content_style":"","_kad_post_vertical_padding":"","_kad_post_feature":"","_kad_post_feature_position":"","_kad_post_header":false,"_kad_post_footer":false,"_kad_post_classname":"","footnotes":""},"class_list":["post-2707","page","type-page","status-publish","has-post-thumbnail","hentry"],"acf":[],"taxonomy_info":[],"featured_image_src_large":["https:\/\/iesuccess.org\/wp-content\/uploads\/2024\/06\/hero-who-we-help-working-adults-1024x462.jpg",1024,462,true],"author_info":{"display_name":"IE Success","author_link":"https:\/\/iesuccess.org\/es\/author\/brian\/"},"comment_info":0,"_links":{"self":[{"href":"https:\/\/iesuccess.org\/es\/wp-json\/wp\/v2\/pages\/2707","targetHints":{"allow":["GET"]}}],"collection":[{"href":"https:\/\/iesuccess.org\/es\/wp-json\/wp\/v2\/pages"}],"about":[{"href":"https:\/\/iesuccess.org\/es\/wp-json\/wp\/v2\/types\/page"}],"author":[{"embeddable":true,"href":"https:\/\/iesuccess.org\/es\/wp-json\/wp\/v2\/users\/4"}],"replies":[{"embeddable":true,"href":"https:\/\/iesuccess.org\/es\/wp-json\/wp\/v2\/comments?post=2707"}],"version-history":[{"count":4,"href":"https:\/\/iesuccess.org\/es\/wp-json\/wp\/v2\/pages\/2707\/revisions"}],"predecessor-version":[{"id":3710,"href":"https:\/\/iesuccess.org\/es\/wp-json\/wp\/v2\/pages\/2707\/revisions\/3710"}],"up":[{"embeddable":true,"href":"https:\/\/iesuccess.org\/es\/wp-json\/wp\/v2\/pages\/2631"}],"wp:featuredmedia":[{"embeddable":true,"href":"https:\/\/iesuccess.org\/es\/wp-json\/wp\/v2\/media\/2810"}],"wp:attachment":[{"href":"https:\/\/iesuccess.org\/es\/wp-json\/wp\/v2\/media?parent=2707"}],"curies":[{"name":"wp","href":"https:\/\/api.w.org\/{rel}","templated":true}]}}