{"id":2622,"date":"2024-04-17T01:34:22","date_gmt":"2024-04-17T08:34:22","guid":{"rendered":"https:\/\/iesuccess.org\/aprendizaje-virtual\/"},"modified":"2024-07-24T15:59:05","modified_gmt":"2024-07-24T22:59:05","slug":"aprendizaje-virtual","status":"publish","type":"page","link":"https:\/\/iesuccess.org\/es\/recursos\/aprendizaje-virtual\/","title":{"rendered":"Aprendizaje virtual"},"content":{"rendered":"<style>.kb-row-layout-id911_82405a-7a > .kt-row-column-wrap{align-content:center;}:where(.kb-row-layout-id911_82405a-7a > .kt-row-column-wrap) > .wp-block-kadence-column{justify-content:center;}.kb-row-layout-id911_82405a-7a > .kt-row-column-wrap{column-gap:var(--global-kb-gap-md, 2rem);row-gap:var(--global-kb-gap-md, 2rem);max-width:var( --global-content-width, 1290px );padding-left:var(--global-content-edge-padding);padding-right:var(--global-content-edge-padding);padding-top:24px;padding-bottom:24px;grid-template-columns:minmax(0, calc(50% - ((var(--global-kb-gap-md, 2rem) * 1 )\/2)))minmax(0, calc(50% - ((var(--global-kb-gap-md, 2rem) * 1 )\/2)));}.kb-row-layout-id911_82405a-7a{background-image:url('https:\/\/iesuccess.org\/wp-content\/uploads\/2024\/04\/virtual-learning-1-scaled.jpeg');background-size:cover;background-position:69% 100%;background-attachment:scroll;background-repeat:no-repeat;}.kb-row-layout-id911_82405a-7a > .kt-row-layout-overlay{opacity:0.30;}.kb-row-layout-id911_82405a-7a ,.kb-row-layout-id911_82405a-7a h1,.kb-row-layout-id911_82405a-7a h2,.kb-row-layout-id911_82405a-7a h3,.kb-row-layout-id911_82405a-7a h4,.kb-row-layout-id911_82405a-7a h5,.kb-row-layout-id911_82405a-7a h6{color:var(--global-palette9, #ffffff);}@media all and (max-width: 1024px){.kb-row-layout-id911_82405a-7a > .kt-row-column-wrap{grid-template-columns:repeat(2, minmax(0, 1fr));}}@media all and (max-width: 767px){.kb-row-layout-id911_82405a-7a > .kt-row-column-wrap{grid-template-columns:minmax(0, 1fr);}.kb-row-layout-wrap.wp-block-kadence-rowlayout.kb-row-layout-id911_82405a-7a{background-image:url('https:\/\/iesuccess.org\/wp-content\/uploads\/2024\/05\/virtual-learning-hero-mobile.jpeg');background-size:cover;background-position:center center;background-attachment:scroll;background-repeat:no-repeat;}}<\/style><div class=\"kb-row-layout-wrap kb-row-layout-id911_82405a-7a alignnone kt-row-has-bg hero hero-angle wp-block-kadence-rowlayout\"><div class=\"kt-row-column-wrap kt-has-2-columns kt-row-layout-equal kt-tab-layout-inherit kt-mobile-layout-row kt-row-valign-middle kb-theme-content-width\">\n<style>.kadence-column911_9eeccd-bc > .kt-inside-inner-col,.kadence-column911_9eeccd-bc > .kt-inside-inner-col:before{border-top-left-radius:0px;border-top-right-radius:0px;border-bottom-right-radius:0px;border-bottom-left-radius:0px;}.kadence-column911_9eeccd-bc > .kt-inside-inner-col{column-gap:var(--global-kb-gap-sm, 1rem);}.kadence-column911_9eeccd-bc > .kt-inside-inner-col{flex-direction:column;}.kadence-column911_9eeccd-bc > .kt-inside-inner-col > .aligncenter{width:100%;}.kadence-column911_9eeccd-bc > .kt-inside-inner-col:before{opacity:0.3;}.kadence-column911_9eeccd-bc{position:relative;}@media all and (max-width: 1024px){.kadence-column911_9eeccd-bc > .kt-inside-inner-col{flex-direction:column;justify-content:center;}}@media all and (max-width: 767px){.kadence-column911_9eeccd-bc > .kt-inside-inner-col{flex-direction:column;justify-content:center;}}<\/style>\n<div class=\"wp-block-kadence-column kadence-column911_9eeccd-bc hero-content\"><div class=\"kt-inside-inner-col\">\n<p class=\"eyebrow yellow before-hero-title-decoration\">CONSIGUE TU EDUCACI\u00d3N EN CASA<\/p>\n\n\n\n<h1 class=\"wp-block-heading title-decoration heading-underline orange\"><em>Aprendizaje<\/em> virtual<\/h1>\n\n\n\n<p class=\"hero-paragraph\">El aprendizaje a distancia puede ser dif\u00edcil por muchas razones, por lo que IE Success proporciona recursos virtuales, d\u00e1ndote las herramientas y la orientaci\u00f3n necesaria para una educaci\u00f3n exitosa en casa. <\/p>\n<\/div><\/div>\n\n\n<style>.kadence-column911_ee0d34-4f > .kt-inside-inner-col,.kadence-column911_ee0d34-4f > .kt-inside-inner-col:before{border-top-left-radius:0px;border-top-right-radius:0px;border-bottom-right-radius:0px;border-bottom-left-radius:0px;}.kadence-column911_ee0d34-4f > .kt-inside-inner-col{column-gap:var(--global-kb-gap-sm, 1rem);}.kadence-column911_ee0d34-4f > .kt-inside-inner-col{flex-direction:column;}.kadence-column911_ee0d34-4f > .kt-inside-inner-col > .aligncenter{width:100%;}.kadence-column911_ee0d34-4f > .kt-inside-inner-col:before{opacity:0.3;}.kadence-column911_ee0d34-4f{position:relative;}@media all and (max-width: 1024px){.kadence-column911_ee0d34-4f > .kt-inside-inner-col{flex-direction:column;justify-content:center;}}@media all and (max-width: 767px){.kadence-column911_ee0d34-4f > .kt-inside-inner-col{flex-direction:column;justify-content:center;}}<\/style>\n<div class=\"wp-block-kadence-column kadence-column911_ee0d34-4f\"><div class=\"kt-inside-inner-col\"><\/div><\/div>\n\n<\/div><\/div><style>.kb-row-layout-id911_947ff3-75 > .kt-row-column-wrap{align-content:center;}:where(.kb-row-layout-id911_947ff3-75 > .kt-row-column-wrap) > .wp-block-kadence-column{justify-content:center;}.kb-row-layout-id911_947ff3-75 > .kt-row-column-wrap{column-gap:110px;row-gap:var(--global-kb-gap-md, 2rem);max-width:var( --global-content-width, 1290px );padding-left:var(--global-content-edge-padding);padding-right:var(--global-content-edge-padding);padding-top:100px;padding-bottom:90px;grid-template-columns:repeat(2, minmax(0, 1fr));}.kb-row-layout-id911_947ff3-75 > .kt-row-layout-overlay{opacity:0.30;}@media all and (max-width: 1024px){.kb-row-layout-id911_947ff3-75 > .kt-row-column-wrap{grid-template-columns:repeat(2, minmax(0, 1fr));}}@media all and (max-width: 767px){.kb-row-layout-id911_947ff3-75 > .kt-row-column-wrap{grid-template-columns:minmax(0, 1fr);}}<\/style><div class=\"kb-row-layout-wrap kb-row-layout-id911_947ff3-75 alignnone wp-block-kadence-rowlayout\"><div class=\"kt-row-column-wrap kt-has-2-columns kt-row-layout-equal kt-tab-layout-inherit kt-mobile-layout-row kt-row-valign-middle kt-inner-column-height-full kb-theme-content-width\">\n<style>.kadence-column911_2f092c-80 > .kt-inside-inner-col,.kadence-column911_2f092c-80 > .kt-inside-inner-col:before{border-top-left-radius:0px;border-top-right-radius:0px;border-bottom-right-radius:0px;border-bottom-left-radius:0px;}.kadence-column911_2f092c-80 > .kt-inside-inner-col{column-gap:var(--global-kb-gap-sm, 1rem);}.kadence-column911_2f092c-80 > .kt-inside-inner-col{flex-direction:column;}.kadence-column911_2f092c-80 > .kt-inside-inner-col > .aligncenter{width:100%;}.kadence-column911_2f092c-80 > .kt-inside-inner-col:before{opacity:0.3;}.kadence-column911_2f092c-80{position:relative;}@media all and (max-width: 1024px){.kadence-column911_2f092c-80 > .kt-inside-inner-col{flex-direction:column;justify-content:center;}}@media all and (max-width: 767px){.kadence-column911_2f092c-80 > .kt-inside-inner-col{flex-direction:column;justify-content:center;}}<\/style>\n<div class=\"wp-block-kadence-column kadence-column911_2f092c-80\"><div class=\"kt-inside-inner-col\">\n<figure class=\"wp-block-image size-full rounded-corners\"><img loading=\"lazy\" decoding=\"async\" width=\"1024\" height=\"927\" src=\"https:\/\/iesuccess.org\/wp-content\/uploads\/2024\/04\/resources-virtual-online-ed.jpg\" alt=\"Aprendizaje virtual: chica en casa en un escritorio con su port&#xE1;til\" class=\"wp-image-913\" srcset=\"https:\/\/iesuccess.org\/wp-content\/uploads\/2024\/04\/resources-virtual-online-ed.jpg 1024w, https:\/\/iesuccess.org\/wp-content\/uploads\/2024\/04\/resources-virtual-online-ed-300x272.jpg 300w, https:\/\/iesuccess.org\/wp-content\/uploads\/2024\/04\/resources-virtual-online-ed-768x695.jpg 768w\" sizes=\"auto, (max-width: 1024px) 100vw, 1024px\" \/><\/figure>\n<\/div><\/div>\n\n\n<style>.kadence-column911_4ef721-44 > .kt-inside-inner-col,.kadence-column911_4ef721-44 > .kt-inside-inner-col:before{border-top-left-radius:0px;border-top-right-radius:0px;border-bottom-right-radius:0px;border-bottom-left-radius:0px;}.kadence-column911_4ef721-44 > .kt-inside-inner-col{column-gap:var(--global-kb-gap-sm, 1rem);}.kadence-column911_4ef721-44 > .kt-inside-inner-col{flex-direction:column;}.kadence-column911_4ef721-44 > .kt-inside-inner-col > .aligncenter{width:100%;}.kadence-column911_4ef721-44 > .kt-inside-inner-col:before{opacity:0.3;}.kadence-column911_4ef721-44{position:relative;}@media all and (max-width: 1024px){.kadence-column911_4ef721-44 > .kt-inside-inner-col{flex-direction:column;justify-content:center;}}@media all and (max-width: 767px){.kadence-column911_4ef721-44 > .kt-inside-inner-col{flex-direction:column;justify-content:center;}}<\/style>\n<div class=\"wp-block-kadence-column kadence-column911_4ef721-44\"><div class=\"kt-inside-inner-col\">\n<h2 class=\"wp-block-heading heading-underline orange\" style=\"padding-bottom:var(--wp--preset--spacing--70)\">Dominar la <em>educaci\u00f3n<\/em> en l\u00ednea<\/h2>\n\n\n\n<p>Comprendemos los retos a los que puedes enfrentarte al adaptarte a nuevas herramientas, como Zoom, G-Suite y Canva, en tu camino hacia el \u00e9xito educativo. Nuestra Gu\u00eda de Aprendizaje a Distancia proporciona una lista completa de herramientas virtuales y tutoriales para elevar tu experiencia de aprendizaje a distancia. <\/p>\n\n\n\n<div class=\"wp-block-buttons is-layout-flex wp-block-buttons-is-layout-flex\">\n<div class=\"wp-block-button button-color03\"><a class=\"wp-block-button__link wp-element-button\" href=\"https:\/\/iesuccess.org\/mastering-online-education-a-remote-learning-guide\/\">EXPLORA LA GU\u00cdA DE APRENDIZAJE A DISTANCIA<\/a><\/div>\n<\/div>\n<\/div><\/div>\n\n<\/div><\/div><style>.kb-row-layout-id911_0fbf1a-e8 > .kt-row-column-wrap{align-content:center;}:where(.kb-row-layout-id911_0fbf1a-e8 > .kt-row-column-wrap) > .wp-block-kadence-column{justify-content:center;}.kb-row-layout-id911_0fbf1a-e8 > .kt-row-column-wrap{column-gap:110px;row-gap:var(--global-kb-gap-md, 2rem);max-width:var( --global-content-width, 1290px );padding-left:var(--global-content-edge-padding);padding-right:var(--global-content-edge-padding);padding-top:100px;padding-bottom:90px;grid-template-columns:repeat(2, minmax(0, 1fr));}.kb-row-layout-id911_0fbf1a-e8 > .kt-row-layout-overlay{opacity:0.30;}@media all and (max-width: 1024px){.kb-row-layout-id911_0fbf1a-e8 > .kt-row-column-wrap{grid-template-columns:repeat(2, minmax(0, 1fr));}}@media all and (max-width: 767px){.kb-row-layout-id911_0fbf1a-e8 > .kt-row-column-wrap{grid-template-columns:minmax(0, 1fr);}.kb-row-layout-id911_0fbf1a-e8 > .kt-row-column-wrap > .wp-block-kadence-column:nth-child(1 of *:not(style)){order:2;}.kb-row-layout-id911_0fbf1a-e8 > .kt-row-column-wrap > .wp-block-kadence-column:nth-child(2 of *:not(style)){order:1;}.kb-row-layout-id911_0fbf1a-e8 > .kt-row-column-wrap > .wp-block-kadence-column:nth-child(3 of *:not(style)){order:12;}.kb-row-layout-id911_0fbf1a-e8 > .kt-row-column-wrap > .wp-block-kadence-column:nth-child(4 of *:not(style)){order:11;}.kb-row-layout-id911_0fbf1a-e8 > .kt-row-column-wrap > .wp-block-kadence-column:nth-child(5 of *:not(style)){order:22;}.kb-row-layout-id911_0fbf1a-e8 > .kt-row-column-wrap > .wp-block-kadence-column:nth-child(6 of *:not(style)){order:21;}.kb-row-layout-id911_0fbf1a-e8 > .kt-row-column-wrap > .wp-block-kadence-column:nth-child(7 of *:not(style)){order:32;}.kb-row-layout-id911_0fbf1a-e8 > .kt-row-column-wrap > .wp-block-kadence-column:nth-child(8 of *:not(style)){order:31;}}<\/style><div class=\"kb-row-layout-wrap kb-row-layout-id911_0fbf1a-e8 alignnone has-theme-palette8-background-color kt-row-has-bg last-section-footer-adjust wp-block-kadence-rowlayout\"><div class=\"kt-row-column-wrap kt-has-2-columns kt-row-layout-equal kt-tab-layout-inherit kt-mobile-layout-row kt-row-valign-middle kt-inner-column-height-full kb-theme-content-width\">\n<style>.kadence-column911_4a9390-66 > .kt-inside-inner-col,.kadence-column911_4a9390-66 > .kt-inside-inner-col:before{border-top-left-radius:0px;border-top-right-radius:0px;border-bottom-right-radius:0px;border-bottom-left-radius:0px;}.kadence-column911_4a9390-66 > .kt-inside-inner-col{column-gap:var(--global-kb-gap-sm, 1rem);}.kadence-column911_4a9390-66 > .kt-inside-inner-col{flex-direction:column;}.kadence-column911_4a9390-66 > .kt-inside-inner-col > .aligncenter{width:100%;}.kadence-column911_4a9390-66 > .kt-inside-inner-col:before{opacity:0.3;}.kadence-column911_4a9390-66{position:relative;}@media all and (max-width: 1024px){.kadence-column911_4a9390-66 > .kt-inside-inner-col{flex-direction:column;justify-content:center;}}@media all and (max-width: 767px){.kadence-column911_4a9390-66 > .kt-inside-inner-col{flex-direction:column;justify-content:center;}}<\/style>\n<div class=\"wp-block-kadence-column kadence-column911_4a9390-66\"><div class=\"kt-inside-inner-col\">\n<h2 class=\"wp-block-heading heading-underline green\" style=\"padding-bottom:var(--wp--preset--spacing--70)\"><em>Herramientas<\/em> de gesti\u00f3n del tiempo<\/h2>\n\n\n\n<p>Aprender desde casa puede plantear retos, sobre todo en lo que respecta a la gesti\u00f3n del tiempo. Desde el programa Trello a Taskade, hemos recopilado una lista de valiosas herramientas y estrategias para ayudarte a sacar lo m\u00e1ximo posible a tu experiencia de aprendizaje virtual. <\/p>\n\n\n\n<div class=\"wp-block-buttons is-layout-flex wp-block-buttons-is-layout-flex\">\n<div class=\"wp-block-button button-color02\"><a class=\"wp-block-button__link wp-element-button\" href=\"https:\/\/iesuccess.org\/managing-your-time-like-a-pro-college-edition\/\">ACCEDE A LAS HERRAMIENTAS DE GESTI\u00d3N DEL TIEMPO<\/a><\/div>\n<\/div>\n<\/div><\/div>\n\n\n<style>.kadence-column911_d2e24b-4c > .kt-inside-inner-col,.kadence-column911_d2e24b-4c > .kt-inside-inner-col:before{border-top-left-radius:0px;border-top-right-radius:0px;border-bottom-right-radius:0px;border-bottom-left-radius:0px;}.kadence-column911_d2e24b-4c > .kt-inside-inner-col{column-gap:var(--global-kb-gap-sm, 1rem);}.kadence-column911_d2e24b-4c > .kt-inside-inner-col{flex-direction:column;}.kadence-column911_d2e24b-4c > .kt-inside-inner-col > .aligncenter{width:100%;}.kadence-column911_d2e24b-4c > .kt-inside-inner-col:before{opacity:0.3;}.kadence-column911_d2e24b-4c{position:relative;}@media all and (max-width: 1024px){.kadence-column911_d2e24b-4c > .kt-inside-inner-col{flex-direction:column;justify-content:center;}}@media all and (max-width: 767px){.kadence-column911_d2e24b-4c > .kt-inside-inner-col{flex-direction:column;justify-content:center;}}<\/style>\n<div class=\"wp-block-kadence-column kadence-column911_d2e24b-4c\"><div class=\"kt-inside-inner-col\">\n<figure class=\"wp-block-image size-full rounded-corners\"><img loading=\"lazy\" decoding=\"async\" width=\"1024\" height=\"927\" src=\"https:\/\/iesuccess.org\/wp-content\/uploads\/2024\/04\/resources-virtual-time-management.jpg\" alt=\"Aprendizaje virtual: las manos de una mujer desplaz&#xE1;ndose por su tel&#xE9;fono\" class=\"wp-image-915\" srcset=\"https:\/\/iesuccess.org\/wp-content\/uploads\/2024\/04\/resources-virtual-time-management.jpg 1024w, https:\/\/iesuccess.org\/wp-content\/uploads\/2024\/04\/resources-virtual-time-management-300x272.jpg 300w, https:\/\/iesuccess.org\/wp-content\/uploads\/2024\/04\/resources-virtual-time-management-768x695.jpg 768w\" sizes=\"auto, (max-width: 1024px) 100vw, 1024px\" \/><\/figure>\n<\/div><\/div>\n\n<\/div><\/div>","protected":false},"excerpt":{"rendered":"<p>CONSIGUE TU EDUCACI\u00d3N EN CASA Aprendizaje virtual El aprendizaje a distancia puede ser dif\u00edcil por muchas razones, por lo que IE Success proporciona recursos virtuales, d\u00e1ndote las herramientas y la orientaci\u00f3n necesaria para una educaci\u00f3n exitosa en casa. Dominar la educaci\u00f3n en l\u00ednea Comprendemos los retos a los que puedes enfrentarte al adaptarte a nuevas&#8230;<\/p>\n","protected":false},"author":4,"featured_media":1468,"parent":3110,"menu_order":0,"comment_status":"closed","ping_status":"closed","template":"","meta":{"_acf_changed":false,"_kad_blocks_custom_css":"","_kad_blocks_head_custom_js":"","_kad_blocks_body_custom_js":"","_kad_blocks_footer_custom_js":"","_kad_post_transparent":"","_kad_post_title":"","_kad_post_layout":"","_kad_post_sidebar_id":"","_kad_post_content_style":"","_kad_post_vertical_padding":"","_kad_post_feature":"","_kad_post_feature_position":"","_kad_post_header":false,"_kad_post_footer":false,"_kad_post_classname":"","footnotes":""},"class_list":["post-2622","page","type-page","status-publish","has-post-thumbnail","hentry"],"acf":[],"taxonomy_info":[],"featured_image_src_large":["https:\/\/iesuccess.org\/wp-content\/uploads\/2024\/04\/virtual-learning-1-1024x462.jpeg",1024,462,true],"author_info":{"display_name":"IE Success","author_link":"https:\/\/iesuccess.org\/es\/author\/brian\/"},"comment_info":0,"_links":{"self":[{"href":"https:\/\/iesuccess.org\/es\/wp-json\/wp\/v2\/pages\/2622","targetHints":{"allow":["GET"]}}],"collection":[{"href":"https:\/\/iesuccess.org\/es\/wp-json\/wp\/v2\/pages"}],"about":[{"href":"https:\/\/iesuccess.org\/es\/wp-json\/wp\/v2\/types\/page"}],"author":[{"embeddable":true,"href":"https:\/\/iesuccess.org\/es\/wp-json\/wp\/v2\/users\/4"}],"replies":[{"embeddable":true,"href":"https:\/\/iesuccess.org\/es\/wp-json\/wp\/v2\/comments?post=2622"}],"version-history":[{"count":5,"href":"https:\/\/iesuccess.org\/es\/wp-json\/wp\/v2\/pages\/2622\/revisions"}],"predecessor-version":[{"id":4266,"href":"https:\/\/iesuccess.org\/es\/wp-json\/wp\/v2\/pages\/2622\/revisions\/4266"}],"up":[{"embeddable":true,"href":"https:\/\/iesuccess.org\/es\/wp-json\/wp\/v2\/pages\/3110"}],"wp:featuredmedia":[{"embeddable":true,"href":"https:\/\/iesuccess.org\/es\/wp-json\/wp\/v2\/media\/1468"}],"wp:attachment":[{"href":"https:\/\/iesuccess.org\/es\/wp-json\/wp\/v2\/media?parent=2622"}],"curies":[{"name":"wp","href":"https:\/\/api.w.org\/{rel}","templated":true}]}}