{"id":2598,"date":"2024-05-03T12:17:22","date_gmt":"2024-05-03T19:17:22","guid":{"rendered":"https:\/\/iesuccess.org\/politica-de-privacidad\/"},"modified":"2024-09-26T01:46:56","modified_gmt":"2024-09-26T08:46:56","slug":"politica-de-privacidad","status":"publish","type":"page","link":"https:\/\/iesuccess.org\/es\/politica-de-privacidad\/","title":{"rendered":"Poliza de Privacidad"},"content":{"rendered":"<style>.kb-row-layout-id1852_95b7ab-ae > .kt-row-column-wrap{align-content:center;}:where(.kb-row-layout-id1852_95b7ab-ae > .kt-row-column-wrap) > .wp-block-kadence-column{justify-content:center;}.kb-row-layout-id1852_95b7ab-ae > .kt-row-column-wrap{column-gap:var(--global-kb-gap-md, 2rem);row-gap:var(--global-kb-gap-md, 2rem);max-width:var( --global-content-width, 1290px );padding-left:var(--global-content-edge-padding);padding-right:var(--global-content-edge-padding);padding-top:24px;padding-bottom:24px;grid-template-columns:minmax(0, calc(60% - ((var(--global-kb-gap-md, 2rem) * 1 )\/2)))minmax(0, calc(40% - ((var(--global-kb-gap-md, 2rem) * 1 )\/2)));}.kb-row-layout-id1852_95b7ab-ae{background-image:url('https:\/\/iesuccess.org\/wp-content\/uploads\/2024\/05\/Privacy-Img.jpg');background-size:cover;background-position:73% 18%;background-attachment:scroll;background-repeat:no-repeat;}.kb-row-layout-id1852_95b7ab-ae > .kt-row-layout-overlay{opacity:0.30;}.kb-row-layout-id1852_95b7ab-ae ,.kb-row-layout-id1852_95b7ab-ae h1,.kb-row-layout-id1852_95b7ab-ae h2,.kb-row-layout-id1852_95b7ab-ae h3,.kb-row-layout-id1852_95b7ab-ae h4,.kb-row-layout-id1852_95b7ab-ae h5,.kb-row-layout-id1852_95b7ab-ae h6{color:var(--global-palette9, #ffffff);}@media all and (max-width: 1024px){.kb-row-layout-id1852_95b7ab-ae > .kt-row-column-wrap{grid-template-columns:repeat(2, minmax(0, 1fr));}}@media all and (max-width: 767px){.kb-row-layout-id1852_95b7ab-ae > .kt-row-column-wrap{grid-template-columns:minmax(0, 1fr);}}<\/style><div class=\"kb-row-layout-wrap kb-row-layout-id1852_95b7ab-ae alignnone kt-row-has-bg hero hero-angle hero-shorter wp-block-kadence-rowlayout\"><div class=\"kt-row-column-wrap kt-has-2-columns kt-row-layout-equal kt-tab-layout-inherit kt-mobile-layout-row kt-row-valign-middle kb-theme-content-width\">\n<style>.kadence-column1852_1c0714-fe > .kt-inside-inner-col,.kadence-column1852_1c0714-fe > .kt-inside-inner-col:before{border-top-left-radius:0px;border-top-right-radius:0px;border-bottom-right-radius:0px;border-bottom-left-radius:0px;}.kadence-column1852_1c0714-fe > .kt-inside-inner-col{column-gap:var(--global-kb-gap-sm, 1rem);}.kadence-column1852_1c0714-fe > .kt-inside-inner-col{flex-direction:column;}.kadence-column1852_1c0714-fe > .kt-inside-inner-col > .aligncenter{width:100%;}.kadence-column1852_1c0714-fe > .kt-inside-inner-col:before{opacity:0.3;}.kadence-column1852_1c0714-fe{position:relative;}@media all and (max-width: 1024px){.kadence-column1852_1c0714-fe > .kt-inside-inner-col{flex-direction:column;justify-content:center;}}@media all and (max-width: 767px){.kadence-column1852_1c0714-fe > .kt-inside-inner-col{flex-direction:column;justify-content:center;}}<\/style>\n<div class=\"wp-block-kadence-column kadence-column1852_1c0714-fe hero-content\"><div class=\"kt-inside-inner-col\">\n<h1 class=\"wp-block-heading title-decoration heading-underline green\">Poliza de Privacidad<\/h1>\n\n\n\n<p style=\"width:350px;\"> <\/p>\n<\/div><\/div>\n\n\n<style>.kadence-column1852_ce7bb8-e5 > .kt-inside-inner-col,.kadence-column1852_ce7bb8-e5 > .kt-inside-inner-col:before{border-top-left-radius:0px;border-top-right-radius:0px;border-bottom-right-radius:0px;border-bottom-left-radius:0px;}.kadence-column1852_ce7bb8-e5 > .kt-inside-inner-col{column-gap:var(--global-kb-gap-sm, 1rem);}.kadence-column1852_ce7bb8-e5 > .kt-inside-inner-col{flex-direction:column;}.kadence-column1852_ce7bb8-e5 > .kt-inside-inner-col > .aligncenter{width:100%;}.kadence-column1852_ce7bb8-e5 > .kt-inside-inner-col:before{opacity:0.3;}.kadence-column1852_ce7bb8-e5{position:relative;}@media all and (max-width: 1024px){.kadence-column1852_ce7bb8-e5 > .kt-inside-inner-col{flex-direction:column;justify-content:center;}}@media all and (max-width: 767px){.kadence-column1852_ce7bb8-e5 > .kt-inside-inner-col{flex-direction:column;justify-content:center;}}<\/style>\n<div class=\"wp-block-kadence-column kadence-column1852_ce7bb8-e5\"><div class=\"kt-inside-inner-col\"><\/div><\/div>\n\n<\/div><\/div><style>.kb-row-layout-id1852_9a90e7-31 > .kt-row-column-wrap{align-content:start;}:where(.kb-row-layout-id1852_9a90e7-31 > .kt-row-column-wrap) > .wp-block-kadence-column{justify-content:start;}.kb-row-layout-id1852_9a90e7-31 > .kt-row-column-wrap{column-gap:var(--global-kb-gap-md, 2rem);row-gap:var(--global-kb-gap-md, 2rem);max-width:var( --global-content-width, 1290px );padding-left:var(--global-content-edge-padding);padding-right:var(--global-content-edge-padding);padding-top:110px;padding-bottom:150px;grid-template-columns:minmax(0, calc(75% - ((var(--global-kb-gap-md, 2rem) * 1 )\/2)))minmax(0, calc(25% - ((var(--global-kb-gap-md, 2rem) * 1 )\/2)));}.kb-row-layout-id1852_9a90e7-31 > .kt-row-layout-overlay{opacity:0.30;}@media all and (max-width: 1024px){.kb-row-layout-id1852_9a90e7-31 > .kt-row-column-wrap{grid-template-columns:repeat(2, minmax(0, 1fr));}}@media all and (max-width: 767px){.kb-row-layout-id1852_9a90e7-31 > .kt-row-column-wrap{grid-template-columns:minmax(0, 1fr);}}<\/style><div class=\"kb-row-layout-wrap kb-row-layout-id1852_9a90e7-31 alignnone wp-block-kadence-rowlayout\"><div class=\"kt-row-column-wrap kt-has-2-columns kt-row-layout-equal kt-tab-layout-inherit kt-mobile-layout-row kt-row-valign-top kb-theme-content-width\">\n<style>.kadence-column1852_76eacd-8d > .kt-inside-inner-col,.kadence-column1852_76eacd-8d > .kt-inside-inner-col:before{border-top-left-radius:0px;border-top-right-radius:0px;border-bottom-right-radius:0px;border-bottom-left-radius:0px;}.kadence-column1852_76eacd-8d > .kt-inside-inner-col{column-gap:var(--global-kb-gap-sm, 1rem);}.kadence-column1852_76eacd-8d > .kt-inside-inner-col{flex-direction:column;}.kadence-column1852_76eacd-8d > .kt-inside-inner-col > .aligncenter{width:100%;}.kadence-column1852_76eacd-8d > .kt-inside-inner-col:before{opacity:0.3;}.kadence-column1852_76eacd-8d{position:relative;}@media all and (max-width: 1024px){.kadence-column1852_76eacd-8d > .kt-inside-inner-col{flex-direction:column;justify-content:center;}}@media all and (max-width: 767px){.kadence-column1852_76eacd-8d > .kt-inside-inner-col{flex-direction:column;justify-content:center;}}<\/style>\n<div class=\"wp-block-kadence-column kadence-column1852_76eacd-8d privacy-policy\"><div class=\"kt-inside-inner-col\">\n<h2 class=\"wp-block-heading privacy-policy has-large-font-size\">Qui\u00e9nes somos<\/h2>\n\n\n\n<p>El citio web registrado, https:\/\/IEstudents.org, es gestionada por Growing Inland Achievement, una organizaci\u00f3n regional sin fines de lucro de impacto colectivo enfocada en mejorar la econom\u00eda del Inland Empire al aumentar las tasas de logro educativo. Estamos comprometidos a proteger y preservar la privacidad de nuestros visitantes cuando visitan nuestro sitio o se comunican electr\u00f3nicamente con nosotros. Al visitar https:\/\/iesuccess.org, est\u00e1s aceptando y consintiendo las pr\u00e1cticas descritas en esta p\u00f3liza<\/p>\n\n\n\n<p><\/p>\n\n\n\n<h2 class=\"wp-block-heading has-large-font-size\">Qu\u00e9 datos personales colectamos y por qu\u00e9 los colectamos<\/h2>\n\n\n\n<h3 class=\"wp-block-heading has-medium-font-size\">Formularios de contacto<\/h3>\n\n\n\n<p>Puedes proporcionarnos voluntariamente informaci\u00f3n sobre ti al completar formularios en nuestro sitio web. Esto incluye la informaci\u00f3n que proporcionas cuando env\u00edas un formulario de contacto o consulta, u otros formularios que se encuentran en nuestro sitio web. La informaci\u00f3n que nos das puede incluir tu nombre, direcci\u00f3n de correo electr\u00f3nico, n\u00famero de tel\u00e9fono, informaci\u00f3n demogr\u00e1fica e informaci\u00f3n sobre tu nivel educativo.<\/p>\n\n\n\n<h3 class=\"wp-block-heading has-medium-font-size\">Cookies<\/h3>\n\n\n\n<p>Si dejas un comentario en nuestro sitio, puedes optar por guardar tu nombre, direcci\u00f3n de correo electr\u00f3nico y sitio web en cookies. Estas cookies son para tu conveniencia, para que no tengas que volver a completar tus datos cuando dejes otro comentario. Estas cookies durar\u00e1n un a\u00f1o.<\/p>\n\n\n\n<p>Si visitas nuestra p\u00e1gina de inicio de sesi\u00f3n, configuraremos una cookie temporal para determinar si tu navegador acepta cookies. Esta cookie no contiene datos personales y se elimina cuando cierras tu navegador.<\/p>\n\n\n\n<p>Cuando inicias sesi\u00f3n, tambi\u00e9n configuraremos varias cookies para guardar tu informaci\u00f3n de inicio de sesi\u00f3n y tus opciones de pantalla. Las cookies de inicio de sesi\u00f3n duran dos d\u00edas, y las cookies de opciones de pantalla duran un a\u00f1o. Si seleccionas &#8220;Recordarme&#8221;, tu inicio de sesi\u00f3n persistir\u00e1 durante dos semanas. Si cierras sesi\u00f3n en tu cuenta, las cookies de inicio de sesi\u00f3n se eliminar\u00e1n.<\/p>\n\n\n\n<p>Si editas o publicas un art\u00edculo, una cookie adicional se guardar\u00e1 en tu navegador. Esta cookie no incluye datos personales y simplemente indica el ID de la publicaci\u00f3n del art\u00edculo que acabas de editar. Expira despu\u00e9s de un d\u00eda.<\/p>\n\n\n\n<h3 class=\"wp-block-heading has-medium-font-size\">Contenido incrustado de otros sitios web<\/h3>\n\n\n\n<p>Los art\u00edculos en este sitio pueden incluir contenido incrustado (por ejemplo, videos, im\u00e1genes, art\u00edculos, etc.). El contenido incrustado de otros sitios web se comporta de la misma manera que si el visitante hubiera visitado el otro sitio web.<\/p>\n\n\n\n<p>Estos sitios web pueden recopilar datos sobre ti, usar cookies, incrustar un seguimiento adicional de terceros y monitorear tu interacci\u00f3n con ese contenido incrustado, incluido el seguimiento de tu interacci\u00f3n con el contenido incrustado si tienes una cuenta y has iniciado sesi\u00f3n en ese sitio web.<\/p>\n\n\n\n<h3 class=\"wp-block-heading has-medium-font-size\">An\u00e1lisis<\/h3>\n\n\n\n<p>Con respecto a cada una de tus visitas a nuestro sitio web, podemos recopilar autom\u00e1ticamente la siguiente informaci\u00f3n:<\/p>\n\n\n\n<ul class=\"wp-block-list\">\n<li><strong>informaci\u00f3n t\u00e9cnica<\/strong>, incluyendo una versi\u00f3n truncada y anonimizada de tu direcci\u00f3n de protocolo de Internet (IP), tipo y versi\u00f3n de navegador, sistema operativo y plataforma;<\/li>\n\n\n\n<li><strong>informaci\u00f3n sobre tu visita,<\/strong> incluyendo qu\u00e9 p\u00e1ginas visitas, cu\u00e1nto tiempo permaneces en el sitio, c\u00f3mo llegaste al sitio (incluida la fecha y hora); tiempos de respuesta de las p\u00e1ginas, duraci\u00f3n de la visita, en qu\u00e9 haces clic, documentos descargados y errores de descarga.<\/li>\n<\/ul>\n\n\n\n<h2 class=\"wp-block-heading has-large-font-size\">Con qui\u00e9n compartimos tus datos<\/h2>\n\n\n\n<p>Los datos recopilados en este sitio web pueden ser compartidos con empleados de Growing Inland Achievement y sus socios.<\/p>\n\n\n\n<h2 class=\"wp-block-heading has-large-font-size\">Cu\u00e1nto tiempo conservamos tus datos<\/h2>\n\n\n\n<p>Si dejas un comentario, el comentario y sus metadatos se conservan indefinidamente. Esto es para que podamos reconocer y aprobar autom\u00e1ticamente cualquier comentario de seguimiento en lugar de retenerlo en una cola de moderaci\u00f3n. Los datos recibidos a trav\u00e9s de formularios en el sitio web solo se conservan mientras sea necesario para responder a las consultas y brindar servicio y apoyo a los visitantes.<\/p>\n\n\n\n<h2 class=\"wp-block-heading has-large-font-size\">Qu\u00e9 derechos tienes sobre tus datos<\/h2>\n\n\n\n<p>Si tienes una cuenta en este sitio o has dejado comentarios, puedes solicitar recibir un archivo exportado de los datos personales que tenemos sobre ti, incluyendo cualquier dato que nos hayas proporcionado. Tambi\u00e9n puedes solicitar que borremos cualquier dato personal que tengamos sobre ti. Esto no incluye ning\u00fan dato que estemos obligados a mantener por razones administrativas, legales o de seguridad.<\/p>\n\n\n\n<h2 class=\"wp-block-heading has-large-font-size\">D\u00f3nde enviamos tus datos<\/h2>\n\n\n\n<p>Los comentarios de los visitantes pueden ser revisados a trav\u00e9s de un servicio automatizado de detecci\u00f3n de spam.<\/p>\n\n\n\n<h2 class=\"wp-block-heading has-large-font-size\">Nuestros datos de contacto<\/h2>\n\n\n\n<p>N\u00famero de tel\u00e9fono: <a href=\"tel:+19092560011\">909-256-0011<\/a><\/p>\n\n\n\n<p>Correo electr\u00f3nico: <a href=\"mailto:info@inlandempiregia.org\">info@inlandempiregia.org<\/a><\/p>\n\n\n\n<p>Direcci\u00f3n: 10630 Town Center Dr. Ste 105, Rancho Cucamonga, CA 91730<\/p>\n<\/div><\/div>\n\n\n<style>.kadence-column1852_af4f11-71 > .kt-inside-inner-col,.kadence-column1852_af4f11-71 > .kt-inside-inner-col:before{border-top-left-radius:0px;border-top-right-radius:0px;border-bottom-right-radius:0px;border-bottom-left-radius:0px;}.kadence-column1852_af4f11-71 > .kt-inside-inner-col{column-gap:var(--global-kb-gap-sm, 1rem);}.kadence-column1852_af4f11-71 > .kt-inside-inner-col{flex-direction:column;}.kadence-column1852_af4f11-71 > .kt-inside-inner-col > .aligncenter{width:100%;}.kadence-column1852_af4f11-71 > .kt-inside-inner-col:before{opacity:0.3;}.kadence-column1852_af4f11-71{position:relative;}@media all and (max-width: 1024px){.kadence-column1852_af4f11-71 > .kt-inside-inner-col{flex-direction:column;justify-content:center;}}@media all and (max-width: 767px){.kadence-column1852_af4f11-71 > .kt-inside-inner-col{flex-direction:column;justify-content:center;}}<\/style>\n<div class=\"wp-block-kadence-column kadence-column1852_af4f11-71\"><div class=\"kt-inside-inner-col\"><\/div><\/div>\n\n<\/div><\/div>","protected":false},"excerpt":{"rendered":"<p>Poliza de Privacidad Qui\u00e9nes somos El citio web registrado, https:\/\/IEstudents.org, es gestionada por Growing Inland Achievement, una organizaci\u00f3n regional sin fines de lucro de impacto colectivo enfocada en mejorar la econom\u00eda del Inland Empire al aumentar las tasas de logro educativo. Estamos comprometidos a proteger y preservar la privacidad de nuestros visitantes cuando visitan nuestro&#8230;<\/p>\n","protected":false},"author":4,"featured_media":1160,"parent":0,"menu_order":0,"comment_status":"closed","ping_status":"closed","template":"","meta":{"_acf_changed":false,"_kad_blocks_custom_css":"","_kad_blocks_head_custom_js":"","_kad_blocks_body_custom_js":"","_kad_blocks_footer_custom_js":"","_kad_post_transparent":"","_kad_post_title":"","_kad_post_layout":"","_kad_post_sidebar_id":"","_kad_post_content_style":"","_kad_post_vertical_padding":"","_kad_post_feature":"","_kad_post_feature_position":"","_kad_post_header":false,"_kad_post_footer":false,"_kad_post_classname":"","footnotes":""},"class_list":["post-2598","page","type-page","status-publish","has-post-thumbnail","hentry"],"acf":[],"taxonomy_info":[],"featured_image_src_large":["https:\/\/iesuccess.org\/wp-content\/uploads\/2024\/03\/OG-image-about-1024x538.jpg",1024,538,true],"author_info":{"display_name":"IE Success","author_link":"https:\/\/iesuccess.org\/es\/author\/brian\/"},"comment_info":0,"_links":{"self":[{"href":"https:\/\/iesuccess.org\/es\/wp-json\/wp\/v2\/pages\/2598","targetHints":{"allow":["GET"]}}],"collection":[{"href":"https:\/\/iesuccess.org\/es\/wp-json\/wp\/v2\/pages"}],"about":[{"href":"https:\/\/iesuccess.org\/es\/wp-json\/wp\/v2\/types\/page"}],"author":[{"embeddable":true,"href":"https:\/\/iesuccess.org\/es\/wp-json\/wp\/v2\/users\/4"}],"replies":[{"embeddable":true,"href":"https:\/\/iesuccess.org\/es\/wp-json\/wp\/v2\/comments?post=2598"}],"version-history":[{"count":5,"href":"https:\/\/iesuccess.org\/es\/wp-json\/wp\/v2\/pages\/2598\/revisions"}],"predecessor-version":[{"id":4494,"href":"https:\/\/iesuccess.org\/es\/wp-json\/wp\/v2\/pages\/2598\/revisions\/4494"}],"wp:featuredmedia":[{"embeddable":true,"href":"https:\/\/iesuccess.org\/es\/wp-json\/wp\/v2\/media\/1160"}],"wp:attachment":[{"href":"https:\/\/iesuccess.org\/es\/wp-json\/wp\/v2\/media?parent=2598"}],"curies":[{"name":"wp","href":"https:\/\/api.w.org\/{rel}","templated":true}]}}